{"id":4122,"date":"2022-12-22T13:07:26","date_gmt":"2022-12-22T12:07:26","guid":{"rendered":"https:\/\/www.valaz.es\/producto\/robinet-encastrable-pour-lavabo-monocommande-click-clack-dore-brosse-serie-andarax\/"},"modified":"2022-12-22T13:07:26","modified_gmt":"2022-12-22T12:07:26","slug":"grifo-empotrado-de-lavabo-monomando-de-boton-redondo-dorado-cepillado-serie-andarax","status":"publish","type":"product","link":"https:\/\/www.valaz.es\/fr\/produit\/grifo-empotrado-de-lavabo-monomando-de-boton-redondo-dorado-cepillado-serie-andarax\/","title":{"rendered":"Robinet encastrable pour lavabo monocommande click clack dor\u00e9 bross\u00e9 serie Andarax"},"content":{"rendered":"<p>Comprend: Corps du robinet en laiton, cartouche c\u00e9ramique, eau froide et chaude. Bec 21 cm.<\/p>\n<p>Finitions: Dor\u00e9 bross\u00e9<\/p>\n","protected":false},"excerpt":{"rendered":"<p>Comprend: Corps du robinet en laiton, cartouche c\u00e9ramique, eau froide  [&#8230;]<\/p>\n","protected":false},"featured_media":3365,"template":"","meta":[],"product_brand":[],"product_cat":[276,273],"product_tag":[],"serie":[321],"manual-de-instalacion":[217],"color":[297],"class_list":{"0":"post-4122","1":"product","2":"type-product","3":"status-publish","4":"has-post-thumbnail","6":"product_cat-robinets-de-bassin","7":"product_cat-robinets-de-bassin-integres","8":"serie-andarax-fr","9":"manual-de-instalacion-guia-instalacion-grifo-lavabo-empotrado-sin-caja-fr","10":"color-dorado-cepillado-fr","12":"first","13":"instock","14":"taxable","15":"shipping-taxable","16":"product-type-simple"},"_links":{"self":[{"href":"https:\/\/www.valaz.es\/fr\/wp-json\/wp\/v2\/product\/4122","targetHints":{"allow":["GET"]}}],"collection":[{"href":"https:\/\/www.valaz.es\/fr\/wp-json\/wp\/v2\/product"}],"about":[{"href":"https:\/\/www.valaz.es\/fr\/wp-json\/wp\/v2\/types\/product"}],"wp:featuredmedia":[{"embeddable":true,"href":"https:\/\/www.valaz.es\/fr\/wp-json\/wp\/v2\/media\/3365"}],"wp:attachment":[{"href":"https:\/\/www.valaz.es\/fr\/wp-json\/wp\/v2\/media?parent=4122"}],"wp:term":[{"taxonomy":"product_brand","embeddable":true,"href":"https:\/\/www.valaz.es\/fr\/wp-json\/wp\/v2\/product_brand?post=4122"},{"taxonomy":"product_cat","embeddable":true,"href":"https:\/\/www.valaz.es\/fr\/wp-json\/wp\/v2\/product_cat?post=4122"},{"taxonomy":"product_tag","embeddable":true,"href":"https:\/\/www.valaz.es\/fr\/wp-json\/wp\/v2\/product_tag?post=4122"},{"taxonomy":"serie","embeddable":true,"href":"https:\/\/www.valaz.es\/fr\/wp-json\/wp\/v2\/serie?post=4122"},{"taxonomy":"manual-de-instalacion","embeddable":true,"href":"https:\/\/www.valaz.es\/fr\/wp-json\/wp\/v2\/manual-de-instalacion?post=4122"},{"taxonomy":"color","embeddable":true,"href":"https:\/\/www.valaz.es\/fr\/wp-json\/wp\/v2\/color?post=4122"}],"curies":[{"name":"wp","href":"https:\/\/api.w.org\/{rel}","templated":true}]}}