{"id":4071,"date":"2022-11-10T11:46:31","date_gmt":"2022-11-10T10:46:31","guid":{"rendered":"https:\/\/www.valaz.es\/producto\/robinet-lavabo-encastrable-rond-monocommande-dore-brosse-bec-26-cm-serie-guadiana\/"},"modified":"2022-11-10T11:46:31","modified_gmt":"2022-11-10T10:46:31","slug":"grifo-lavabo-empotrado-redondo-monomando-dorado-cepillado-cano-26cm-serie-guadiana","status":"publish","type":"product","link":"https:\/\/www.valaz.es\/fr\/produit\/grifo-lavabo-empotrado-redondo-monomando-dorado-cepillado-cano-26cm-serie-guadiana\/","title":{"rendered":"Robinet lavabo encastrable rond monocommande dor\u00e9 bross\u00e9 bec 26 cm serie Guadiana"},"content":{"rendered":"<p>Comprend : Corps du robinet en laiton, cartouche en c\u00e9ramique, mitigeur eau chaude et froide. Bec 26 cm<\/p>\n<p><span class=\"a-list-item\">Finitions: dor\u00e9 bross\u00e9.<\/span><\/p>\n","protected":false},"excerpt":{"rendered":"<p>Comprend : Corps du robinet en laiton, cartouche en c\u00e9ramique,  [&#8230;]<\/p>\n","protected":false},"featured_media":2115,"template":"","meta":[],"product_brand":[],"product_cat":[276,273],"product_tag":[],"serie":[153],"manual-de-instalacion":[217],"color":[297],"class_list":{"0":"post-4071","1":"product","2":"type-product","3":"status-publish","4":"has-post-thumbnail","6":"product_cat-robinets-de-bassin","7":"product_cat-robinets-de-bassin-integres","8":"serie-guadiana-fr","9":"manual-de-instalacion-guia-instalacion-grifo-lavabo-empotrado-sin-caja-fr","10":"color-dorado-cepillado-fr","12":"first","13":"instock","14":"taxable","15":"shipping-taxable","16":"product-type-simple"},"_links":{"self":[{"href":"https:\/\/www.valaz.es\/fr\/wp-json\/wp\/v2\/product\/4071","targetHints":{"allow":["GET"]}}],"collection":[{"href":"https:\/\/www.valaz.es\/fr\/wp-json\/wp\/v2\/product"}],"about":[{"href":"https:\/\/www.valaz.es\/fr\/wp-json\/wp\/v2\/types\/product"}],"wp:featuredmedia":[{"embeddable":true,"href":"https:\/\/www.valaz.es\/fr\/wp-json\/wp\/v2\/media\/2115"}],"wp:attachment":[{"href":"https:\/\/www.valaz.es\/fr\/wp-json\/wp\/v2\/media?parent=4071"}],"wp:term":[{"taxonomy":"product_brand","embeddable":true,"href":"https:\/\/www.valaz.es\/fr\/wp-json\/wp\/v2\/product_brand?post=4071"},{"taxonomy":"product_cat","embeddable":true,"href":"https:\/\/www.valaz.es\/fr\/wp-json\/wp\/v2\/product_cat?post=4071"},{"taxonomy":"product_tag","embeddable":true,"href":"https:\/\/www.valaz.es\/fr\/wp-json\/wp\/v2\/product_tag?post=4071"},{"taxonomy":"serie","embeddable":true,"href":"https:\/\/www.valaz.es\/fr\/wp-json\/wp\/v2\/serie?post=4071"},{"taxonomy":"manual-de-instalacion","embeddable":true,"href":"https:\/\/www.valaz.es\/fr\/wp-json\/wp\/v2\/manual-de-instalacion?post=4071"},{"taxonomy":"color","embeddable":true,"href":"https:\/\/www.valaz.es\/fr\/wp-json\/wp\/v2\/color?post=4071"}],"curies":[{"name":"wp","href":"https:\/\/api.w.org\/{rel}","templated":true}]}}