{"id":3906,"date":"2023-01-19T12:25:29","date_gmt":"2023-01-19T11:25:29","guid":{"rendered":"https:\/\/www.valaz.es\/?post_type=product&#038;p=3906"},"modified":"2025-08-01T10:54:16","modified_gmt":"2025-08-01T08:54:16","slug":"ducha-encastrada-banera-a-pared-cromo-serie-tajo","status":"publish","type":"product","link":"https:\/\/www.valaz.es\/fr\/produit\/ducha-encastrada-banera-a-pared-cromo-serie-tajo\/","title":{"rendered":"Ducha encastrada ba\u00f1era a pared cromo &#8211; Serie tajo"},"content":{"rendered":"<p class=\"\" data-start=\"192\" data-end=\"508\">Sistema de ducha empotrada dise\u00f1ado para ba\u00f1era, con l\u00edneas limpias y acabados cromados. Incorpora un rociador de efecto lluvia, alcachofa de mano y ca\u00f1o de ba\u00f1era, ofreciendo una experiencia completa y funcional en el ba\u00f1o. Su dise\u00f1o moderno encaja perfectamente en cualquier estilo de decoraci\u00f3n.<\/p>\n<p class=\"\" data-start=\"510\" data-end=\"532\"><strong data-start=\"510\" data-end=\"530\">Especificaciones<\/strong><\/p>\n<ul data-start=\"533\" data-end=\"882\">\n<li class=\"\" data-start=\"533\" data-end=\"575\">\n<p class=\"\" data-start=\"535\" data-end=\"575\">Tipo de instalaci\u00f3n: empotrada a pared<\/p>\n<\/li>\n<li class=\"\" data-start=\"576\" data-end=\"596\">\n<p class=\"\" data-start=\"578\" data-end=\"596\">Acabado: cromado<\/p>\n<\/li>\n<li class=\"\" data-start=\"597\" data-end=\"664\">\n<p class=\"\" data-start=\"599\" data-end=\"664\">Monomando: 3 v\u00edas (rociador, alcachofa de mano, ca\u00f1o de ba\u00f1era)<\/p>\n<\/li>\n<li class=\"\" data-start=\"665\" data-end=\"731\">\n<p class=\"\" data-start=\"667\" data-end=\"731\">Tama\u00f1os de rociador disponibles: 20&#215;20, 25&#215;25, 30&#215;30, 40&#215;40 cm<\/p>\n<\/li>\n<li class=\"\" data-start=\"732\" data-end=\"762\">\n<p class=\"\" data-start=\"734\" data-end=\"762\">Rociador: acero inoxidable<\/p>\n<\/li>\n<li class=\"\" data-start=\"763\" data-end=\"783\">\n<p class=\"\" data-start=\"765\" data-end=\"783\">Monomando: lat\u00f3n<\/p>\n<\/li>\n<li class=\"\" data-start=\"784\" data-end=\"810\">\n<p class=\"\" data-start=\"786\" data-end=\"810\">Alcachofa de mano: lat\u00f3n<\/p>\n<\/li>\n<li class=\"\" data-start=\"811\" data-end=\"844\">\n<p class=\"\" data-start=\"813\" data-end=\"844\">Ca\u00f1o de ba\u00f1era: lat\u00f3n cromado<\/p>\n<\/li>\n<li class=\"\" data-start=\"845\" data-end=\"882\">\n<p class=\"\" data-start=\"847\" data-end=\"882\">Flexo: acero inoxidable de 150 cm<\/p>\n<\/li>\n<li data-start=\"845\" data-end=\"882\">Incluye caja box empotrable<\/li>\n<\/ul>\n<p class=\"\" data-start=\"884\" data-end=\"899\"><strong data-start=\"884\" data-end=\"897\">Funciones<\/strong><\/p>\n<ul data-start=\"900\" data-end=\"965\">\n<li class=\"\" data-start=\"900\" data-end=\"926\">\n<p class=\"\" data-start=\"902\" data-end=\"926\">Rociador efecto lluvia<\/p>\n<\/li>\n<li class=\"\" data-start=\"927\" data-end=\"948\">\n<p class=\"\" data-start=\"929\" data-end=\"948\">Alcachofa de mano<\/p>\n<\/li>\n<li class=\"\" data-start=\"949\" data-end=\"965\">\n<p class=\"\" data-start=\"951\" data-end=\"965\">Ca\u00f1o de ba\u00f1era<\/p>\n<\/li>\n<\/ul>\n","protected":false},"excerpt":{"rendered":"<p>Serie Tajo l\u00edneas rectas y cuadradas que aportan estilo y dise\u00f1o a cualquier ba\u00f1o. Actualmente disponemos de diferentes acabados cromado, dorado cepillado, negro mate. Tenemos Ducha empotradas cuadrada a techo y pared, grifo empotrado a pared, grifo de bid\u00e9 empotrado.<\/p>\n<p>&nbsp;<\/p>\n<p>La garant\u00eda de todos nuestros productos es de 3 a\u00f1os, para funcionamiento, duraci\u00f3n del esmaltado y anticorrosi\u00f3n.<\/p>\n<p>Recomendamos para un correcto mantenimiento de la grifer\u00eda y evitar el deterioro por el uso. Secar las gotas de agua con un pa\u00f1o suave despu\u00e9s del uso, evitando que se posen en la superficie y deterioran el acabado, no utilizar esponjas que puedan rayar la grifer\u00eda, utilizar limpiadores como vinagre limpieza, agua caliente y jab\u00f3n con ph neutro.<\/p>\n<p>&nbsp;<\/p>\n<p>Nuestro departamento t\u00e9cnico dispone de gu\u00edas de todos los modelos empotrados que vendemos, si tiene alguna duda con la instalaci\u00f3n contacte con nosotros mediante tel\u00e9fono, WhatsApp o email dentro del horario laboral indicado en la web.<\/p>\n<p>Recuerden que una vez instalado el cuerpo empotrado de la grifer\u00eda revisar de su correcto funcionamiento de paso de agua, comprobaci\u00f3n de cartuchos y corte de agua, si detecta alguna anomal\u00eda informe a nuestro departamento para darle una soluci\u00f3n, no contin\u00fae con la instalaci\u00f3n de cerramiento de la pared.<\/p>\n","protected":false},"featured_media":3954,"template":"","meta":[],"product_brand":[],"product_cat":[57,60,61],"product_tag":[],"serie":[23],"manual-de-instalacion":[],"color":[],"class_list":{"0":"post-3906","1":"product","2":"type-product","3":"status-publish","4":"has-post-thumbnail","6":"product_cat-duchas-empotradas","7":"product_cat-griferia-de-banera","8":"product_cat-griferia-de-banera-empotrada","9":"pa_tamano-rociador-20cm","10":"pa_tamano-rociador-25cm","11":"pa_tamano-rociador-30cm","12":"pa_tamano-rociador-40cm","13":"serie-tajo","15":"first","16":"instock","17":"taxable","18":"shipping-taxable","19":"product-type-variable"},"_links":{"self":[{"href":"https:\/\/www.valaz.es\/fr\/wp-json\/wp\/v2\/product\/3906","targetHints":{"allow":["GET"]}}],"collection":[{"href":"https:\/\/www.valaz.es\/fr\/wp-json\/wp\/v2\/product"}],"about":[{"href":"https:\/\/www.valaz.es\/fr\/wp-json\/wp\/v2\/types\/product"}],"wp:featuredmedia":[{"embeddable":true,"href":"https:\/\/www.valaz.es\/fr\/wp-json\/wp\/v2\/media\/3954"}],"wp:attachment":[{"href":"https:\/\/www.valaz.es\/fr\/wp-json\/wp\/v2\/media?parent=3906"}],"wp:term":[{"taxonomy":"product_brand","embeddable":true,"href":"https:\/\/www.valaz.es\/fr\/wp-json\/wp\/v2\/product_brand?post=3906"},{"taxonomy":"product_cat","embeddable":true,"href":"https:\/\/www.valaz.es\/fr\/wp-json\/wp\/v2\/product_cat?post=3906"},{"taxonomy":"product_tag","embeddable":true,"href":"https:\/\/www.valaz.es\/fr\/wp-json\/wp\/v2\/product_tag?post=3906"},{"taxonomy":"serie","embeddable":true,"href":"https:\/\/www.valaz.es\/fr\/wp-json\/wp\/v2\/serie?post=3906"},{"taxonomy":"manual-de-instalacion","embeddable":true,"href":"https:\/\/www.valaz.es\/fr\/wp-json\/wp\/v2\/manual-de-instalacion?post=3906"},{"taxonomy":"color","embeddable":true,"href":"https:\/\/www.valaz.es\/fr\/wp-json\/wp\/v2\/color?post=3906"}],"curies":[{"name":"wp","href":"https:\/\/api.w.org\/{rel}","templated":true}]}}