{"id":20383,"date":"2026-01-15T15:30:23","date_gmt":"2026-01-15T14:30:23","guid":{"rendered":"https:\/\/www.valaz.es\/?post_type=product&#038;p=20383"},"modified":"2026-03-20T17:45:46","modified_gmt":"2026-03-20T16:45:46","slug":"grifo-de-cocina-monomando-3-vias-redondo-con-osmosis-y-extraible-en-acero-cepillado-serie-vernisa","status":"publish","type":"product","link":"https:\/\/www.valaz.es\/fr\/produit\/grifo-de-cocina-monomando-3-vias-redondo-con-osmosis-y-extraible-en-acero-cepillado-serie-vernisa\/","title":{"rendered":"Grifo de cocina monomando 3 v\u00edas redondo  con osmosis  y extra\u00edble en acero cepillado serie Vernisa"},"content":{"rendered":"<p class=\"\" data-start=\"74\" data-end=\"457\">Este grifo de cocina de 3 v\u00edas, con salida para agua fr\u00eda, agua caliente y \u00f3smosis y extra\u00edble.\u00a0 combina funcionalidad y elegancia. Su dise\u00f1o redondo y el acabado en cromado ofrecen un toque de lujo a tu cocina, ideal para quienes buscan eficiencia y un estilo sofisticado. El ca\u00f1o giratorio de 360\u00ba permite un manejo f\u00e1cil y c\u00f3modo de todos los espacios del fregadero.<\/p>\n<p>El cabezal del ca\u00f1o lleva integrado dos salidas separadas: una para agua corriente, que se activa con la maneta, y otra para agua de \u00f3smosis, que se acciona girando el cabezal hacia un lado.<\/p>\n<p class=\"\" data-start=\"459\" data-end=\"481\"><strong data-start=\"459\" data-end=\"479\">Especificaciones<\/strong><\/p>\n<ul data-start=\"482\" data-end=\"693\">\n<li class=\"\" data-start=\"482\" data-end=\"518\">\n<p class=\"\" data-start=\"484\" data-end=\"518\"><strong data-start=\"484\" data-end=\"510\">Cuerpo de la grifer\u00eda:<\/strong>\u00a0Lat\u00f3n<\/p>\n<\/li>\n<li class=\"\" data-start=\"519\" data-end=\"559\">\n<p class=\"\" data-start=\"521\" data-end=\"559\"><strong data-start=\"521\" data-end=\"534\">Cartucho:<\/strong> \u00d8 35mm<\/p>\n<\/li>\n<li class=\"\" data-start=\"560\" data-end=\"630\">\n<p class=\"\" data-start=\"562\" data-end=\"630\"><strong data-start=\"562\" data-end=\"587\">Manguera de conexi\u00f3n:<\/strong>\u00a03\/8\u201d + 1\/2\u201d de acero inoxidable con DVGW<\/p>\n<\/li>\n<li class=\"\" data-start=\"631\" data-end=\"659\">\n<p class=\"\" data-start=\"633\" data-end=\"659\"><strong data-start=\"633\" data-end=\"642\">Ca\u00f1o:<\/strong>\u00a0Giratorio 360\u00ba<\/p>\n<\/li>\n<li class=\"\" data-start=\"660\" data-end=\"693\">\n<p class=\"\" data-start=\"662\" data-end=\"693\"><strong data-start=\"662\" data-end=\"674\">Acabado:<\/strong> Acero cepillado<\/p>\n<\/li>\n<li><strong data-start=\"648\" data-end=\"670\">Sistema de \u00f3smosis<\/strong>: El sistema de \u00f3smosis no viene incluido en el producto, solo se incluye el grifo con el latiguillo y tienen una longitud de 50 cm..<\/li>\n<\/ul>\n","protected":false},"excerpt":{"rendered":"<p>Este grifo de cocina de 3 v\u00edas, con salida para  [&#8230;]<\/p>\n","protected":false},"featured_media":20431,"template":"","meta":[],"product_brand":[],"product_cat":[50],"product_tag":[],"serie":[414],"manual-de-instalacion":[],"color":[28],"class_list":{"0":"post-20383","1":"product","2":"type-product","3":"status-publish","4":"has-post-thumbnail","6":"product_cat-grifos-de-cocina","7":"serie-vernisa","8":"color-acero-cepillado","10":"first","11":"instock","12":"taxable","13":"shipping-taxable","14":"product-type-simple"},"_links":{"self":[{"href":"https:\/\/www.valaz.es\/fr\/wp-json\/wp\/v2\/product\/20383","targetHints":{"allow":["GET"]}}],"collection":[{"href":"https:\/\/www.valaz.es\/fr\/wp-json\/wp\/v2\/product"}],"about":[{"href":"https:\/\/www.valaz.es\/fr\/wp-json\/wp\/v2\/types\/product"}],"wp:featuredmedia":[{"embeddable":true,"href":"https:\/\/www.valaz.es\/fr\/wp-json\/wp\/v2\/media\/20431"}],"wp:attachment":[{"href":"https:\/\/www.valaz.es\/fr\/wp-json\/wp\/v2\/media?parent=20383"}],"wp:term":[{"taxonomy":"product_brand","embeddable":true,"href":"https:\/\/www.valaz.es\/fr\/wp-json\/wp\/v2\/product_brand?post=20383"},{"taxonomy":"product_cat","embeddable":true,"href":"https:\/\/www.valaz.es\/fr\/wp-json\/wp\/v2\/product_cat?post=20383"},{"taxonomy":"product_tag","embeddable":true,"href":"https:\/\/www.valaz.es\/fr\/wp-json\/wp\/v2\/product_tag?post=20383"},{"taxonomy":"serie","embeddable":true,"href":"https:\/\/www.valaz.es\/fr\/wp-json\/wp\/v2\/serie?post=20383"},{"taxonomy":"manual-de-instalacion","embeddable":true,"href":"https:\/\/www.valaz.es\/fr\/wp-json\/wp\/v2\/manual-de-instalacion?post=20383"},{"taxonomy":"color","embeddable":true,"href":"https:\/\/www.valaz.es\/fr\/wp-json\/wp\/v2\/color?post=20383"}],"curies":[{"name":"wp","href":"https:\/\/api.w.org\/{rel}","templated":true}]}}