{"id":19946,"date":"2025-12-17T16:19:27","date_gmt":"2025-12-17T15:19:27","guid":{"rendered":"https:\/\/www.valaz.es\/?post_type=product&#038;p=19946"},"modified":"2026-02-04T11:23:09","modified_gmt":"2026-02-04T10:23:09","slug":"barra-de-ducha-banera-monomando-redonda-ajustable-hasta-150cm-negro-mate-serie-viar","status":"publish","type":"product","link":"https:\/\/www.valaz.es\/fr\/produit\/barra-de-ducha-banera-monomando-redonda-ajustable-hasta-150cm-negro-mate-serie-viar\/","title":{"rendered":"Barra de ducha\/ba\u00f1era monomando redonda ajustable hasta 150CM negro mate &#8211; Serie Viar"},"content":{"rendered":"<p class=\"\" data-start=\"64\" data-end=\"246\">Barra de ducha\/ba\u00f1era monomando con dise\u00f1o redondo y acabado negro mate, ideal para un ba\u00f1o moderno y elegante. La altura es ajustable para adaptarse a tus necesidades.<\/p>\n<p class=\"\" data-start=\"248\" data-end=\"271\"><strong data-start=\"248\" data-end=\"268\">Especificaciones<\/strong>:<\/p>\n<ul data-start=\"272\" data-end=\"562\" data-is-last-node=\"\" data-is-only-node=\"\">\n<li class=\"\" data-start=\"272\" data-end=\"310\">\n<p class=\"\" data-start=\"274\" data-end=\"310\"><strong data-start=\"274\" data-end=\"282\">Tipo<\/strong>: Barra de ducha\/ba\u00f1era monomando<\/p>\n<\/li>\n<li class=\"\" data-start=\"311\" data-end=\"410\">\n<p class=\"\" data-start=\"313\" data-end=\"410\"><strong data-start=\"313\" data-end=\"327\">Materiales<\/strong>: Cuerpo en lat\u00f3n, rociador y flexo en acero inoxidable, alcachofa de mano en PVC<\/p>\n<\/li>\n<li class=\"\" data-start=\"411\" data-end=\"438\">\n<p class=\"\" data-start=\"413\" data-end=\"438\"><strong data-start=\"413\" data-end=\"424\">Acabado<\/strong>: Negro mate<\/p>\n<\/li>\n<li class=\"\" data-start=\"439\" data-end=\"482\">\n<p class=\"\" data-start=\"441\" data-end=\"482\"><strong data-start=\"441\" data-end=\"461\">Altura ajustable<\/strong>: De 90 cm a 150 cm<\/p>\n<\/li>\n<li class=\"\" data-start=\"483\" data-end=\"535\">\n<p class=\"\" data-start=\"485\" data-end=\"535\"><strong data-start=\"485\" data-end=\"498\">Funciones<\/strong>: Rociador fijo y alcachofa de mano<\/p>\n<\/li>\n<li class=\"\" data-start=\"536\" data-end=\"562\">\n<p class=\"\" data-start=\"538\" data-end=\"562\"><strong data-start=\"649\" data-end=\"665\">Instalaci\u00f3n:<\/strong> De pared, con separaci\u00f3n est\u00e1ndar de 15 cm entre tomas<\/p>\n<\/li>\n<\/ul>\n","protected":false},"excerpt":{"rendered":"<p>Barra de ducha\/ba\u00f1era monomando con dise\u00f1o redondo y acabado negro  [&#8230;]<\/p>\n","protected":false},"featured_media":19941,"template":"","meta":[],"product_brand":[],"product_cat":[55],"product_tag":[],"serie":[381],"manual-de-instalacion":[],"color":[27],"class_list":{"0":"post-19946","1":"product","2":"type-product","3":"status-publish","4":"has-post-thumbnail","6":"product_cat-barras-de-ducha","7":"pa_tamano-rociador-20cm","8":"pa_tamano-rociador-25cm","9":"pa_tamano-rociador-30cm","10":"serie-viar","11":"color-negro-mate","13":"first","14":"instock","15":"taxable","16":"shipping-taxable","17":"product-type-variable"},"_links":{"self":[{"href":"https:\/\/www.valaz.es\/fr\/wp-json\/wp\/v2\/product\/19946","targetHints":{"allow":["GET"]}}],"collection":[{"href":"https:\/\/www.valaz.es\/fr\/wp-json\/wp\/v2\/product"}],"about":[{"href":"https:\/\/www.valaz.es\/fr\/wp-json\/wp\/v2\/types\/product"}],"wp:featuredmedia":[{"embeddable":true,"href":"https:\/\/www.valaz.es\/fr\/wp-json\/wp\/v2\/media\/19941"}],"wp:attachment":[{"href":"https:\/\/www.valaz.es\/fr\/wp-json\/wp\/v2\/media?parent=19946"}],"wp:term":[{"taxonomy":"product_brand","embeddable":true,"href":"https:\/\/www.valaz.es\/fr\/wp-json\/wp\/v2\/product_brand?post=19946"},{"taxonomy":"product_cat","embeddable":true,"href":"https:\/\/www.valaz.es\/fr\/wp-json\/wp\/v2\/product_cat?post=19946"},{"taxonomy":"product_tag","embeddable":true,"href":"https:\/\/www.valaz.es\/fr\/wp-json\/wp\/v2\/product_tag?post=19946"},{"taxonomy":"serie","embeddable":true,"href":"https:\/\/www.valaz.es\/fr\/wp-json\/wp\/v2\/serie?post=19946"},{"taxonomy":"manual-de-instalacion","embeddable":true,"href":"https:\/\/www.valaz.es\/fr\/wp-json\/wp\/v2\/manual-de-instalacion?post=19946"},{"taxonomy":"color","embeddable":true,"href":"https:\/\/www.valaz.es\/fr\/wp-json\/wp\/v2\/color?post=19946"}],"curies":[{"name":"wp","href":"https:\/\/api.w.org\/{rel}","templated":true}]}}