{"id":19929,"date":"2025-12-17T16:06:16","date_gmt":"2025-12-17T15:06:16","guid":{"rendered":"https:\/\/www.valaz.es\/?post_type=product&#038;p=19929"},"modified":"2025-12-17T16:13:05","modified_gmt":"2025-12-17T15:13:05","slug":"barra-de-ducha-banera-monomando-redonda-ajustable-hasta-150cm-cromada-serie-viar","status":"publish","type":"product","link":"https:\/\/www.valaz.es\/fr\/produit\/barra-de-ducha-banera-monomando-redonda-ajustable-hasta-150cm-cromada-serie-viar\/","title":{"rendered":"Barra de ducha\/ba\u00f1era monomando redonda ajustable hasta 150CM cromada &#8211; Serie Viar"},"content":{"rendered":"<p class=\"\" data-start=\"59\" data-end=\"250\">Barra de ducha\/ ba\u00f1era monomando con dise\u00f1o redondo y acabado cromado, perfecta para un estilo moderno y brillante en tu ba\u00f1o. Su barra es ajustable en altura para mayor comodidad.<\/p>\n<p class=\"\" data-start=\"252\" data-end=\"275\"><strong data-start=\"252\" data-end=\"272\">Especificaciones<\/strong>:<\/p>\n<ul data-start=\"276\" data-end=\"563\" data-is-last-node=\"\" data-is-only-node=\"\">\n<li class=\"\" data-start=\"276\" data-end=\"314\">\n<p class=\"\" data-start=\"278\" data-end=\"314\"><strong data-start=\"278\" data-end=\"286\">Tipo<\/strong>: Barra de ducha monomando<\/p>\n<\/li>\n<li class=\"\" data-start=\"315\" data-end=\"414\">\n<p class=\"\" data-start=\"317\" data-end=\"414\"><strong data-start=\"317\" data-end=\"331\">Materiales<\/strong>: Cuerpo en lat\u00f3n, rociador y flexo en acero inoxidable, alcachofa de mano en PVC<\/p>\n<\/li>\n<li class=\"\" data-start=\"415\" data-end=\"439\">\n<p class=\"\" data-start=\"417\" data-end=\"439\"><strong data-start=\"417\" data-end=\"428\">Acabado<\/strong>: Cromado<\/p>\n<\/li>\n<li class=\"\" data-start=\"440\" data-end=\"483\">\n<p class=\"\" data-start=\"442\" data-end=\"483\"><strong data-start=\"442\" data-end=\"462\">Altura ajustable<\/strong>: De 90 cm a 150 cm<\/p>\n<\/li>\n<li class=\"\" data-start=\"484\" data-end=\"536\">\n<p class=\"\" data-start=\"486\" data-end=\"536\"><strong data-start=\"486\" data-end=\"499\">Funciones<\/strong>: Rociador fijo y alcachofa de mano<\/p>\n<\/li>\n<li class=\"\" data-start=\"537\" data-end=\"563\">\n<p class=\"\" data-start=\"539\" data-end=\"563\"><strong data-start=\"649\" data-end=\"665\">Instalaci\u00f3n:<\/strong> De pared, con separaci\u00f3n est\u00e1ndar de 15 cm entre tomas<\/p>\n<\/li>\n<\/ul>\n","protected":false},"excerpt":{"rendered":"<p>Barra de ducha\/ ba\u00f1era monomando con dise\u00f1o redondo y acabado  [&#8230;]<\/p>\n","protected":false},"featured_media":19937,"template":"","meta":[],"product_brand":[],"product_cat":[55],"product_tag":[],"serie":[381],"manual-de-instalacion":[],"color":[26],"class_list":{"0":"post-19929","1":"product","2":"type-product","3":"status-publish","4":"has-post-thumbnail","6":"product_cat-barras-de-ducha","7":"pa_tamano-rociador-20cm","8":"pa_tamano-rociador-25cm","9":"pa_tamano-rociador-30cm","10":"serie-viar","11":"color-cromo","13":"first","14":"instock","15":"taxable","16":"shipping-taxable","17":"product-type-variable"},"_links":{"self":[{"href":"https:\/\/www.valaz.es\/fr\/wp-json\/wp\/v2\/product\/19929","targetHints":{"allow":["GET"]}}],"collection":[{"href":"https:\/\/www.valaz.es\/fr\/wp-json\/wp\/v2\/product"}],"about":[{"href":"https:\/\/www.valaz.es\/fr\/wp-json\/wp\/v2\/types\/product"}],"wp:featuredmedia":[{"embeddable":true,"href":"https:\/\/www.valaz.es\/fr\/wp-json\/wp\/v2\/media\/19937"}],"wp:attachment":[{"href":"https:\/\/www.valaz.es\/fr\/wp-json\/wp\/v2\/media?parent=19929"}],"wp:term":[{"taxonomy":"product_brand","embeddable":true,"href":"https:\/\/www.valaz.es\/fr\/wp-json\/wp\/v2\/product_brand?post=19929"},{"taxonomy":"product_cat","embeddable":true,"href":"https:\/\/www.valaz.es\/fr\/wp-json\/wp\/v2\/product_cat?post=19929"},{"taxonomy":"product_tag","embeddable":true,"href":"https:\/\/www.valaz.es\/fr\/wp-json\/wp\/v2\/product_tag?post=19929"},{"taxonomy":"serie","embeddable":true,"href":"https:\/\/www.valaz.es\/fr\/wp-json\/wp\/v2\/serie?post=19929"},{"taxonomy":"manual-de-instalacion","embeddable":true,"href":"https:\/\/www.valaz.es\/fr\/wp-json\/wp\/v2\/manual-de-instalacion?post=19929"},{"taxonomy":"color","embeddable":true,"href":"https:\/\/www.valaz.es\/fr\/wp-json\/wp\/v2\/color?post=19929"}],"curies":[{"name":"wp","href":"https:\/\/api.w.org\/{rel}","templated":true}]}}