{"id":19403,"date":"2025-09-26T13:59:27","date_gmt":"2025-09-26T11:59:27","guid":{"rendered":"https:\/\/www.valaz.es\/?post_type=product&#038;p=19403"},"modified":"2025-10-01T09:28:47","modified_gmt":"2025-10-01T07:28:47","slug":"grifo-de-bide-monomando-negro-mate-serie-valdivia","status":"publish","type":"product","link":"https:\/\/www.valaz.es\/fr\/produit\/grifo-de-bide-monomando-negro-mate-serie-valdivia\/","title":{"rendered":"Grifo de bid\u00e9 monomando negro mate &#8211; Serie Valdivia"},"content":{"rendered":"<p data-start=\"350\" data-end=\"612\">El grifo monomando de bid\u00e9 <strong data-start=\"377\" data-end=\"395\">Serie Valdivia<\/strong> combina un dise\u00f1o compacto y redondeado con la funcionalidad que requiere el uso diario. Su acabado <strong data-start=\"496\" data-end=\"517\">negro mate <\/strong>aporta un toque moderno y elegante, a la vez que es f\u00e1cil de limpiar y resistente al desgaste.<\/p>\n<p data-start=\"614\" data-end=\"896\">Gracias a su <strong data-start=\"627\" data-end=\"651\">monomando ergon\u00f3mico<\/strong>, ofrece un control c\u00f3modo y preciso del caudal y la temperatura. Su ca\u00f1o orientable permite una mayor comodidad y adaptaci\u00f3n al uso del bid\u00e9. Fabricado con materiales de alta calidad, garantiza durabilidad, higiene y estilo en un solo producto.<\/p>\n<ul>\n<li data-start=\"941\" data-end=\"1283\"><strong data-start=\"943\" data-end=\"975\">Dise\u00f1o redondeado y compacto<\/strong>, ideal para ba\u00f1os contempor\u00e1neos<\/li>\n<li data-start=\"941\" data-end=\"1283\"><strong data-start=\"1013\" data-end=\"1042\">Acabado negro mate<\/strong>, f\u00e1cil de limpiar y resistente a la humedad<\/li>\n<li data-start=\"941\" data-end=\"1283\"><strong data-start=\"1091\" data-end=\"1115\">Monomando ergon\u00f3mico<\/strong>, control fluido de temperatura y caudal<\/li>\n<li data-start=\"941\" data-end=\"1283\"><strong data-start=\"1160\" data-end=\"1179\">Ca\u00f1o orientable<\/strong>, mayor versatilidad y comodidad de uso<\/li>\n<li data-start=\"941\" data-end=\"1283\"><strong data-start=\"1223\" data-end=\"1247\">Instalaci\u00f3n est\u00e1ndar<\/strong>, compatible con la mayor\u00eda de bid\u00e9s<\/li>\n<\/ul>\n","protected":false},"excerpt":{"rendered":"<p>El grifo monomando de bid\u00e9 Serie Valdivia combina un dise\u00f1o  [&#8230;]<\/p>\n","protected":false},"featured_media":19397,"template":"","meta":[],"product_brand":[],"product_cat":[54],"product_tag":[],"serie":[409],"manual-de-instalacion":[],"color":[],"class_list":{"0":"post-19403","1":"product","2":"type-product","3":"status-publish","4":"has-post-thumbnail","6":"product_cat-grifos-de-bidet","7":"serie-valdivia","9":"first","10":"instock","11":"taxable","12":"shipping-taxable","13":"product-type-simple"},"_links":{"self":[{"href":"https:\/\/www.valaz.es\/fr\/wp-json\/wp\/v2\/product\/19403","targetHints":{"allow":["GET"]}}],"collection":[{"href":"https:\/\/www.valaz.es\/fr\/wp-json\/wp\/v2\/product"}],"about":[{"href":"https:\/\/www.valaz.es\/fr\/wp-json\/wp\/v2\/types\/product"}],"wp:featuredmedia":[{"embeddable":true,"href":"https:\/\/www.valaz.es\/fr\/wp-json\/wp\/v2\/media\/19397"}],"wp:attachment":[{"href":"https:\/\/www.valaz.es\/fr\/wp-json\/wp\/v2\/media?parent=19403"}],"wp:term":[{"taxonomy":"product_brand","embeddable":true,"href":"https:\/\/www.valaz.es\/fr\/wp-json\/wp\/v2\/product_brand?post=19403"},{"taxonomy":"product_cat","embeddable":true,"href":"https:\/\/www.valaz.es\/fr\/wp-json\/wp\/v2\/product_cat?post=19403"},{"taxonomy":"product_tag","embeddable":true,"href":"https:\/\/www.valaz.es\/fr\/wp-json\/wp\/v2\/product_tag?post=19403"},{"taxonomy":"serie","embeddable":true,"href":"https:\/\/www.valaz.es\/fr\/wp-json\/wp\/v2\/serie?post=19403"},{"taxonomy":"manual-de-instalacion","embeddable":true,"href":"https:\/\/www.valaz.es\/fr\/wp-json\/wp\/v2\/manual-de-instalacion?post=19403"},{"taxonomy":"color","embeddable":true,"href":"https:\/\/www.valaz.es\/fr\/wp-json\/wp\/v2\/color?post=19403"}],"curies":[{"name":"wp","href":"https:\/\/api.w.org\/{rel}","templated":true}]}}