{"id":16245,"date":"2025-04-01T12:02:25","date_gmt":"2025-04-01T10:02:25","guid":{"rendered":"https:\/\/www.valaz.es\/?post_type=product&#038;p=16245"},"modified":"2025-10-05T13:54:22","modified_gmt":"2025-10-05T11:54:22","slug":"ducha-empotrada-hidromasaje-con-6-jets-a-pared-cuadrada-dorado-cepillado-serie-tajo","status":"publish","type":"product","link":"https:\/\/www.valaz.es\/fr\/produit\/ducha-empotrada-hidromasaje-con-6-jets-a-pared-cuadrada-dorado-cepillado-serie-tajo\/","title":{"rendered":"Ducha empotrada hidromasaje con 6 jets a pared cuadrada dorado cepillado &#8211; Serie Tajo"},"content":{"rendered":"<p class=\"\" data-start=\"93\" data-end=\"266\">Sistema de ducha empotrada con dise\u00f1o elegante y funcional. Ofrece una experiencia de hidromasaje gracias a sus 6 jets empotrados y un rociador cuadrado con efecto lluvia.<\/p>\n<h5 class=\"\" data-start=\"268\" data-end=\"293\">Especificaciones:<\/h5>\n<ul data-start=\"294\" data-end=\"801\" data-is-last-node=\"\" data-is-only-node=\"\">\n<li class=\"\" data-start=\"294\" data-end=\"535\">\n<p class=\"\" data-start=\"296\" data-end=\"310\"><strong data-start=\"296\" data-end=\"308\">Incluye:<\/strong><\/p>\n<ul data-start=\"313\" data-end=\"535\">\n<li class=\"\" data-start=\"313\" data-end=\"398\">\n<p class=\"\" data-start=\"315\" data-end=\"398\">Rociador cuadrado disponible en 20&#215;20 cm, 25&#215;25 cm y 30&#215;30 cm con soporte a pared<\/p>\n<\/li>\n<li class=\"\" data-start=\"401\" data-end=\"477\">\n<p class=\"\" data-start=\"403\" data-end=\"477\">Monomando de 3 v\u00edas (rociador efecto lluvia, alcachofa de mano y 6 jets)<\/p>\n<\/li>\n<li class=\"\" data-start=\"480\" data-end=\"513\">\n<p class=\"\" data-start=\"482\" data-end=\"513\">Alcachofa de mano con soporte<\/p>\n<\/li>\n<li class=\"\" data-start=\"516\" data-end=\"535\">\n<p class=\"\" data-start=\"518\" data-end=\"535\">Flexo de 150 cm<\/p>\n<\/li>\n<li data-start=\"516\" data-end=\"535\">Caja box empotrable<\/li>\n<\/ul>\n<\/li>\n<li class=\"\" data-start=\"536\" data-end=\"693\">\n<p class=\"\" data-start=\"538\" data-end=\"555\"><strong data-start=\"538\" data-end=\"553\">Materiales:<\/strong><\/p>\n<ul data-start=\"558\" data-end=\"693\">\n<li class=\"\" data-start=\"558\" data-end=\"588\">\n<p class=\"\" data-start=\"560\" data-end=\"588\">Rociador: Acero inoxidable<\/p>\n<\/li>\n<li class=\"\" data-start=\"591\" data-end=\"611\">\n<p class=\"\" data-start=\"593\" data-end=\"611\">Monomando: Lat\u00f3n<\/p>\n<\/li>\n<li class=\"\" data-start=\"614\" data-end=\"640\">\n<p class=\"\" data-start=\"616\" data-end=\"640\">Alcachofa de mano: Lat\u00f3n<\/p>\n<\/li>\n<li class=\"\" data-start=\"643\" data-end=\"670\">\n<p class=\"\" data-start=\"645\" data-end=\"670\">Flexo: PVC<\/p>\n<\/li>\n<li class=\"\" data-start=\"673\" data-end=\"693\">\n<p class=\"\" data-start=\"675\" data-end=\"693\">Jets: Empotrados<\/p>\n<\/li>\n<\/ul>\n<\/li>\n<li class=\"\" data-start=\"694\" data-end=\"727\">\n<p class=\"\" data-start=\"696\" data-end=\"727\"><strong data-start=\"696\" data-end=\"708\">Acabado:<\/strong> Dorado cepillado<\/p>\n<\/li>\n<li class=\"\" data-start=\"728\" data-end=\"801\">\n<p class=\"\" data-start=\"730\" data-end=\"746\"><strong data-start=\"730\" data-end=\"744\">Funciones:<\/strong><\/p>\n<ul data-start=\"749\" data-end=\"801\" data-is-last-node=\"\">\n<li class=\"\" data-start=\"749\" data-end=\"779\">\n<p class=\"\" data-start=\"751\" data-end=\"779\">Efecto lluvia del rociador<\/p>\n<\/li>\n<li class=\"\" data-start=\"782\" data-end=\"801\">\n<p class=\"\" data-start=\"784\" data-end=\"801\">Alcachofa de mano<\/p>\n<\/li>\n<\/ul>\n<\/li>\n<\/ul>\n","protected":false},"excerpt":{"rendered":"<p>Serie Tajo l\u00edneas rectas y cuadradas que aportan estilo y dise\u00f1o a cualquier ba\u00f1o. Actualmente disponemos de diferentes acabados cromado, dorado cepillado, negro mate. Tenemos Ducha empotradas cuadrada a techo y pared, grifo empotrado a pared, grifo de bid\u00e9 empotrado.<\/p>\n<p>&nbsp;<\/p>\n<p>La garant\u00eda de todos nuestros productos es de 3 a\u00f1os, para funcionamiento, duraci\u00f3n del esmaltado y anticorrosi\u00f3n.<\/p>\n<p>Recomendamos para un correcto mantenimiento de la grifer\u00eda y evitar el deterioro por el uso. Secar las gotas de agua con un pa\u00f1o suave despu\u00e9s del uso, evitando que se posen en la superficie y deterioran el acabado, no utilizar esponjas que puedan rayar la grifer\u00eda, utilizar limpiadores como vinagre limpieza, agua caliente y jab\u00f3n con ph neutro.<\/p>\n<p>&nbsp;<\/p>\n<p>Nuestro departamento t\u00e9cnico dispone de gu\u00edas de todos los modelos empotrados que vendemos, si tiene alguna duda con la instalaci\u00f3n contacte con nosotros mediante tel\u00e9fono, WhatsApp o email dentro del horario laboral indicado en la web.<\/p>\n<p>Recuerden que una vez instalado el cuerpo empotrado de la grifer\u00eda revisar de su correcto funcionamiento de paso de agua, comprobaci\u00f3n de cartuchos y corte de agua, si detecta alguna anomal\u00eda informe a nuestro departamento para darle una soluci\u00f3n, no contin\u00fae con la instalaci\u00f3n de cerramiento de la pared.<\/p>\n","protected":false},"featured_media":16321,"template":"","meta":[],"product_brand":[],"product_cat":[57],"product_tag":[],"serie":[23],"manual-de-instalacion":[],"color":[34],"class_list":{"0":"post-16245","1":"product","2":"type-product","3":"status-publish","4":"has-post-thumbnail","6":"product_cat-duchas-empotradas","7":"pa_tamano-rociador-20cm","8":"pa_tamano-rociador-25cm","9":"pa_tamano-rociador-30cm","10":"pa_tamano-rociador-40cm","11":"serie-tajo","12":"color-dorado-cepillado","14":"first","15":"instock","16":"taxable","17":"shipping-taxable","18":"product-type-variable"},"_links":{"self":[{"href":"https:\/\/www.valaz.es\/fr\/wp-json\/wp\/v2\/product\/16245","targetHints":{"allow":["GET"]}}],"collection":[{"href":"https:\/\/www.valaz.es\/fr\/wp-json\/wp\/v2\/product"}],"about":[{"href":"https:\/\/www.valaz.es\/fr\/wp-json\/wp\/v2\/types\/product"}],"wp:featuredmedia":[{"embeddable":true,"href":"https:\/\/www.valaz.es\/fr\/wp-json\/wp\/v2\/media\/16321"}],"wp:attachment":[{"href":"https:\/\/www.valaz.es\/fr\/wp-json\/wp\/v2\/media?parent=16245"}],"wp:term":[{"taxonomy":"product_brand","embeddable":true,"href":"https:\/\/www.valaz.es\/fr\/wp-json\/wp\/v2\/product_brand?post=16245"},{"taxonomy":"product_cat","embeddable":true,"href":"https:\/\/www.valaz.es\/fr\/wp-json\/wp\/v2\/product_cat?post=16245"},{"taxonomy":"product_tag","embeddable":true,"href":"https:\/\/www.valaz.es\/fr\/wp-json\/wp\/v2\/product_tag?post=16245"},{"taxonomy":"serie","embeddable":true,"href":"https:\/\/www.valaz.es\/fr\/wp-json\/wp\/v2\/serie?post=16245"},{"taxonomy":"manual-de-instalacion","embeddable":true,"href":"https:\/\/www.valaz.es\/fr\/wp-json\/wp\/v2\/manual-de-instalacion?post=16245"},{"taxonomy":"color","embeddable":true,"href":"https:\/\/www.valaz.es\/fr\/wp-json\/wp\/v2\/color?post=16245"}],"curies":[{"name":"wp","href":"https:\/\/api.w.org\/{rel}","templated":true}]}}