{"id":16021,"date":"2025-03-28T11:30:25","date_gmt":"2025-03-28T10:30:25","guid":{"rendered":"https:\/\/www.valaz.es\/?post_type=product&#038;p=16021"},"modified":"2025-06-03T12:54:17","modified_gmt":"2025-06-03T10:54:17","slug":"spray-grifo-de-cocina-oro-mate-con-proteccion-pvd","status":"publish","type":"product","link":"https:\/\/www.valaz.es\/fr\/produit\/spray-grifo-de-cocina-oro-mate-con-proteccion-pvd\/","title":{"rendered":"Spray grifo de cocina oro mate con protecci\u00f3n PVD"},"content":{"rendered":"<p class=\"\" data-start=\"68\" data-end=\"266\">Spray de repuesto para grifo de cocina con acabado oro mate y protecci\u00f3n PVD, que garantiza mayor resistencia a la corrosi\u00f3n. Dise\u00f1o funcional y resistente para un mejor control del flujo de agua.<\/p>\n<h5 class=\"\" data-start=\"268\" data-end=\"293\">Especificaciones:<\/h5>\n<ul data-start=\"294\" data-end=\"433\" data-is-last-node=\"\" data-is-only-node=\"\">\n<li class=\"\" data-start=\"294\" data-end=\"315\">\n<p class=\"\" data-start=\"296\" data-end=\"315\"><strong data-start=\"296\" data-end=\"309\">Material:<\/strong> PVC<\/p>\n<\/li>\n<li class=\"\" data-start=\"316\" data-end=\"341\">\n<p class=\"\" data-start=\"318\" data-end=\"341\"><strong data-start=\"318\" data-end=\"330\">Acabado:<\/strong> Oro mate<\/p>\n<\/li>\n<li class=\"\" data-start=\"342\" data-end=\"365\">\n<p class=\"\" data-start=\"344\" data-end=\"365\"><strong data-start=\"344\" data-end=\"359\">Protecci\u00f3n:<\/strong> PVD<\/p>\n<\/li>\n<li class=\"\" data-start=\"366\" data-end=\"394\">\n<p class=\"\" data-start=\"368\" data-end=\"394\"><strong data-start=\"368\" data-end=\"381\">Conexi\u00f3n:<\/strong> Rosca 1\/2\u201d<\/p>\n<\/li>\n<li class=\"\" data-start=\"395\" data-end=\"433\">\n<p class=\"\" data-start=\"397\" data-end=\"433\"><strong data-start=\"397\" data-end=\"411\">Funciones:<\/strong> Chorro normal y spray<\/p>\n<\/li>\n<\/ul>\n","protected":false},"excerpt":{"rendered":"<p>Spray de repuesto para grifo de cocina con acabado oro  [&#8230;]<\/p>\n","protected":false},"featured_media":16016,"template":"","meta":[],"product_brand":[],"product_cat":[70],"product_tag":[],"serie":[],"manual-de-instalacion":[],"color":[350],"class_list":{"0":"post-16021","1":"product","2":"type-product","3":"status-publish","4":"has-post-thumbnail","6":"product_cat-accesorios","7":"color-oro-mate-cepillado","9":"first","10":"instock","11":"taxable","12":"shipping-taxable","13":"product-type-simple"},"_links":{"self":[{"href":"https:\/\/www.valaz.es\/fr\/wp-json\/wp\/v2\/product\/16021","targetHints":{"allow":["GET"]}}],"collection":[{"href":"https:\/\/www.valaz.es\/fr\/wp-json\/wp\/v2\/product"}],"about":[{"href":"https:\/\/www.valaz.es\/fr\/wp-json\/wp\/v2\/types\/product"}],"wp:featuredmedia":[{"embeddable":true,"href":"https:\/\/www.valaz.es\/fr\/wp-json\/wp\/v2\/media\/16016"}],"wp:attachment":[{"href":"https:\/\/www.valaz.es\/fr\/wp-json\/wp\/v2\/media?parent=16021"}],"wp:term":[{"taxonomy":"product_brand","embeddable":true,"href":"https:\/\/www.valaz.es\/fr\/wp-json\/wp\/v2\/product_brand?post=16021"},{"taxonomy":"product_cat","embeddable":true,"href":"https:\/\/www.valaz.es\/fr\/wp-json\/wp\/v2\/product_cat?post=16021"},{"taxonomy":"product_tag","embeddable":true,"href":"https:\/\/www.valaz.es\/fr\/wp-json\/wp\/v2\/product_tag?post=16021"},{"taxonomy":"serie","embeddable":true,"href":"https:\/\/www.valaz.es\/fr\/wp-json\/wp\/v2\/serie?post=16021"},{"taxonomy":"manual-de-instalacion","embeddable":true,"href":"https:\/\/www.valaz.es\/fr\/wp-json\/wp\/v2\/manual-de-instalacion?post=16021"},{"taxonomy":"color","embeddable":true,"href":"https:\/\/www.valaz.es\/fr\/wp-json\/wp\/v2\/color?post=16021"}],"curies":[{"name":"wp","href":"https:\/\/api.w.org\/{rel}","templated":true}]}}