{"id":16020,"date":"2025-03-28T11:31:06","date_gmt":"2025-03-28T10:31:06","guid":{"rendered":"https:\/\/www.valaz.es\/?post_type=product&#038;p=16020"},"modified":"2025-04-03T16:29:46","modified_gmt":"2025-04-03T14:29:46","slug":"spray-grifo-de-cocina-negro-mate","status":"publish","type":"product","link":"https:\/\/www.valaz.es\/fr\/produit\/spray-grifo-de-cocina-negro-mate\/","title":{"rendered":"Spray grifo de cocina negro mate"},"content":{"rendered":"<p class=\"\" data-start=\"51\" data-end=\"154\">Spray funcional y resistente con acabado negro mate. Dise\u00f1o ergon\u00f3mico para un uso c\u00f3modo y pr\u00e1ctico.<\/p>\n<h5 data-start=\"156\" data-end=\"179\"><strong>Especificaciones:<\/strong><\/h5>\n<ul data-start=\"180\" data-end=\"311\" data-is-last-node=\"\" data-is-only-node=\"\">\n<li class=\"\" data-start=\"180\" data-end=\"201\">\n<p class=\"\" data-start=\"182\" data-end=\"201\"><strong data-start=\"182\" data-end=\"193\">Modelo:<\/strong> AM001<\/p>\n<\/li>\n<li class=\"\" data-start=\"202\" data-end=\"231\">\n<p class=\"\" data-start=\"204\" data-end=\"231\"><strong data-start=\"204\" data-end=\"217\">Material:<\/strong> PVC<\/p>\n<\/li>\n<li class=\"\" data-start=\"232\" data-end=\"259\">\n<p class=\"\" data-start=\"234\" data-end=\"259\"><strong data-start=\"234\" data-end=\"246\">Acabado:<\/strong> Negro mate<\/p>\n<\/li>\n<li class=\"\" data-start=\"260\" data-end=\"279\">\n<p class=\"\" data-start=\"262\" data-end=\"279\"><strong data-start=\"262\" data-end=\"272\">Rosca:<\/strong> 1\/2\u201d<\/p>\n<\/li>\n<li class=\"\" data-start=\"280\" data-end=\"311\">\n<p class=\"\" data-start=\"282\" data-end=\"311\"><strong data-start=\"282\" data-end=\"296\">Funciones:<\/strong> Chorro y ducha<\/p>\n<\/li>\n<\/ul>\n","protected":false},"excerpt":{"rendered":"<p>Spray funcional y resistente con acabado negro mate. Dise\u00f1o ergon\u00f3mico  [&#8230;]<\/p>\n","protected":false},"featured_media":16012,"template":"","meta":[],"product_brand":[],"product_cat":[70],"product_tag":[],"serie":[],"manual-de-instalacion":[],"color":[27],"class_list":{"0":"post-16020","1":"product","2":"type-product","3":"status-publish","4":"has-post-thumbnail","6":"product_cat-accesorios","7":"color-negro-mate","9":"first","10":"instock","11":"taxable","12":"shipping-taxable","13":"product-type-simple"},"_links":{"self":[{"href":"https:\/\/www.valaz.es\/fr\/wp-json\/wp\/v2\/product\/16020","targetHints":{"allow":["GET"]}}],"collection":[{"href":"https:\/\/www.valaz.es\/fr\/wp-json\/wp\/v2\/product"}],"about":[{"href":"https:\/\/www.valaz.es\/fr\/wp-json\/wp\/v2\/types\/product"}],"wp:featuredmedia":[{"embeddable":true,"href":"https:\/\/www.valaz.es\/fr\/wp-json\/wp\/v2\/media\/16012"}],"wp:attachment":[{"href":"https:\/\/www.valaz.es\/fr\/wp-json\/wp\/v2\/media?parent=16020"}],"wp:term":[{"taxonomy":"product_brand","embeddable":true,"href":"https:\/\/www.valaz.es\/fr\/wp-json\/wp\/v2\/product_brand?post=16020"},{"taxonomy":"product_cat","embeddable":true,"href":"https:\/\/www.valaz.es\/fr\/wp-json\/wp\/v2\/product_cat?post=16020"},{"taxonomy":"product_tag","embeddable":true,"href":"https:\/\/www.valaz.es\/fr\/wp-json\/wp\/v2\/product_tag?post=16020"},{"taxonomy":"serie","embeddable":true,"href":"https:\/\/www.valaz.es\/fr\/wp-json\/wp\/v2\/serie?post=16020"},{"taxonomy":"manual-de-instalacion","embeddable":true,"href":"https:\/\/www.valaz.es\/fr\/wp-json\/wp\/v2\/manual-de-instalacion?post=16020"},{"taxonomy":"color","embeddable":true,"href":"https:\/\/www.valaz.es\/fr\/wp-json\/wp\/v2\/color?post=16020"}],"curies":[{"name":"wp","href":"https:\/\/api.w.org\/{rel}","templated":true}]}}