{"id":15931,"date":"2025-03-25T08:55:47","date_gmt":"2025-03-25T07:55:47","guid":{"rendered":"https:\/\/www.valaz.es\/?post_type=product&#038;p=15931"},"modified":"2025-05-23T10:02:07","modified_gmt":"2025-05-23T08:02:07","slug":"rociador-redondo-vintage-dorado-envejecido-25cm","status":"publish","type":"product","link":"https:\/\/www.valaz.es\/fr\/produit\/rociador-redondo-vintage-dorado-envejecido-25cm\/","title":{"rendered":"Rociador redondo vintage dorado envejecido 25cm"},"content":{"rendered":"<p class=\"\" data-start=\"56\" data-end=\"206\">Dise\u00f1o cl\u00e1sico y elegante con acabado dorado envejecido. Aporta un toque sofisticado y retro al ba\u00f1o, brindando una experiencia de ducha envolvente.<\/p>\n<h5 data-start=\"208\" data-end=\"231\"><strong>Especificaciones:<\/strong><\/h5>\n<ul data-start=\"232\" data-end=\"376\" data-is-last-node=\"\" data-is-only-node=\"\">\n<li class=\"\" data-start=\"232\" data-end=\"255\">\n<p class=\"\" data-start=\"234\" data-end=\"255\"><strong data-start=\"234\" data-end=\"247\">Material:<\/strong> Metal<\/p>\n<\/li>\n<li class=\"\" data-start=\"256\" data-end=\"279\">\n<p class=\"\" data-start=\"258\" data-end=\"279\"><strong data-start=\"258\" data-end=\"271\">Di\u00e1metro:<\/strong> 25 cm<\/p>\n<\/li>\n<li class=\"\" data-start=\"280\" data-end=\"314\">\n<p class=\"\" data-start=\"282\" data-end=\"314\"><strong data-start=\"282\" data-end=\"294\">Acabado:<\/strong> Dorado envejecido<\/p>\n<\/li>\n<li class=\"\" data-start=\"315\" data-end=\"345\">\n<p class=\"\" data-start=\"317\" data-end=\"345\"><strong data-start=\"317\" data-end=\"336\">Tipo de chorro:<\/strong> Lluvia<\/p>\n<\/li>\n<li class=\"\" data-start=\"346\" data-end=\"376\">\n<p class=\"\" data-start=\"348\" data-end=\"376\"><strong data-start=\"348\" data-end=\"361\">Conexi\u00f3n:<\/strong> Universal 1\/2\u201d<\/p>\n<\/li>\n<\/ul>\n","protected":false},"excerpt":{"rendered":"<p>Dise\u00f1o cl\u00e1sico y elegante con acabado dorado envejecido. Aporta un  [&#8230;]<\/p>\n","protected":false},"featured_media":15922,"template":"","meta":[],"product_brand":[],"product_cat":[70,389],"product_tag":[],"serie":[],"manual-de-instalacion":[],"color":[29],"class_list":{"0":"post-15931","1":"product","2":"type-product","3":"status-publish","4":"has-post-thumbnail","6":"product_cat-accesorios","7":"product_cat-rociadores-de-ducha","8":"color-dorado-envejecido","10":"first","11":"instock","12":"taxable","13":"shipping-taxable","14":"product-type-simple"},"_links":{"self":[{"href":"https:\/\/www.valaz.es\/fr\/wp-json\/wp\/v2\/product\/15931","targetHints":{"allow":["GET"]}}],"collection":[{"href":"https:\/\/www.valaz.es\/fr\/wp-json\/wp\/v2\/product"}],"about":[{"href":"https:\/\/www.valaz.es\/fr\/wp-json\/wp\/v2\/types\/product"}],"wp:featuredmedia":[{"embeddable":true,"href":"https:\/\/www.valaz.es\/fr\/wp-json\/wp\/v2\/media\/15922"}],"wp:attachment":[{"href":"https:\/\/www.valaz.es\/fr\/wp-json\/wp\/v2\/media?parent=15931"}],"wp:term":[{"taxonomy":"product_brand","embeddable":true,"href":"https:\/\/www.valaz.es\/fr\/wp-json\/wp\/v2\/product_brand?post=15931"},{"taxonomy":"product_cat","embeddable":true,"href":"https:\/\/www.valaz.es\/fr\/wp-json\/wp\/v2\/product_cat?post=15931"},{"taxonomy":"product_tag","embeddable":true,"href":"https:\/\/www.valaz.es\/fr\/wp-json\/wp\/v2\/product_tag?post=15931"},{"taxonomy":"serie","embeddable":true,"href":"https:\/\/www.valaz.es\/fr\/wp-json\/wp\/v2\/serie?post=15931"},{"taxonomy":"manual-de-instalacion","embeddable":true,"href":"https:\/\/www.valaz.es\/fr\/wp-json\/wp\/v2\/manual-de-instalacion?post=15931"},{"taxonomy":"color","embeddable":true,"href":"https:\/\/www.valaz.es\/fr\/wp-json\/wp\/v2\/color?post=15931"}],"curies":[{"name":"wp","href":"https:\/\/api.w.org\/{rel}","templated":true}]}}