{"id":15919,"date":"2025-03-28T11:33:13","date_gmt":"2025-03-28T10:33:13","guid":{"rendered":"https:\/\/www.valaz.es\/?post_type=product&#038;p=15919"},"modified":"2025-04-01T16:15:23","modified_gmt":"2025-04-01T14:15:23","slug":"alcachofa-de-mano-en-dorado-envejecido","status":"publish","type":"product","link":"https:\/\/www.valaz.es\/fr\/produit\/alcachofa-de-mano-en-dorado-envejecido\/","title":{"rendered":"Alcachofa de mano en dorado envejecido"},"content":{"rendered":"<p class=\"\" data-start=\"46\" data-end=\"164\">Dise\u00f1o elegante y atemporal con acabado en dorado envejecido. Ideal para un estilo cl\u00e1sico y sofisticado en el ba\u00f1o.<\/p>\n<h5 data-start=\"166\" data-end=\"189\"><strong>Especificaciones:<\/strong><\/h5>\n<ul data-start=\"190\" data-end=\"266\" data-is-last-node=\"\" data-is-only-node=\"\">\n<li class=\"\" data-start=\"190\" data-end=\"213\">\n<p class=\"\" data-start=\"192\" data-end=\"213\"><strong data-start=\"192\" data-end=\"205\">Material:<\/strong> Metal<\/p>\n<\/li>\n<li class=\"\" data-start=\"214\" data-end=\"248\">\n<p class=\"\" data-start=\"216\" data-end=\"248\"><strong data-start=\"216\" data-end=\"228\">Acabado:<\/strong> Dorado envejecido<\/p>\n<\/li>\n<li class=\"\" data-start=\"249\" data-end=\"266\">\n<p class=\"\" data-start=\"251\" data-end=\"266\"><strong data-start=\"251\" data-end=\"261\">Rosca:<\/strong> 1\/2\u201d<\/p>\n<\/li>\n<\/ul>\n","protected":false},"excerpt":{"rendered":"<p>Dise\u00f1o elegante y atemporal con acabado en dorado envejecido. Ideal  [&#8230;]<\/p>\n","protected":false},"featured_media":15899,"template":"","meta":[],"product_brand":[],"product_cat":[70],"product_tag":[],"serie":[],"manual-de-instalacion":[],"color":[],"class_list":{"0":"post-15919","1":"product","2":"type-product","3":"status-publish","4":"has-post-thumbnail","6":"product_cat-accesorios","8":"first","9":"instock","10":"taxable","11":"shipping-taxable","12":"product-type-simple"},"_links":{"self":[{"href":"https:\/\/www.valaz.es\/fr\/wp-json\/wp\/v2\/product\/15919","targetHints":{"allow":["GET"]}}],"collection":[{"href":"https:\/\/www.valaz.es\/fr\/wp-json\/wp\/v2\/product"}],"about":[{"href":"https:\/\/www.valaz.es\/fr\/wp-json\/wp\/v2\/types\/product"}],"wp:featuredmedia":[{"embeddable":true,"href":"https:\/\/www.valaz.es\/fr\/wp-json\/wp\/v2\/media\/15899"}],"wp:attachment":[{"href":"https:\/\/www.valaz.es\/fr\/wp-json\/wp\/v2\/media?parent=15919"}],"wp:term":[{"taxonomy":"product_brand","embeddable":true,"href":"https:\/\/www.valaz.es\/fr\/wp-json\/wp\/v2\/product_brand?post=15919"},{"taxonomy":"product_cat","embeddable":true,"href":"https:\/\/www.valaz.es\/fr\/wp-json\/wp\/v2\/product_cat?post=15919"},{"taxonomy":"product_tag","embeddable":true,"href":"https:\/\/www.valaz.es\/fr\/wp-json\/wp\/v2\/product_tag?post=15919"},{"taxonomy":"serie","embeddable":true,"href":"https:\/\/www.valaz.es\/fr\/wp-json\/wp\/v2\/serie?post=15919"},{"taxonomy":"manual-de-instalacion","embeddable":true,"href":"https:\/\/www.valaz.es\/fr\/wp-json\/wp\/v2\/manual-de-instalacion?post=15919"},{"taxonomy":"color","embeddable":true,"href":"https:\/\/www.valaz.es\/fr\/wp-json\/wp\/v2\/color?post=15919"}],"curies":[{"name":"wp","href":"https:\/\/api.w.org\/{rel}","templated":true}]}}