{"id":15915,"date":"2025-03-28T11:34:59","date_gmt":"2025-03-28T10:34:59","guid":{"rendered":"https:\/\/www.valaz.es\/?post_type=product&#038;p=15915"},"modified":"2025-04-01T16:43:52","modified_gmt":"2025-04-01T14:43:52","slug":"flexo-anillado-en-color-cromado-100cm-antitorsion-con-rosca-1-2","status":"publish","type":"product","link":"https:\/\/www.valaz.es\/fr\/produit\/flexo-anillado-en-color-cromado-100cm-antitorsion-con-rosca-1-2\/","title":{"rendered":"Flexo anillado en color cromado 100cm antitorsi\u00f3n con rosca 1\/2"},"content":{"rendered":"<p class=\"\" data-start=\"46\" data-end=\"221\">Flexo resistente y flexible con acabado cromado brillante. Su dise\u00f1o antitorsi\u00f3n evita enredos y asegura un flujo constante de agua. Compatible con duchas y grifos est\u00e1ndar.<\/p>\n<h5 data-start=\"223\" data-end=\"246\"><strong>Especificaciones:<\/strong><\/h5>\n<ul data-start=\"247\" data-end=\"407\" data-is-last-node=\"\" data-is-only-node=\"\">\n<li class=\"\" data-start=\"247\" data-end=\"281\">\n<p class=\"\" data-start=\"249\" data-end=\"281\"><strong data-start=\"249\" data-end=\"262\">Material:<\/strong> Anillado cromado<\/p>\n<\/li>\n<li class=\"\" data-start=\"282\" data-end=\"306\">\n<p class=\"\" data-start=\"284\" data-end=\"306\"><strong data-start=\"284\" data-end=\"297\">Longitud:<\/strong> 100 cm<\/p>\n<\/li>\n<li class=\"\" data-start=\"307\" data-end=\"336\">\n<p class=\"\" data-start=\"309\" data-end=\"336\"><strong data-start=\"309\" data-end=\"319\">Rosca:<\/strong> 1\/2\u201d universal<\/p>\n<\/li>\n<li class=\"\" data-start=\"337\" data-end=\"360\">\n<p class=\"\" data-start=\"339\" data-end=\"360\"><strong data-start=\"339\" data-end=\"355\">Antitorsi\u00f3n:<\/strong> S\u00ed<\/p>\n<\/li>\n<\/ul>\n","protected":false},"excerpt":{"rendered":"<p>Flexo resistente y flexible con acabado cromado brillante. Su dise\u00f1o  [&#8230;]<\/p>\n","protected":false},"featured_media":15911,"template":"","meta":[],"product_brand":[],"product_cat":[70],"product_tag":[],"serie":[],"manual-de-instalacion":[],"color":[],"class_list":{"0":"post-15915","1":"product","2":"type-product","3":"status-publish","4":"has-post-thumbnail","6":"product_cat-accesorios","8":"first","9":"instock","10":"taxable","11":"shipping-taxable","12":"product-type-simple"},"_links":{"self":[{"href":"https:\/\/www.valaz.es\/fr\/wp-json\/wp\/v2\/product\/15915","targetHints":{"allow":["GET"]}}],"collection":[{"href":"https:\/\/www.valaz.es\/fr\/wp-json\/wp\/v2\/product"}],"about":[{"href":"https:\/\/www.valaz.es\/fr\/wp-json\/wp\/v2\/types\/product"}],"wp:featuredmedia":[{"embeddable":true,"href":"https:\/\/www.valaz.es\/fr\/wp-json\/wp\/v2\/media\/15911"}],"wp:attachment":[{"href":"https:\/\/www.valaz.es\/fr\/wp-json\/wp\/v2\/media?parent=15915"}],"wp:term":[{"taxonomy":"product_brand","embeddable":true,"href":"https:\/\/www.valaz.es\/fr\/wp-json\/wp\/v2\/product_brand?post=15915"},{"taxonomy":"product_cat","embeddable":true,"href":"https:\/\/www.valaz.es\/fr\/wp-json\/wp\/v2\/product_cat?post=15915"},{"taxonomy":"product_tag","embeddable":true,"href":"https:\/\/www.valaz.es\/fr\/wp-json\/wp\/v2\/product_tag?post=15915"},{"taxonomy":"serie","embeddable":true,"href":"https:\/\/www.valaz.es\/fr\/wp-json\/wp\/v2\/serie?post=15915"},{"taxonomy":"manual-de-instalacion","embeddable":true,"href":"https:\/\/www.valaz.es\/fr\/wp-json\/wp\/v2\/manual-de-instalacion?post=15915"},{"taxonomy":"color","embeddable":true,"href":"https:\/\/www.valaz.es\/fr\/wp-json\/wp\/v2\/color?post=15915"}],"curies":[{"name":"wp","href":"https:\/\/api.w.org\/{rel}","templated":true}]}}