{"id":15596,"date":"2025-03-05T11:32:04","date_gmt":"2025-03-05T10:32:04","guid":{"rendered":"https:\/\/www.valaz.es\/?post_type=product&#038;p=15596"},"modified":"2026-04-14T07:23:09","modified_gmt":"2026-04-14T05:23:09","slug":"tubo-alargador-ducha-dorado-vintage-30cm","status":"publish","type":"product","link":"https:\/\/www.valaz.es\/fr\/produit\/tubo-alargador-ducha-dorado-vintage-30cm\/","title":{"rendered":"Tubo alargador ducha dorado vintage 30cm"},"content":{"rendered":"<p class=\"\" data-start=\"52\" data-end=\"185\">Extensor con dise\u00f1o cl\u00e1sico y acabado dorado vintage. Ideal para ajustar la altura de la ducha y aportar un toque elegante al ba\u00f1o.<\/p>\n<h5 data-start=\"187\" data-end=\"210\"><strong>Especificaciones:<\/strong><\/h5>\n<ul data-start=\"211\" data-end=\"308\" data-is-last-node=\"\" data-is-only-node=\"\">\n<li class=\"\" data-start=\"211\" data-end=\"234\">\n<p class=\"\" data-start=\"213\" data-end=\"234\"><strong data-start=\"213\" data-end=\"226\">Material:<\/strong> Metal<\/p>\n<\/li>\n<li class=\"\" data-start=\"235\" data-end=\"258\">\n<p class=\"\" data-start=\"237\" data-end=\"258\"><strong data-start=\"237\" data-end=\"250\">Longitud:<\/strong> 30 cm<\/p>\n<\/li>\n<li class=\"\" data-start=\"259\" data-end=\"290\">\n<p class=\"\" data-start=\"261\" data-end=\"290\"><strong data-start=\"261\" data-end=\"273\">Acabado:<\/strong> Dorado vintage<\/p>\n<\/li>\n<li class=\"\" data-start=\"291\" data-end=\"308\">\n<p class=\"\" data-start=\"293\" data-end=\"308\"><strong data-start=\"293\" data-end=\"303\">Rosca:<\/strong> 3\/4&#8243;<\/p>\n<\/li>\n<\/ul>\n","protected":false},"excerpt":{"rendered":"<p>Extensor con dise\u00f1o cl\u00e1sico y acabado dorado vintage. Ideal para  [&#8230;]<\/p>\n","protected":false},"featured_media":15605,"template":"","meta":[],"product_brand":[],"product_cat":[70],"product_tag":[],"serie":[],"manual-de-instalacion":[],"color":[29],"class_list":{"0":"post-15596","1":"product","2":"type-product","3":"status-publish","4":"has-post-thumbnail","6":"product_cat-accesorios","7":"color-dorado-envejecido","9":"first","10":"instock","11":"taxable","12":"shipping-taxable","13":"product-type-simple"},"_links":{"self":[{"href":"https:\/\/www.valaz.es\/fr\/wp-json\/wp\/v2\/product\/15596","targetHints":{"allow":["GET"]}}],"collection":[{"href":"https:\/\/www.valaz.es\/fr\/wp-json\/wp\/v2\/product"}],"about":[{"href":"https:\/\/www.valaz.es\/fr\/wp-json\/wp\/v2\/types\/product"}],"wp:featuredmedia":[{"embeddable":true,"href":"https:\/\/www.valaz.es\/fr\/wp-json\/wp\/v2\/media\/15605"}],"wp:attachment":[{"href":"https:\/\/www.valaz.es\/fr\/wp-json\/wp\/v2\/media?parent=15596"}],"wp:term":[{"taxonomy":"product_brand","embeddable":true,"href":"https:\/\/www.valaz.es\/fr\/wp-json\/wp\/v2\/product_brand?post=15596"},{"taxonomy":"product_cat","embeddable":true,"href":"https:\/\/www.valaz.es\/fr\/wp-json\/wp\/v2\/product_cat?post=15596"},{"taxonomy":"product_tag","embeddable":true,"href":"https:\/\/www.valaz.es\/fr\/wp-json\/wp\/v2\/product_tag?post=15596"},{"taxonomy":"serie","embeddable":true,"href":"https:\/\/www.valaz.es\/fr\/wp-json\/wp\/v2\/serie?post=15596"},{"taxonomy":"manual-de-instalacion","embeddable":true,"href":"https:\/\/www.valaz.es\/fr\/wp-json\/wp\/v2\/manual-de-instalacion?post=15596"},{"taxonomy":"color","embeddable":true,"href":"https:\/\/www.valaz.es\/fr\/wp-json\/wp\/v2\/color?post=15596"}],"curies":[{"name":"wp","href":"https:\/\/api.w.org\/{rel}","templated":true}]}}