{"id":15569,"date":"2025-03-04T17:17:06","date_gmt":"2025-03-04T16:17:06","guid":{"rendered":"https:\/\/www.valaz.es\/?post_type=product&#038;p=15569"},"modified":"2025-04-01T17:02:27","modified_gmt":"2025-04-01T15:02:27","slug":"spray-grifo-bide-empotrado-redondo-oro-mate-con-proteccion-pvd","status":"publish","type":"product","link":"https:\/\/www.valaz.es\/fr\/produit\/spray-grifo-bide-empotrado-redondo-oro-mate-con-proteccion-pvd\/","title":{"rendered":"Spray grifo bid\u00e9 empotrado redondo oro mate con protecci\u00f3n PVD"},"content":{"rendered":"<p class=\"\" data-start=\"78\" data-end=\"258\">Spray empotrado de dise\u00f1o redondo con acabado oro mate y protecci\u00f3n PVD, que garantiza mayor resistencia a la corrosi\u00f3n y durabilidad. Perfecto para un ba\u00f1o elegante y funcional.<\/p>\n<h5 data-start=\"260\" data-end=\"283\"><strong>Especificaciones:<\/strong><\/h5>\n<ul data-start=\"284\" data-end=\"477\" data-is-last-node=\"\" data-is-only-node=\"\">\n<li class=\"\" data-start=\"284\" data-end=\"311\">\n<p class=\"\" data-start=\"286\" data-end=\"311\"><strong data-start=\"286\" data-end=\"299\">Material:<\/strong> Metal<\/p>\n<\/li>\n<li class=\"\" data-start=\"312\" data-end=\"335\">\n<p class=\"\" data-start=\"314\" data-end=\"335\"><strong data-start=\"314\" data-end=\"325\">Dise\u00f1o:<\/strong> Redondo<\/p>\n<\/li>\n<li class=\"\" data-start=\"336\" data-end=\"361\">\n<p class=\"\" data-start=\"338\" data-end=\"361\"><strong data-start=\"338\" data-end=\"350\">Acabado:<\/strong> Oro mate<\/p>\n<\/li>\n<li class=\"\" data-start=\"362\" data-end=\"419\">\n<p class=\"\" data-start=\"364\" data-end=\"419\"><strong data-start=\"364\" data-end=\"379\">Protecci\u00f3n:<\/strong> PVD (mayor resistencia y durabilidad)<\/p>\n<\/li>\n<li class=\"\" data-start=\"451\" data-end=\"477\">\n<p class=\"\" data-start=\"453\" data-end=\"477\"><strong data-start=\"453\" data-end=\"466\">Conexi\u00f3n:<\/strong> Rosca 1\/2\u201d<\/p>\n<\/li>\n<\/ul>\n","protected":false},"excerpt":{"rendered":"<p>Spray empotrado de dise\u00f1o redondo con acabado oro mate y  [&#8230;]<\/p>\n","protected":false},"featured_media":15564,"template":"","meta":[],"product_brand":[],"product_cat":[70],"product_tag":[],"serie":[],"manual-de-instalacion":[],"color":[350],"class_list":{"0":"post-15569","1":"product","2":"type-product","3":"status-publish","4":"has-post-thumbnail","6":"product_cat-accesorios","7":"color-oro-mate-cepillado","9":"first","10":"instock","11":"taxable","12":"shipping-taxable","13":"product-type-simple"},"_links":{"self":[{"href":"https:\/\/www.valaz.es\/fr\/wp-json\/wp\/v2\/product\/15569","targetHints":{"allow":["GET"]}}],"collection":[{"href":"https:\/\/www.valaz.es\/fr\/wp-json\/wp\/v2\/product"}],"about":[{"href":"https:\/\/www.valaz.es\/fr\/wp-json\/wp\/v2\/types\/product"}],"wp:featuredmedia":[{"embeddable":true,"href":"https:\/\/www.valaz.es\/fr\/wp-json\/wp\/v2\/media\/15564"}],"wp:attachment":[{"href":"https:\/\/www.valaz.es\/fr\/wp-json\/wp\/v2\/media?parent=15569"}],"wp:term":[{"taxonomy":"product_brand","embeddable":true,"href":"https:\/\/www.valaz.es\/fr\/wp-json\/wp\/v2\/product_brand?post=15569"},{"taxonomy":"product_cat","embeddable":true,"href":"https:\/\/www.valaz.es\/fr\/wp-json\/wp\/v2\/product_cat?post=15569"},{"taxonomy":"product_tag","embeddable":true,"href":"https:\/\/www.valaz.es\/fr\/wp-json\/wp\/v2\/product_tag?post=15569"},{"taxonomy":"serie","embeddable":true,"href":"https:\/\/www.valaz.es\/fr\/wp-json\/wp\/v2\/serie?post=15569"},{"taxonomy":"manual-de-instalacion","embeddable":true,"href":"https:\/\/www.valaz.es\/fr\/wp-json\/wp\/v2\/manual-de-instalacion?post=15569"},{"taxonomy":"color","embeddable":true,"href":"https:\/\/www.valaz.es\/fr\/wp-json\/wp\/v2\/color?post=15569"}],"curies":[{"name":"wp","href":"https:\/\/api.w.org\/{rel}","templated":true}]}}