{"id":15270,"date":"2025-01-29T15:39:49","date_gmt":"2025-01-29T14:39:49","guid":{"rendered":"https:\/\/www.valaz.es\/?post_type=product&#038;p=15270"},"modified":"2026-01-13T11:40:25","modified_gmt":"2026-01-13T10:40:25","slug":"cano-redondo-21cm-acero-cepillado-con-rosca-1-2","status":"publish","type":"product","link":"https:\/\/www.valaz.es\/fr\/produit\/cano-redondo-21cm-acero-cepillado-con-rosca-1-2\/","title":{"rendered":"Ca\u00f1o redondo 21cm acero cepillado con rosca 1\/2"},"content":{"rendered":"<p class=\"\" data-start=\"48\" data-end=\"145\">Ca\u00f1o de dise\u00f1o minimalista con acabado en acero cepillado, ideal para ba\u00f1os y cocinas modernas.<\/p>\n<h5 class=\"\" data-start=\"147\" data-end=\"172\">Especificaciones:<\/h5>\n<ul data-start=\"173\" data-end=\"306\" data-is-last-node=\"\" data-is-only-node=\"\">\n<li class=\"\" data-start=\"173\" data-end=\"207\">\n<p class=\"\" data-start=\"175\" data-end=\"207\"><strong data-start=\"175\" data-end=\"188\">Material:<\/strong> Acero inoxidable<\/p>\n<\/li>\n<li class=\"\" data-start=\"208\" data-end=\"231\">\n<p class=\"\" data-start=\"210\" data-end=\"231\"><strong data-start=\"210\" data-end=\"221\">Dise\u00f1o:<\/strong> Redondo<\/p>\n<\/li>\n<li class=\"\" data-start=\"232\" data-end=\"255\">\n<p class=\"\" data-start=\"234\" data-end=\"255\"><strong data-start=\"234\" data-end=\"247\">Longitud:<\/strong> 21 cm<\/p>\n<\/li>\n<li class=\"\" data-start=\"256\" data-end=\"288\">\n<p class=\"\" data-start=\"258\" data-end=\"288\"><strong data-start=\"258\" data-end=\"270\">Acabado:<\/strong> Acero cepillado<\/p>\n<\/li>\n<li class=\"\" data-start=\"289\" data-end=\"306\">\n<p class=\"\" data-start=\"291\" data-end=\"306\"><strong data-start=\"291\" data-end=\"301\">Rosca:<\/strong> 1\/2\u201d<\/p>\n<\/li>\n<\/ul>\n","protected":false},"excerpt":{"rendered":"<p>Ca\u00f1o de dise\u00f1o minimalista con acabado en acero cepillado, ideal  [&#8230;]<\/p>\n","protected":false},"featured_media":20345,"template":"","meta":[],"product_brand":[],"product_cat":[70],"product_tag":[],"serie":[],"manual-de-instalacion":[],"color":[],"class_list":{"0":"post-15270","1":"product","2":"type-product","3":"status-publish","4":"has-post-thumbnail","6":"product_cat-accesorios","8":"first","9":"instock","10":"taxable","11":"shipping-taxable","12":"product-type-simple"},"_links":{"self":[{"href":"https:\/\/www.valaz.es\/fr\/wp-json\/wp\/v2\/product\/15270","targetHints":{"allow":["GET"]}}],"collection":[{"href":"https:\/\/www.valaz.es\/fr\/wp-json\/wp\/v2\/product"}],"about":[{"href":"https:\/\/www.valaz.es\/fr\/wp-json\/wp\/v2\/types\/product"}],"wp:featuredmedia":[{"embeddable":true,"href":"https:\/\/www.valaz.es\/fr\/wp-json\/wp\/v2\/media\/20345"}],"wp:attachment":[{"href":"https:\/\/www.valaz.es\/fr\/wp-json\/wp\/v2\/media?parent=15270"}],"wp:term":[{"taxonomy":"product_brand","embeddable":true,"href":"https:\/\/www.valaz.es\/fr\/wp-json\/wp\/v2\/product_brand?post=15270"},{"taxonomy":"product_cat","embeddable":true,"href":"https:\/\/www.valaz.es\/fr\/wp-json\/wp\/v2\/product_cat?post=15270"},{"taxonomy":"product_tag","embeddable":true,"href":"https:\/\/www.valaz.es\/fr\/wp-json\/wp\/v2\/product_tag?post=15270"},{"taxonomy":"serie","embeddable":true,"href":"https:\/\/www.valaz.es\/fr\/wp-json\/wp\/v2\/serie?post=15270"},{"taxonomy":"manual-de-instalacion","embeddable":true,"href":"https:\/\/www.valaz.es\/fr\/wp-json\/wp\/v2\/manual-de-instalacion?post=15270"},{"taxonomy":"color","embeddable":true,"href":"https:\/\/www.valaz.es\/fr\/wp-json\/wp\/v2\/color?post=15270"}],"curies":[{"name":"wp","href":"https:\/\/api.w.org\/{rel}","templated":true}]}}