{"id":15221,"date":"2025-01-23T13:00:07","date_gmt":"2025-01-23T12:00:07","guid":{"rendered":"https:\/\/www.valaz.es\/?post_type=product&#038;p=15221"},"modified":"2025-09-22T07:54:20","modified_gmt":"2025-09-22T05:54:20","slug":"grifo-de-bidet-empotrado-agua-fria-redondo-1-via-agua-fria-oro-mate-con-proteccion-pvd-serie-cabriel","status":"publish","type":"product","link":"https:\/\/www.valaz.es\/fr\/produit\/grifo-de-bidet-empotrado-agua-fria-redondo-1-via-agua-fria-oro-mate-con-proteccion-pvd-serie-cabriel\/","title":{"rendered":"Grifo de bidet empotrado agua fr\u00eda redondo 1 v\u00eda agua fr\u00eda oro mate con protecci\u00f3n PVD &#8211;  Serie Cabriel"},"content":{"rendered":"<p class=\"\" data-start=\"99\" data-end=\"275\">Grifo de bid\u00e9 empotrado con acabado oro mate y protecci\u00f3n PVD, ideal para ba\u00f1os elegantes. Funciona con una sola v\u00eda de agua fr\u00eda y ofrece un dise\u00f1o sofisticado y resistente.<\/p>\n<h5 class=\"\" data-start=\"277\" data-end=\"302\">Especificaciones:<\/h5>\n<ul data-start=\"303\" data-end=\"545\" data-is-last-node=\"\" data-is-only-node=\"\">\n<li class=\"\" data-start=\"303\" data-end=\"336\">\n<p class=\"\" data-start=\"305\" data-end=\"336\"><strong data-start=\"305\" data-end=\"318\">Material:<\/strong> Cuerpo de lat\u00f3n<\/p>\n<\/li>\n<li class=\"\" data-start=\"337\" data-end=\"381\">\n<p class=\"\" data-start=\"339\" data-end=\"381\"><strong data-start=\"339\" data-end=\"351\">Acabado:<\/strong> Oro mate con protecci\u00f3n PVD<\/p>\n<\/li>\n<li class=\"\" data-start=\"382\" data-end=\"413\">\n<p class=\"\" data-start=\"384\" data-end=\"413\"><strong data-start=\"384\" data-end=\"393\">Tipo:<\/strong> 1 v\u00eda (agua fr\u00eda)<\/p>\n<\/li>\n<li class=\"\" data-start=\"414\" data-end=\"440\">\n<p class=\"\" data-start=\"416\" data-end=\"440\"><strong data-start=\"416\" data-end=\"429\">Cartucho:<\/strong> Cer\u00e1mico<\/p>\n<\/li>\n<li class=\"\" data-start=\"441\" data-end=\"463\">\n<p class=\"\" data-start=\"443\" data-end=\"463\"><strong data-start=\"443\" data-end=\"456\">Conexi\u00f3n:<\/strong> G1\/2<\/p>\n<\/li>\n<li class=\"\" data-start=\"464\" data-end=\"505\">\n<p class=\"\" data-start=\"466\" data-end=\"505\"><strong data-start=\"466\" data-end=\"476\">Flexo:<\/strong> Acero inoxidable de 100 cm<\/p>\n<\/li>\n<li class=\"\" data-start=\"506\" data-end=\"545\">\n<p class=\"\" data-start=\"508\" data-end=\"545\"><strong data-start=\"508\" data-end=\"531\">Presi\u00f3n de trabajo:<\/strong> 0.1 &#8211; 1.0 MPa<\/p>\n<\/li>\n<\/ul>\n","protected":false},"excerpt":{"rendered":"<p>Grifo de bid\u00e9 empotrado con acabado oro mate y protecci\u00f3n  [&#8230;]<\/p>\n","protected":false},"featured_media":15217,"template":"","meta":[],"product_brand":[],"product_cat":[54,59],"product_tag":[],"serie":[44],"manual-de-instalacion":[],"color":[350],"class_list":{"0":"post-15221","1":"product","2":"type-product","3":"status-publish","4":"has-post-thumbnail","6":"product_cat-grifos-de-bidet","7":"product_cat-grifos-de-bidet-empotrados","8":"serie-cabriel","9":"color-oro-mate-cepillado","11":"first","12":"instock","13":"taxable","14":"shipping-taxable","15":"product-type-simple"},"_links":{"self":[{"href":"https:\/\/www.valaz.es\/fr\/wp-json\/wp\/v2\/product\/15221","targetHints":{"allow":["GET"]}}],"collection":[{"href":"https:\/\/www.valaz.es\/fr\/wp-json\/wp\/v2\/product"}],"about":[{"href":"https:\/\/www.valaz.es\/fr\/wp-json\/wp\/v2\/types\/product"}],"wp:featuredmedia":[{"embeddable":true,"href":"https:\/\/www.valaz.es\/fr\/wp-json\/wp\/v2\/media\/15217"}],"wp:attachment":[{"href":"https:\/\/www.valaz.es\/fr\/wp-json\/wp\/v2\/media?parent=15221"}],"wp:term":[{"taxonomy":"product_brand","embeddable":true,"href":"https:\/\/www.valaz.es\/fr\/wp-json\/wp\/v2\/product_brand?post=15221"},{"taxonomy":"product_cat","embeddable":true,"href":"https:\/\/www.valaz.es\/fr\/wp-json\/wp\/v2\/product_cat?post=15221"},{"taxonomy":"product_tag","embeddable":true,"href":"https:\/\/www.valaz.es\/fr\/wp-json\/wp\/v2\/product_tag?post=15221"},{"taxonomy":"serie","embeddable":true,"href":"https:\/\/www.valaz.es\/fr\/wp-json\/wp\/v2\/serie?post=15221"},{"taxonomy":"manual-de-instalacion","embeddable":true,"href":"https:\/\/www.valaz.es\/fr\/wp-json\/wp\/v2\/manual-de-instalacion?post=15221"},{"taxonomy":"color","embeddable":true,"href":"https:\/\/www.valaz.es\/fr\/wp-json\/wp\/v2\/color?post=15221"}],"curies":[{"name":"wp","href":"https:\/\/api.w.org\/{rel}","templated":true}]}}