{"id":15129,"date":"2025-01-22T17:24:44","date_gmt":"2025-01-22T16:24:44","guid":{"rendered":"https:\/\/www.valaz.es\/?post_type=product&#038;p=15129"},"modified":"2026-04-17T09:26:27","modified_gmt":"2026-04-17T07:26:27","slug":"toallero-para-colgar-en-mueble-cuadrado-en-negro-mate-para-bano","status":"publish","type":"product","link":"https:\/\/www.valaz.es\/fr\/produit\/toallero-para-colgar-en-mueble-cuadrado-en-negro-mate-para-bano\/","title":{"rendered":"Toallero para colgar en mueble cuadrado en negro mate para ba\u00f1o"},"content":{"rendered":"<p class=\"\" data-start=\"56\" data-end=\"231\">Toallero de dise\u00f1o cuadrado con acabado negro mate, ideal para aportar un estilo moderno y elegante al ba\u00f1o. Su instalaci\u00f3n de colgar permite un acceso c\u00f3modo a las toallas.<\/p>\n<h5 class=\"\" data-start=\"233\" data-end=\"258\">Especificaciones:<\/h5>\n<ul data-start=\"259\" data-end=\"372\" data-is-last-node=\"\" data-is-only-node=\"\">\n<li class=\"\" data-start=\"259\" data-end=\"282\">\n<p class=\"\" data-start=\"261\" data-end=\"282\"><strong data-start=\"261\" data-end=\"274\">Material:<\/strong> Metal<\/p>\n<\/li>\n<li class=\"\" data-start=\"283\" data-end=\"310\">\n<p class=\"\" data-start=\"285\" data-end=\"310\"><strong data-start=\"285\" data-end=\"297\">Acabado:<\/strong> Negro mate<\/p>\n<\/li>\n<li class=\"\" data-start=\"311\" data-end=\"349\">\n<p class=\"\" data-start=\"313\" data-end=\"349\"><strong data-start=\"313\" data-end=\"337\">Tipo de instalaci\u00f3n:<\/strong> De colgar<\/p>\n<\/li>\n<li class=\"\" data-start=\"350\" data-end=\"372\">\n<p class=\"\" data-start=\"352\" data-end=\"372\"><strong data-start=\"352\" data-end=\"363\">Dise\u00f1o:<\/strong> Cuadrado<\/p>\n<\/li>\n<\/ul>\n","protected":false},"excerpt":{"rendered":"<p>Toallero de dise\u00f1o cuadrado con acabado negro mate, ideal para  [&#8230;]<\/p>\n","protected":false},"featured_media":15108,"template":"","meta":[],"product_brand":[],"product_cat":[388],"product_tag":[],"serie":[],"manual-de-instalacion":[],"color":[27],"class_list":{"0":"post-15129","1":"product","2":"type-product","3":"status-publish","4":"has-post-thumbnail","6":"product_cat-accesorios-2","7":"color-negro-mate","9":"first","10":"outofstock","11":"taxable","12":"shipping-taxable","13":"product-type-simple"},"_links":{"self":[{"href":"https:\/\/www.valaz.es\/fr\/wp-json\/wp\/v2\/product\/15129","targetHints":{"allow":["GET"]}}],"collection":[{"href":"https:\/\/www.valaz.es\/fr\/wp-json\/wp\/v2\/product"}],"about":[{"href":"https:\/\/www.valaz.es\/fr\/wp-json\/wp\/v2\/types\/product"}],"wp:featuredmedia":[{"embeddable":true,"href":"https:\/\/www.valaz.es\/fr\/wp-json\/wp\/v2\/media\/15108"}],"wp:attachment":[{"href":"https:\/\/www.valaz.es\/fr\/wp-json\/wp\/v2\/media?parent=15129"}],"wp:term":[{"taxonomy":"product_brand","embeddable":true,"href":"https:\/\/www.valaz.es\/fr\/wp-json\/wp\/v2\/product_brand?post=15129"},{"taxonomy":"product_cat","embeddable":true,"href":"https:\/\/www.valaz.es\/fr\/wp-json\/wp\/v2\/product_cat?post=15129"},{"taxonomy":"product_tag","embeddable":true,"href":"https:\/\/www.valaz.es\/fr\/wp-json\/wp\/v2\/product_tag?post=15129"},{"taxonomy":"serie","embeddable":true,"href":"https:\/\/www.valaz.es\/fr\/wp-json\/wp\/v2\/serie?post=15129"},{"taxonomy":"manual-de-instalacion","embeddable":true,"href":"https:\/\/www.valaz.es\/fr\/wp-json\/wp\/v2\/manual-de-instalacion?post=15129"},{"taxonomy":"color","embeddable":true,"href":"https:\/\/www.valaz.es\/fr\/wp-json\/wp\/v2\/color?post=15129"}],"curies":[{"name":"wp","href":"https:\/\/api.w.org\/{rel}","templated":true}]}}