{"id":14973,"date":"2025-01-15T17:22:45","date_gmt":"2025-01-15T16:22:45","guid":{"rendered":"https:\/\/www.valaz.es\/?post_type=product&#038;p=14973"},"modified":"2025-08-29T17:54:18","modified_gmt":"2025-08-29T15:54:18","slug":"barra-de-ducha-cromada-redonda-ajustable-hasta-120cm-sin-grifo","status":"publish","type":"product","link":"https:\/\/www.valaz.es\/fr\/produit\/barra-de-ducha-cromada-redonda-ajustable-hasta-120cm-sin-grifo\/","title":{"rendered":"Barra de ducha cromada redonda ajustable hasta 120CM sin grifo"},"content":{"rendered":"<p class=\"\" data-start=\"60\" data-end=\"307\">Barra de ducha de dise\u00f1o redondo fabricada en acero inoxidable, ideal para complementar cualquier ba\u00f1o. Su sistema telesc\u00f3pico permite ajustar la altura para mayor comodidad. Incluye accesorios funcionales para una experiencia de ducha completa.<\/p>\n<h5 class=\"\" data-start=\"309\" data-end=\"334\">Especificaciones:<\/h5>\n<ul data-start=\"335\" data-end=\"579\" data-is-last-node=\"\" data-is-only-node=\"\">\n<li class=\"\" data-start=\"335\" data-end=\"369\">\n<p class=\"\" data-start=\"337\" data-end=\"369\"><strong data-start=\"337\" data-end=\"350\">Acabado:<\/strong> Cromado<\/p>\n<\/li>\n<li class=\"\" data-start=\"370\" data-end=\"405\">\n<p class=\"\" data-start=\"372\" data-end=\"405\"><strong data-start=\"372\" data-end=\"393\">Altura ajustable:<\/strong> 92-122 cm<\/p>\n<\/li>\n<li class=\"\" data-start=\"406\" data-end=\"440\">\n<p class=\"\" data-start=\"408\" data-end=\"440\"><strong data-start=\"408\" data-end=\"431\">Brazo del rociador:<\/strong> 350 mm<\/p>\n<\/li>\n<li class=\"\" data-start=\"441\" data-end=\"484\">\n<p class=\"\" data-start=\"443\" data-end=\"484\"><strong data-start=\"443\" data-end=\"456\">Rociador:<\/strong> 20 cm de acero inoxidable<\/p>\n<\/li>\n<li class=\"\" data-start=\"485\" data-end=\"515\">\n<p class=\"\" data-start=\"487\" data-end=\"515\"><strong data-start=\"487\" data-end=\"509\">Alcachofa de mano:<\/strong> PVC<\/p>\n<\/li>\n<li class=\"\" data-start=\"516\" data-end=\"546\">\n<p class=\"\" data-start=\"518\" data-end=\"546\"><strong data-start=\"518\" data-end=\"537\">Flexo de ducha:<\/strong> 150 cm de acero inoxidable<\/p>\n<\/li>\n<\/ul>\n","protected":false},"excerpt":{"rendered":"<p>Barra de ducha de dise\u00f1o redondo fabricada en acero inoxidable,  [&#8230;]<\/p>\n","protected":false},"featured_media":14974,"template":"","meta":[],"product_brand":[],"product_cat":[55],"product_tag":[],"serie":[],"manual-de-instalacion":[],"color":[26],"class_list":{"0":"post-14973","1":"product","2":"type-product","3":"status-publish","4":"has-post-thumbnail","6":"product_cat-barras-de-ducha","7":"pa_tamano-rociador-20cm","8":"pa_tamano-rociador-25cm","9":"pa_tamano-rociador-30cm","10":"color-cromo","12":"first","13":"instock","14":"taxable","15":"shipping-taxable","16":"product-type-variable"},"_links":{"self":[{"href":"https:\/\/www.valaz.es\/fr\/wp-json\/wp\/v2\/product\/14973","targetHints":{"allow":["GET"]}}],"collection":[{"href":"https:\/\/www.valaz.es\/fr\/wp-json\/wp\/v2\/product"}],"about":[{"href":"https:\/\/www.valaz.es\/fr\/wp-json\/wp\/v2\/types\/product"}],"wp:featuredmedia":[{"embeddable":true,"href":"https:\/\/www.valaz.es\/fr\/wp-json\/wp\/v2\/media\/14974"}],"wp:attachment":[{"href":"https:\/\/www.valaz.es\/fr\/wp-json\/wp\/v2\/media?parent=14973"}],"wp:term":[{"taxonomy":"product_brand","embeddable":true,"href":"https:\/\/www.valaz.es\/fr\/wp-json\/wp\/v2\/product_brand?post=14973"},{"taxonomy":"product_cat","embeddable":true,"href":"https:\/\/www.valaz.es\/fr\/wp-json\/wp\/v2\/product_cat?post=14973"},{"taxonomy":"product_tag","embeddable":true,"href":"https:\/\/www.valaz.es\/fr\/wp-json\/wp\/v2\/product_tag?post=14973"},{"taxonomy":"serie","embeddable":true,"href":"https:\/\/www.valaz.es\/fr\/wp-json\/wp\/v2\/serie?post=14973"},{"taxonomy":"manual-de-instalacion","embeddable":true,"href":"https:\/\/www.valaz.es\/fr\/wp-json\/wp\/v2\/manual-de-instalacion?post=14973"},{"taxonomy":"color","embeddable":true,"href":"https:\/\/www.valaz.es\/fr\/wp-json\/wp\/v2\/color?post=14973"}],"curies":[{"name":"wp","href":"https:\/\/api.w.org\/{rel}","templated":true}]}}