{"id":14823,"date":"2024-12-17T16:41:37","date_gmt":"2024-12-17T15:41:37","guid":{"rendered":"https:\/\/www.valaz.es\/?post_type=product&#038;p=14823"},"modified":"2026-04-14T15:03:07","modified_gmt":"2026-04-14T13:03:07","slug":"ducha-solar-recta-de-exterior-para-jardin-y-piscina-acero-inoxidable-y-pvc-18-litros","status":"publish","type":"product","link":"https:\/\/www.valaz.es\/fr\/produit\/ducha-solar-recta-de-exterior-para-jardin-y-piscina-acero-inoxidable-y-pvc-18-litros\/","title":{"rendered":"Ducha solar recta de exterior para jard\u00edn y piscina \u2013 Acero inoxidable y PVC \u2013 18 Litros"},"content":{"rendered":"<p class=\"\" data-start=\"102\" data-end=\"327\">Ducha solar exterior con dep\u00f3sito de 18 litros que se calienta de manera natural con la energ\u00eda solar. Ideal para jardines y piscinas, ofrece una soluci\u00f3n ecol\u00f3gica y pr\u00e1ctica para disfrutar del agua caliente al aire libre.<\/p>\n<h5 class=\"\" data-start=\"329\" data-end=\"354\">Especificaciones:<\/h5>\n<ul data-start=\"355\" data-end=\"666\" data-is-last-node=\"\" data-is-only-node=\"\">\n<li class=\"\" data-start=\"355\" data-end=\"396\">\n<p class=\"\" data-start=\"357\" data-end=\"396\"><strong data-start=\"357\" data-end=\"384\">Capacidad del dep\u00f3sito:<\/strong> 18 litros<\/p>\n<\/li>\n<li class=\"\" data-start=\"397\" data-end=\"461\">\n<p class=\"\" data-start=\"399\" data-end=\"461\"><strong data-start=\"399\" data-end=\"412\">Material:<\/strong> Cilindro negro de PVC, cabezal de ducha de ABS<\/p>\n<\/li>\n<li class=\"\" data-start=\"462\" data-end=\"490\">\n<p class=\"\" data-start=\"464\" data-end=\"490\"><strong data-start=\"464\" data-end=\"481\">Altura total:<\/strong> 2.16 m<\/p>\n<\/li>\n<li class=\"\" data-start=\"491\" data-end=\"514\">\n<p class=\"\" data-start=\"493\" data-end=\"514\"><strong data-start=\"493\" data-end=\"506\">Di\u00e1metro:<\/strong> 12 cm<\/p>\n<\/li>\n<li class=\"\" data-start=\"515\" data-end=\"559\">\n<p class=\"\" data-start=\"517\" data-end=\"559\"><strong data-start=\"517\" data-end=\"550\">Altura de la salida del agua:<\/strong> 1.91 m<\/p>\n<\/li>\n<li class=\"\" data-start=\"560\" data-end=\"594\">\n<p class=\"\" data-start=\"562\" data-end=\"594\"><strong data-start=\"562\" data-end=\"586\">Altura de la maneta:<\/strong> 98 cm<\/p>\n<\/li>\n<li class=\"\" data-start=\"595\" data-end=\"624\">\n<p class=\"\" data-start=\"597\" data-end=\"624\"><strong data-start=\"597\" data-end=\"616\">Presi\u00f3n m\u00e1xima:<\/strong> 4 bar<\/p>\n<\/li>\n<li class=\"\" data-start=\"625\" data-end=\"666\">\n<p class=\"\" data-start=\"627\" data-end=\"666\"><strong data-start=\"627\" data-end=\"659\">Temperatura m\u00e1xima del agua:<\/strong> 60\u00baC<\/p>\n<\/li>\n<\/ul>\n","protected":false},"excerpt":{"rendered":"<p>Ducha solar exterior con dep\u00f3sito de 18 litros que se  [&#8230;]<\/p>\n","protected":false},"featured_media":14840,"template":"","meta":[],"product_brand":[],"product_cat":[403],"product_tag":[],"serie":[],"manual-de-instalacion":[],"color":[27],"class_list":{"0":"post-14823","1":"product","2":"type-product","3":"status-publish","4":"has-post-thumbnail","6":"product_cat-ducha-piscina","7":"color-negro-mate","9":"first","10":"outofstock","11":"taxable","12":"shipping-taxable","13":"product-type-simple"},"_links":{"self":[{"href":"https:\/\/www.valaz.es\/fr\/wp-json\/wp\/v2\/product\/14823","targetHints":{"allow":["GET"]}}],"collection":[{"href":"https:\/\/www.valaz.es\/fr\/wp-json\/wp\/v2\/product"}],"about":[{"href":"https:\/\/www.valaz.es\/fr\/wp-json\/wp\/v2\/types\/product"}],"wp:featuredmedia":[{"embeddable":true,"href":"https:\/\/www.valaz.es\/fr\/wp-json\/wp\/v2\/media\/14840"}],"wp:attachment":[{"href":"https:\/\/www.valaz.es\/fr\/wp-json\/wp\/v2\/media?parent=14823"}],"wp:term":[{"taxonomy":"product_brand","embeddable":true,"href":"https:\/\/www.valaz.es\/fr\/wp-json\/wp\/v2\/product_brand?post=14823"},{"taxonomy":"product_cat","embeddable":true,"href":"https:\/\/www.valaz.es\/fr\/wp-json\/wp\/v2\/product_cat?post=14823"},{"taxonomy":"product_tag","embeddable":true,"href":"https:\/\/www.valaz.es\/fr\/wp-json\/wp\/v2\/product_tag?post=14823"},{"taxonomy":"serie","embeddable":true,"href":"https:\/\/www.valaz.es\/fr\/wp-json\/wp\/v2\/serie?post=14823"},{"taxonomy":"manual-de-instalacion","embeddable":true,"href":"https:\/\/www.valaz.es\/fr\/wp-json\/wp\/v2\/manual-de-instalacion?post=14823"},{"taxonomy":"color","embeddable":true,"href":"https:\/\/www.valaz.es\/fr\/wp-json\/wp\/v2\/color?post=14823"}],"curies":[{"name":"wp","href":"https:\/\/api.w.org\/{rel}","templated":true}]}}