{"id":14747,"date":"2024-12-10T13:20:12","date_gmt":"2024-12-10T12:20:12","guid":{"rendered":"https:\/\/www.valaz.es\/?post_type=product&#038;p=14747"},"modified":"2026-03-03T09:25:57","modified_gmt":"2026-03-03T08:25:57","slug":"ducha-empotrada-monomando-techo-redonda-acabado-maneta-luxury-oro-mate-con-proteccion-pvd-serie-torina","status":"publish","type":"product","link":"https:\/\/www.valaz.es\/fr\/produit\/ducha-empotrada-monomando-techo-redonda-acabado-maneta-luxury-oro-mate-con-proteccion-pvd-serie-torina\/","title":{"rendered":"Ducha empotrada monomando techo redonda acabado maneta luxury oro mate con protecci\u00f3n PVD &#8211; Serie Torina"},"content":{"rendered":"<p class=\"\" data-start=\"110\" data-end=\"355\">Ducha empotrada de dise\u00f1o elegante con maneta luxury en acabado oro mate, ideal para ba\u00f1os modernos. Incluye un rociador de techo con opci\u00f3n de diferentes tama\u00f1os, monomando de 2 v\u00edas y alcachofa de mano para una experiencia de ducha completa.<\/p>\n<h5 class=\"\" data-start=\"357\" data-end=\"382\">Especificaciones:<\/h5>\n<ul data-start=\"383\" data-end=\"882\" data-is-last-node=\"\" data-is-only-node=\"\">\n<li class=\"\" data-start=\"383\" data-end=\"443\">\n<p class=\"\" data-start=\"385\" data-end=\"443\"><strong data-start=\"385\" data-end=\"420\">Rociador disponible en tama\u00f1os:<\/strong> 20 cm, 25 cm y 30 cm<\/p>\n<\/li>\n<li class=\"\" data-start=\"444\" data-end=\"627\">\n<p class=\"\" data-start=\"446\" data-end=\"460\"><strong data-start=\"446\" data-end=\"458\">Incluye:<\/strong><\/p>\n<ul data-start=\"463\" data-end=\"627\">\n<li class=\"\" data-start=\"463\" data-end=\"512\">\n<p class=\"\" data-start=\"465\" data-end=\"512\">Rociador de efecto lluvia con soporte a techo<\/p>\n<\/li>\n<li class=\"\" data-start=\"515\" data-end=\"569\">\n<p class=\"\" data-start=\"517\" data-end=\"569\">Monomando de 2 v\u00edas (rociador y alcachofa de mano)<\/p>\n<\/li>\n<li class=\"\" data-start=\"572\" data-end=\"591\">\n<p class=\"\" data-start=\"574\" data-end=\"591\">Flexo de 150 cm<\/p>\n<\/li>\n<li class=\"\" data-start=\"594\" data-end=\"627\">\n<p class=\"\" data-start=\"596\" data-end=\"627\">Alcachofa de mano con soporte<\/p>\n<\/li>\n<li data-start=\"594\" data-end=\"627\">Caja box empotrable<\/li>\n<\/ul>\n<\/li>\n<li class=\"\" data-start=\"628\" data-end=\"770\">\n<p class=\"\" data-start=\"630\" data-end=\"647\"><strong data-start=\"630\" data-end=\"645\">Materiales:<\/strong><\/p>\n<ul data-start=\"650\" data-end=\"770\">\n<li class=\"\" data-start=\"650\" data-end=\"682\">\n<p class=\"\" data-start=\"652\" data-end=\"682\">Rociador de acero inoxidable<\/p>\n<\/li>\n<li class=\"\" data-start=\"685\" data-end=\"707\">\n<p class=\"\" data-start=\"687\" data-end=\"707\">Monomando de lat\u00f3n<\/p>\n<\/li>\n<li class=\"\" data-start=\"710\" data-end=\"738\">\n<p class=\"\" data-start=\"712\" data-end=\"738\">Alcachofa de mano de PVC<\/p>\n<\/li>\n<li class=\"\" data-start=\"741\" data-end=\"770\">\n<p class=\"\" data-start=\"743\" data-end=\"770\">Flexo de PVC<\/p>\n<\/li>\n<\/ul>\n<\/li>\n<li class=\"\" data-start=\"771\" data-end=\"815\">\n<p class=\"\" data-start=\"773\" data-end=\"815\"><strong data-start=\"773\" data-end=\"785\">Acabado:<\/strong> Oro mate con protecci\u00f3n PVD<\/p>\n<\/li>\n<li class=\"\" data-start=\"816\" data-end=\"882\">\n<p class=\"\" data-start=\"818\" data-end=\"882\"><strong data-start=\"818\" data-end=\"832\">Funciones:<\/strong> Efecto lluvia del rociador y alcachofa de mano.<\/p>\n<\/li>\n<\/ul>\n","protected":false},"excerpt":{"rendered":"<p>Ducha empotrada de dise\u00f1o elegante con maneta luxury en acabado  [&#8230;]<\/p>\n","protected":false},"featured_media":14739,"template":"","meta":[],"product_brand":[],"product_cat":[57],"product_tag":[],"serie":[397],"manual-de-instalacion":[],"color":[],"class_list":{"0":"post-14747","1":"product","2":"type-product","3":"status-publish","4":"has-post-thumbnail","6":"product_cat-duchas-empotradas","7":"pa_tamano-rociador-20cm","8":"pa_tamano-rociador-25cm","9":"pa_tamano-rociador-30cm","10":"serie-torina","12":"first","13":"instock","14":"taxable","15":"shipping-taxable","16":"product-type-variable"},"_links":{"self":[{"href":"https:\/\/www.valaz.es\/fr\/wp-json\/wp\/v2\/product\/14747","targetHints":{"allow":["GET"]}}],"collection":[{"href":"https:\/\/www.valaz.es\/fr\/wp-json\/wp\/v2\/product"}],"about":[{"href":"https:\/\/www.valaz.es\/fr\/wp-json\/wp\/v2\/types\/product"}],"wp:featuredmedia":[{"embeddable":true,"href":"https:\/\/www.valaz.es\/fr\/wp-json\/wp\/v2\/media\/14739"}],"wp:attachment":[{"href":"https:\/\/www.valaz.es\/fr\/wp-json\/wp\/v2\/media?parent=14747"}],"wp:term":[{"taxonomy":"product_brand","embeddable":true,"href":"https:\/\/www.valaz.es\/fr\/wp-json\/wp\/v2\/product_brand?post=14747"},{"taxonomy":"product_cat","embeddable":true,"href":"https:\/\/www.valaz.es\/fr\/wp-json\/wp\/v2\/product_cat?post=14747"},{"taxonomy":"product_tag","embeddable":true,"href":"https:\/\/www.valaz.es\/fr\/wp-json\/wp\/v2\/product_tag?post=14747"},{"taxonomy":"serie","embeddable":true,"href":"https:\/\/www.valaz.es\/fr\/wp-json\/wp\/v2\/serie?post=14747"},{"taxonomy":"manual-de-instalacion","embeddable":true,"href":"https:\/\/www.valaz.es\/fr\/wp-json\/wp\/v2\/manual-de-instalacion?post=14747"},{"taxonomy":"color","embeddable":true,"href":"https:\/\/www.valaz.es\/fr\/wp-json\/wp\/v2\/color?post=14747"}],"curies":[{"name":"wp","href":"https:\/\/api.w.org\/{rel}","templated":true}]}}