{"id":14553,"date":"2024-12-04T15:58:23","date_gmt":"2024-12-04T14:58:23","guid":{"rendered":"https:\/\/www.valaz.es\/?post_type=product&#038;p=14553"},"modified":"2025-12-12T18:57:18","modified_gmt":"2025-12-12T17:57:18","slug":"ducha-empotrada-monomando-pared-redonda-dorado-cepillado-con-maneta-ancha-serie-cabriel","status":"publish","type":"product","link":"https:\/\/www.valaz.es\/fr\/produit\/ducha-empotrada-monomando-pared-redonda-dorado-cepillado-con-maneta-ancha-serie-cabriel\/","title":{"rendered":"Ducha empotrada monomando pared redonda dorado cepillado con maneta ancha &#8211; Serie Cabriel"},"content":{"rendered":"<p class=\"\" data-start=\"93\" data-end=\"353\">Esta ducha empotrada de pared con acabado dorado cepillado est\u00e1 dise\u00f1ada para ofrecer un estilo elegante y moderno. Su maneta ancha permite un f\u00e1cil control del flujo de agua, mientras que los materiales de alta calidad garantizan su durabilidad y resistencia.<\/p>\n<h5 class=\"\" data-start=\"355\" data-end=\"378\">Especificaciones:<\/h5>\n<ul data-start=\"380\" data-end=\"651\" data-is-last-node=\"\" data-is-only-node=\"\">\n<li class=\"\" data-start=\"380\" data-end=\"619\">\n<p class=\"\" data-start=\"382\" data-end=\"394\"><strong data-start=\"382\" data-end=\"394\">Incluye:<\/strong><\/p>\n<ul data-start=\"397\" data-end=\"619\">\n<li class=\"\" data-start=\"397\" data-end=\"411\">\n<p class=\"\" data-start=\"399\" data-end=\"411\">Embellecedor<\/p>\n<\/li>\n<li class=\"\" data-start=\"414\" data-end=\"483\">\n<p class=\"\" data-start=\"416\" data-end=\"483\">Soporte de rociador y rociador (disponible en 20 cm, 25 cm y 30 cm)<\/p>\n<\/li>\n<li class=\"\" data-start=\"486\" data-end=\"518\">\n<p class=\"\" data-start=\"488\" data-end=\"518\">Soporte para alcachofa de mano<\/p>\n<\/li>\n<li class=\"\" data-start=\"521\" data-end=\"540\">\n<p class=\"\" data-start=\"523\" data-end=\"540\">Alcachofa de mano de PVC<\/p>\n<\/li>\n<li class=\"\" data-start=\"543\" data-end=\"559\">\n<p class=\"\" data-start=\"545\" data-end=\"559\">Flexo de ducha PVC<\/p>\n<\/li>\n<li class=\"\" data-start=\"562\" data-end=\"572\">\n<p class=\"\" data-start=\"564\" data-end=\"572\">Caja box empotrable<\/p>\n<\/li>\n<li class=\"\" data-start=\"575\" data-end=\"589\">\n<p class=\"\" data-start=\"577\" data-end=\"589\">Embellecedor<\/p>\n<\/li>\n<li class=\"\" data-start=\"592\" data-end=\"606\">\n<p class=\"\" data-start=\"594\" data-end=\"606\">Maneta ancha<\/p>\n<\/li>\n<li class=\"\" data-start=\"609\" data-end=\"619\">\n<p class=\"\" data-start=\"611\" data-end=\"619\">Selector<\/p>\n<\/li>\n<\/ul>\n<\/li>\n<li class=\"\" data-start=\"620\" data-end=\"651\">\n<p class=\"\" data-start=\"622\" data-end=\"651\"><strong data-start=\"622\" data-end=\"634\">Acabado:<\/strong> Dorado cepillado<\/p>\n<\/li>\n<\/ul>\n","protected":false},"excerpt":{"rendered":"<p>Esta ducha empotrada de pared con acabado dorado cepillado est\u00e1  [&#8230;]<\/p>\n","protected":false},"featured_media":14557,"template":"","meta":[],"product_brand":[],"product_cat":[57],"product_tag":[],"serie":[44],"manual-de-instalacion":[78],"color":[34],"class_list":{"0":"post-14553","1":"product","2":"type-product","3":"status-publish","4":"has-post-thumbnail","6":"product_cat-duchas-empotradas","7":"pa_tamano-rociador-20cm","8":"pa_tamano-rociador-25cm","9":"pa_tamano-rociador-30cm","10":"serie-cabriel","11":"manual-de-instalacion-guia-instalacion-duchas-empotradas-monomando","12":"color-dorado-cepillado","14":"first","15":"instock","16":"taxable","17":"shipping-taxable","18":"product-type-variable"},"_links":{"self":[{"href":"https:\/\/www.valaz.es\/fr\/wp-json\/wp\/v2\/product\/14553","targetHints":{"allow":["GET"]}}],"collection":[{"href":"https:\/\/www.valaz.es\/fr\/wp-json\/wp\/v2\/product"}],"about":[{"href":"https:\/\/www.valaz.es\/fr\/wp-json\/wp\/v2\/types\/product"}],"wp:featuredmedia":[{"embeddable":true,"href":"https:\/\/www.valaz.es\/fr\/wp-json\/wp\/v2\/media\/14557"}],"wp:attachment":[{"href":"https:\/\/www.valaz.es\/fr\/wp-json\/wp\/v2\/media?parent=14553"}],"wp:term":[{"taxonomy":"product_brand","embeddable":true,"href":"https:\/\/www.valaz.es\/fr\/wp-json\/wp\/v2\/product_brand?post=14553"},{"taxonomy":"product_cat","embeddable":true,"href":"https:\/\/www.valaz.es\/fr\/wp-json\/wp\/v2\/product_cat?post=14553"},{"taxonomy":"product_tag","embeddable":true,"href":"https:\/\/www.valaz.es\/fr\/wp-json\/wp\/v2\/product_tag?post=14553"},{"taxonomy":"serie","embeddable":true,"href":"https:\/\/www.valaz.es\/fr\/wp-json\/wp\/v2\/serie?post=14553"},{"taxonomy":"manual-de-instalacion","embeddable":true,"href":"https:\/\/www.valaz.es\/fr\/wp-json\/wp\/v2\/manual-de-instalacion?post=14553"},{"taxonomy":"color","embeddable":true,"href":"https:\/\/www.valaz.es\/fr\/wp-json\/wp\/v2\/color?post=14553"}],"curies":[{"name":"wp","href":"https:\/\/api.w.org\/{rel}","templated":true}]}}