{"id":14447,"date":"2024-12-04T13:03:18","date_gmt":"2024-12-04T12:03:18","guid":{"rendered":"https:\/\/www.valaz.es\/?post_type=product&#038;p=14447"},"modified":"2025-06-27T09:47:29","modified_gmt":"2025-06-27T07:47:29","slug":"ducha-empotrada-monomando-techo-redonda-acabado-maneta-luxury-cromado-serie-ofin","status":"publish","type":"product","link":"https:\/\/www.valaz.es\/fr\/produit\/ducha-empotrada-monomando-techo-redonda-acabado-maneta-luxury-cromado-serie-ofin\/","title":{"rendered":"Ducha empotrada monomando techo redonda acabado maneta luxury cromado &#8211; Serie Ofin"},"content":{"rendered":"<p class=\"\" data-start=\"86\" data-end=\"348\">La ducha empotrada monomando techo redonda de la serie Ofin con acabado maneta luxury cromado destaca por su elegancia y funcionalidad. Ideal para quienes buscan un dise\u00f1o cl\u00e1sico con un toque moderno, esta ducha ofrece una experiencia de ba\u00f1o c\u00f3moda y pr\u00e1ctica.<\/p>\n<h5 class=\"\" data-start=\"350\" data-end=\"373\">Especificaciones:<\/h5>\n<ul data-start=\"375\" data-end=\"841\">\n<li class=\"\" data-start=\"375\" data-end=\"590\">\n<p class=\"\" data-start=\"377\" data-end=\"389\"><strong data-start=\"377\" data-end=\"389\">Incluye:<\/strong><\/p>\n<ul data-start=\"392\" data-end=\"590\">\n<li class=\"\" data-start=\"392\" data-end=\"467\">\n<p class=\"\" data-start=\"394\" data-end=\"467\">Rociador redondo disponible en tama\u00f1os 20, 25 y 30 cm con soporte a techo<\/p>\n<\/li>\n<li class=\"\" data-start=\"470\" data-end=\"536\">\n<p class=\"\" data-start=\"472\" data-end=\"536\">Monomando de 2 v\u00edas (rociador efecto lluvia y alcachofa de mano)<\/p>\n<\/li>\n<li class=\"\" data-start=\"539\" data-end=\"556\">\n<p class=\"\" data-start=\"541\" data-end=\"556\">Flexo de 150 cm<\/p>\n<\/li>\n<li class=\"\" data-start=\"559\" data-end=\"590\">\n<p class=\"\" data-start=\"561\" data-end=\"590\">Alcachofa de mano con soporte<\/p>\n<\/li>\n<li data-start=\"559\" data-end=\"590\">Caja box empotrable<\/li>\n<\/ul>\n<\/li>\n<li class=\"\" data-start=\"591\" data-end=\"723\">\n<p class=\"\" data-start=\"593\" data-end=\"608\"><strong data-start=\"593\" data-end=\"608\">Materiales:<\/strong><\/p>\n<ul data-start=\"611\" data-end=\"723\">\n<li class=\"\" data-start=\"611\" data-end=\"641\">\n<p class=\"\" data-start=\"613\" data-end=\"641\">Rociador de acero inoxidable<\/p>\n<\/li>\n<li class=\"\" data-start=\"644\" data-end=\"664\">\n<p class=\"\" data-start=\"646\" data-end=\"664\">Monomando de lat\u00f3n<\/p>\n<\/li>\n<li class=\"\" data-start=\"667\" data-end=\"693\">\n<p class=\"\" data-start=\"669\" data-end=\"693\">Alcachofa de mano de PVC<\/p>\n<\/li>\n<li class=\"\" data-start=\"696\" data-end=\"723\">\n<p class=\"\" data-start=\"698\" data-end=\"723\">Flexo de acero inoxidable<\/p>\n<\/li>\n<\/ul>\n<\/li>\n<li class=\"\" data-start=\"724\" data-end=\"746\">\n<p class=\"\" data-start=\"726\" data-end=\"746\"><strong data-start=\"726\" data-end=\"738\">Acabado:<\/strong> Cromado<\/p>\n<\/li>\n<li class=\"\" data-start=\"747\" data-end=\"841\">\n<p class=\"\" data-start=\"749\" data-end=\"764\"><strong data-start=\"749\" data-end=\"763\">Funciones:<\/strong><\/p>\n<ul data-start=\"767\" data-end=\"841\">\n<li class=\"\" data-start=\"767\" data-end=\"795\">\n<p class=\"\" data-start=\"769\" data-end=\"795\">Efecto lluvia del rociador<\/p>\n<\/li>\n<li class=\"\" data-start=\"798\" data-end=\"841\">\n<p class=\"\" data-start=\"800\" data-end=\"841\">Alcachofa de mano para mayor versatilidad<\/p>\n<\/li>\n<\/ul>\n<\/li>\n<\/ul>\n<p class=\"\" data-start=\"843\" data-end=\"1146\">Con su acabado cromado, esta ducha a\u00f1ade un toque de sofisticaci\u00f3n a cualquier ba\u00f1o, proporcionando tanto estilo como durabilidad. El dise\u00f1o de lujo y la maneta ancha aseguran un control preciso, mientras que el sistema de dos funciones ofrece flexibilidad en el uso del rociador y la alcachofa de mano.<\/p>\n","protected":false},"excerpt":{"rendered":"<p>La ducha empotrada monomando techo redonda de la serie Ofin  [&#8230;]<\/p>\n","protected":false},"featured_media":14451,"template":"","meta":[],"product_brand":[],"product_cat":[57],"product_tag":[],"serie":[401],"manual-de-instalacion":[],"color":[],"class_list":{"0":"post-14447","1":"product","2":"type-product","3":"status-publish","4":"has-post-thumbnail","6":"product_cat-duchas-empotradas","7":"pa_tamano-rociador-20cm","8":"pa_tamano-rociador-25cm","9":"pa_tamano-rociador-30cm","10":"serie-ofin","12":"first","13":"instock","14":"taxable","15":"shipping-taxable","16":"product-type-variable"},"_links":{"self":[{"href":"https:\/\/www.valaz.es\/fr\/wp-json\/wp\/v2\/product\/14447","targetHints":{"allow":["GET"]}}],"collection":[{"href":"https:\/\/www.valaz.es\/fr\/wp-json\/wp\/v2\/product"}],"about":[{"href":"https:\/\/www.valaz.es\/fr\/wp-json\/wp\/v2\/types\/product"}],"wp:featuredmedia":[{"embeddable":true,"href":"https:\/\/www.valaz.es\/fr\/wp-json\/wp\/v2\/media\/14451"}],"wp:attachment":[{"href":"https:\/\/www.valaz.es\/fr\/wp-json\/wp\/v2\/media?parent=14447"}],"wp:term":[{"taxonomy":"product_brand","embeddable":true,"href":"https:\/\/www.valaz.es\/fr\/wp-json\/wp\/v2\/product_brand?post=14447"},{"taxonomy":"product_cat","embeddable":true,"href":"https:\/\/www.valaz.es\/fr\/wp-json\/wp\/v2\/product_cat?post=14447"},{"taxonomy":"product_tag","embeddable":true,"href":"https:\/\/www.valaz.es\/fr\/wp-json\/wp\/v2\/product_tag?post=14447"},{"taxonomy":"serie","embeddable":true,"href":"https:\/\/www.valaz.es\/fr\/wp-json\/wp\/v2\/serie?post=14447"},{"taxonomy":"manual-de-instalacion","embeddable":true,"href":"https:\/\/www.valaz.es\/fr\/wp-json\/wp\/v2\/manual-de-instalacion?post=14447"},{"taxonomy":"color","embeddable":true,"href":"https:\/\/www.valaz.es\/fr\/wp-json\/wp\/v2\/color?post=14447"}],"curies":[{"name":"wp","href":"https:\/\/api.w.org\/{rel}","templated":true}]}}