{"id":14443,"date":"2024-12-04T12:55:36","date_gmt":"2024-12-04T11:55:36","guid":{"rendered":"https:\/\/www.valaz.es\/?post_type=product&#038;p=14443"},"modified":"2025-09-01T16:54:28","modified_gmt":"2025-09-01T14:54:28","slug":"ducha-empotrada-monomando-techo-redonda-oro-mate-con-proteccion-pvd-serie-cenia","status":"publish","type":"product","link":"https:\/\/www.valaz.es\/fr\/produit\/ducha-empotrada-monomando-techo-redonda-oro-mate-con-proteccion-pvd-serie-cenia\/","title":{"rendered":"Ducha empotrada monomando techo redonda oro mate con protecci\u00f3n PVD &#8211; Serie Cenia"},"content":{"rendered":"<p class=\"\" data-start=\"85\" data-end=\"416\">La ducha empotrada monomando techo redonda de la serie Cenia con acabado oro mate con protecci\u00f3n PVD es una opci\u00f3n premium que combina un dise\u00f1o elegante y moderno con una alta resistencia y durabilidad. Perfecta para quienes buscan una experiencia de ba\u00f1o de lujo, esta ducha ofrece funcionalidades avanzadas para mayor comodidad.<\/p>\n<h5 class=\"\" data-start=\"418\" data-end=\"441\">Especificaciones:<\/h5>\n<ul data-start=\"443\" data-end=\"892\">\n<li class=\"\" data-start=\"443\" data-end=\"658\">\n<p class=\"\" data-start=\"445\" data-end=\"457\"><strong data-start=\"445\" data-end=\"457\">Incluye:<\/strong><\/p>\n<ul data-start=\"460\" data-end=\"658\">\n<li class=\"\" data-start=\"460\" data-end=\"535\">\n<p class=\"\" data-start=\"462\" data-end=\"535\">Rociador redondo disponible en tama\u00f1os 20, 25 y 30 cm con soporte a techo<\/p>\n<\/li>\n<li class=\"\" data-start=\"538\" data-end=\"604\">\n<p class=\"\" data-start=\"540\" data-end=\"604\">Monomando de 2 v\u00edas (rociador efecto lluvia y alcachofa de mano)<\/p>\n<\/li>\n<li class=\"\" data-start=\"607\" data-end=\"624\">\n<p class=\"\" data-start=\"609\" data-end=\"624\">Flexo de 150 cm<\/p>\n<\/li>\n<li class=\"\" data-start=\"627\" data-end=\"658\">\n<p class=\"\" data-start=\"629\" data-end=\"658\">Alcachofa de mano con soporte<\/p>\n<\/li>\n<li data-start=\"627\" data-end=\"658\">Caja box empotrable<\/li>\n<\/ul>\n<\/li>\n<li class=\"\" data-start=\"659\" data-end=\"778\">\n<p class=\"\" data-start=\"661\" data-end=\"676\"><strong data-start=\"661\" data-end=\"676\">Materiales:<\/strong><\/p>\n<ul data-start=\"679\" data-end=\"778\">\n<li class=\"\" data-start=\"679\" data-end=\"709\">\n<p class=\"\" data-start=\"681\" data-end=\"709\">Rociador de acero inoxidable<\/p>\n<\/li>\n<li class=\"\" data-start=\"712\" data-end=\"732\">\n<p class=\"\" data-start=\"714\" data-end=\"732\">Monomando de lat\u00f3n<\/p>\n<\/li>\n<li class=\"\" data-start=\"735\" data-end=\"761\">\n<p class=\"\" data-start=\"737\" data-end=\"761\">Alcachofa de mano de PVC<\/p>\n<\/li>\n<li class=\"\" data-start=\"764\" data-end=\"778\">\n<p class=\"\" data-start=\"766\" data-end=\"778\">Flexo de PVC<\/p>\n<\/li>\n<\/ul>\n<\/li>\n<li class=\"\" data-start=\"779\" data-end=\"821\">\n<p class=\"\" data-start=\"781\" data-end=\"821\"><strong data-start=\"781\" data-end=\"793\">Acabado:<\/strong> Oro mate con protecci\u00f3n PVD<\/p>\n<\/li>\n<li class=\"\" data-start=\"822\" data-end=\"892\">\n<p class=\"\" data-start=\"824\" data-end=\"839\"><strong data-start=\"824\" data-end=\"838\">Funciones:<\/strong><\/p>\n<ul data-start=\"842\" data-end=\"892\">\n<li class=\"\" data-start=\"842\" data-end=\"870\">\n<p class=\"\" data-start=\"844\" data-end=\"870\">Efecto lluvia del rociador<\/p>\n<\/li>\n<li class=\"\" data-start=\"873\" data-end=\"892\">\n<p class=\"\" data-start=\"875\" data-end=\"892\">Alcachofa de mano<\/p>\n<\/li>\n<\/ul>\n<\/li>\n<\/ul>\n<p class=\"\" data-start=\"894\" data-end=\"1253\">El acabado en oro mate con protecci\u00f3n PVD no solo aporta un toque sofisticado y exclusivo, sino que tambi\u00e9n garantiza una mayor resistencia a la corrosi\u00f3n y desgaste, manteniendo su aspecto impecable a lo largo del tiempo. Con dos funciones (efecto lluvia y alcachofa de mano), esta ducha te permite personalizar tu experiencia de ba\u00f1o con comodidad y estilo.<\/p>\n","protected":false},"excerpt":{"rendered":"<p>La ducha empotrada monomando techo redonda de la serie Cenia  [&#8230;]<\/p>\n","protected":false},"featured_media":14427,"template":"","meta":[],"product_brand":[],"product_cat":[57],"product_tag":[],"serie":[399],"manual-de-instalacion":[],"color":[],"class_list":{"0":"post-14443","1":"product","2":"type-product","3":"status-publish","4":"has-post-thumbnail","6":"product_cat-duchas-empotradas","7":"pa_tamano-rociador-20cm","8":"pa_tamano-rociador-25cm","9":"pa_tamano-rociador-30cm","10":"serie-cenia","12":"first","13":"instock","14":"taxable","15":"shipping-taxable","16":"product-type-variable"},"_links":{"self":[{"href":"https:\/\/www.valaz.es\/fr\/wp-json\/wp\/v2\/product\/14443","targetHints":{"allow":["GET"]}}],"collection":[{"href":"https:\/\/www.valaz.es\/fr\/wp-json\/wp\/v2\/product"}],"about":[{"href":"https:\/\/www.valaz.es\/fr\/wp-json\/wp\/v2\/types\/product"}],"wp:featuredmedia":[{"embeddable":true,"href":"https:\/\/www.valaz.es\/fr\/wp-json\/wp\/v2\/media\/14427"}],"wp:attachment":[{"href":"https:\/\/www.valaz.es\/fr\/wp-json\/wp\/v2\/media?parent=14443"}],"wp:term":[{"taxonomy":"product_brand","embeddable":true,"href":"https:\/\/www.valaz.es\/fr\/wp-json\/wp\/v2\/product_brand?post=14443"},{"taxonomy":"product_cat","embeddable":true,"href":"https:\/\/www.valaz.es\/fr\/wp-json\/wp\/v2\/product_cat?post=14443"},{"taxonomy":"product_tag","embeddable":true,"href":"https:\/\/www.valaz.es\/fr\/wp-json\/wp\/v2\/product_tag?post=14443"},{"taxonomy":"serie","embeddable":true,"href":"https:\/\/www.valaz.es\/fr\/wp-json\/wp\/v2\/serie?post=14443"},{"taxonomy":"manual-de-instalacion","embeddable":true,"href":"https:\/\/www.valaz.es\/fr\/wp-json\/wp\/v2\/manual-de-instalacion?post=14443"},{"taxonomy":"color","embeddable":true,"href":"https:\/\/www.valaz.es\/fr\/wp-json\/wp\/v2\/color?post=14443"}],"curies":[{"name":"wp","href":"https:\/\/api.w.org\/{rel}","templated":true}]}}