{"id":14393,"date":"2025-04-02T12:56:37","date_gmt":"2025-04-02T10:56:37","guid":{"rendered":"https:\/\/www.valaz.es\/?post_type=product&#038;p=14393"},"modified":"2025-07-31T20:54:24","modified_gmt":"2025-07-31T18:54:24","slug":"ducha-encastrada-monomando-a-ras-techo-cuadrada-cromada-serie-eresma","status":"publish","type":"product","link":"https:\/\/www.valaz.es\/fr\/produit\/ducha-encastrada-monomando-a-ras-techo-cuadrada-cromada-serie-eresma\/","title":{"rendered":"Ducha encastrada monomando a ras techo cuadrada cromada &#8211; Serie Eresma"},"content":{"rendered":"<p class=\"\" data-start=\"74\" data-end=\"390\">La ducha encastrada monomando a ras techo cuadrada de la serie Eresma con acabado cromado ofrece una opci\u00f3n elegante y funcional para modernizar tu ba\u00f1o. Su dise\u00f1o a ras de techo proporciona un estilo limpio y sofisticado, mientras que su combinaci\u00f3n de materiales asegura una experiencia de ducha c\u00f3moda y duradera.<\/p>\n<h5 class=\"\" data-start=\"392\" data-end=\"415\">Especificaciones:<\/h5>\n<ul data-start=\"417\" data-end=\"852\">\n<li class=\"\" data-start=\"417\" data-end=\"639\">\n<p class=\"\" data-start=\"419\" data-end=\"431\"><strong data-start=\"419\" data-end=\"431\">Incluye:<\/strong><\/p>\n<ul data-start=\"434\" data-end=\"639\">\n<li class=\"\" data-start=\"434\" data-end=\"516\">\n<p class=\"\" data-start=\"436\" data-end=\"516\">Rociador cuadrado disponible en tama\u00f1os 30&#215;30 cm y 40&#215;40 cm<\/p>\n<\/li>\n<li class=\"\" data-start=\"437\" data-end=\"523\">\n<p class=\"\" data-start=\"439\" data-end=\"523\">Premarco a ras techo<\/p>\n<\/li>\n<li class=\"\" data-start=\"519\" data-end=\"585\">\n<p class=\"\" data-start=\"521\" data-end=\"585\">Monomando de 2 v\u00edas (rociador efecto lluvia y alcachofa de mano)<\/p>\n<\/li>\n<li class=\"\" data-start=\"588\" data-end=\"605\">\n<p class=\"\" data-start=\"590\" data-end=\"605\">Flexo de 150 cm<\/p>\n<\/li>\n<li class=\"\" data-start=\"608\" data-end=\"639\">\n<p class=\"\" data-start=\"610\" data-end=\"639\">Alcachofa de mano con soporte<\/p>\n<\/li>\n<li data-start=\"608\" data-end=\"639\">Caja box empotrable<\/li>\n<\/ul>\n<\/li>\n<li class=\"\" data-start=\"640\" data-end=\"759\">\n<p class=\"\" data-start=\"642\" data-end=\"657\"><strong data-start=\"642\" data-end=\"657\">Materiales:<\/strong><\/p>\n<ul data-start=\"660\" data-end=\"759\">\n<li class=\"\" data-start=\"660\" data-end=\"690\">\n<p class=\"\" data-start=\"662\" data-end=\"690\">Rociador de acero inoxidable<\/p>\n<\/li>\n<li class=\"\" data-start=\"693\" data-end=\"713\">\n<p class=\"\" data-start=\"695\" data-end=\"713\">Monomando de lat\u00f3n<\/p>\n<\/li>\n<li class=\"\" data-start=\"716\" data-end=\"742\">\n<p class=\"\" data-start=\"718\" data-end=\"742\">Alcachofa de mano de PVC<\/p>\n<\/li>\n<li class=\"\" data-start=\"745\" data-end=\"759\">\n<p class=\"\" data-start=\"747\" data-end=\"759\">Flexo de acero inoxidable<\/p>\n<\/li>\n<\/ul>\n<\/li>\n<li class=\"\" data-start=\"760\" data-end=\"782\">\n<p class=\"\" data-start=\"762\" data-end=\"782\"><strong data-start=\"762\" data-end=\"774\">Acabado:<\/strong> Cromado<\/p>\n<\/li>\n<li class=\"\" data-start=\"783\" data-end=\"852\">\n<p class=\"\" data-start=\"785\" data-end=\"799\"><strong data-start=\"785\" data-end=\"799\">Funciones:<\/strong><\/p>\n<ul data-start=\"802\" data-end=\"852\">\n<li class=\"\" data-start=\"802\" data-end=\"830\">\n<p class=\"\" data-start=\"804\" data-end=\"830\">Efecto lluvia del rociador<\/p>\n<\/li>\n<li class=\"\" data-start=\"833\" data-end=\"852\">\n<p class=\"\" data-start=\"835\" data-end=\"852\">Alcachofa de mano<\/p>\n<\/li>\n<\/ul>\n<\/li>\n<\/ul>\n<p class=\"\" data-start=\"854\" data-end=\"1087\">Este modelo permite disfrutar de dos funciones: el relajante efecto lluvia del rociador o la comodidad de la alcachofa de mano para un control m\u00e1s preciso del agua. El acabado cromado a\u00f1ade un toque de sofisticaci\u00f3n a cualquier ba\u00f1o.<\/p>\n","protected":false},"excerpt":{"rendered":"<p>La ducha encastrada monomando a ras techo cuadrada de la  [&#8230;]<\/p>\n","protected":false},"featured_media":14396,"template":"","meta":[],"product_brand":[],"product_cat":[57],"product_tag":[],"serie":[45],"manual-de-instalacion":[86],"color":[26],"class_list":{"0":"post-14393","1":"product","2":"type-product","3":"status-publish","4":"has-post-thumbnail","6":"product_cat-duchas-empotradas","7":"pa_tamano-rociador-30cm","8":"pa_tamano-rociador-40cm","9":"serie-eresma","10":"manual-de-instalacion-guia-instalacion-ducha-ras","11":"color-cromo","13":"first","14":"instock","15":"taxable","16":"shipping-taxable","17":"product-type-variable"},"_links":{"self":[{"href":"https:\/\/www.valaz.es\/fr\/wp-json\/wp\/v2\/product\/14393","targetHints":{"allow":["GET"]}}],"collection":[{"href":"https:\/\/www.valaz.es\/fr\/wp-json\/wp\/v2\/product"}],"about":[{"href":"https:\/\/www.valaz.es\/fr\/wp-json\/wp\/v2\/types\/product"}],"wp:featuredmedia":[{"embeddable":true,"href":"https:\/\/www.valaz.es\/fr\/wp-json\/wp\/v2\/media\/14396"}],"wp:attachment":[{"href":"https:\/\/www.valaz.es\/fr\/wp-json\/wp\/v2\/media?parent=14393"}],"wp:term":[{"taxonomy":"product_brand","embeddable":true,"href":"https:\/\/www.valaz.es\/fr\/wp-json\/wp\/v2\/product_brand?post=14393"},{"taxonomy":"product_cat","embeddable":true,"href":"https:\/\/www.valaz.es\/fr\/wp-json\/wp\/v2\/product_cat?post=14393"},{"taxonomy":"product_tag","embeddable":true,"href":"https:\/\/www.valaz.es\/fr\/wp-json\/wp\/v2\/product_tag?post=14393"},{"taxonomy":"serie","embeddable":true,"href":"https:\/\/www.valaz.es\/fr\/wp-json\/wp\/v2\/serie?post=14393"},{"taxonomy":"manual-de-instalacion","embeddable":true,"href":"https:\/\/www.valaz.es\/fr\/wp-json\/wp\/v2\/manual-de-instalacion?post=14393"},{"taxonomy":"color","embeddable":true,"href":"https:\/\/www.valaz.es\/fr\/wp-json\/wp\/v2\/color?post=14393"}],"curies":[{"name":"wp","href":"https:\/\/api.w.org\/{rel}","templated":true}]}}