{"id":14364,"date":"2025-04-02T13:02:36","date_gmt":"2025-04-02T11:02:36","guid":{"rendered":"https:\/\/www.valaz.es\/?post_type=product&#038;p=14364"},"modified":"2025-12-02T20:54:24","modified_gmt":"2025-12-02T19:54:24","slug":"ducha-empotrada-termostatica-pared-cuadrada-cromada-serie-eresma","status":"publish","type":"product","link":"https:\/\/www.valaz.es\/fr\/produit\/ducha-empotrada-termostatica-pared-cuadrada-cromada-serie-eresma\/","title":{"rendered":"Ducha empotrada termost\u00e1tica pared cuadrada cromada &#8211; Serie Eresma"},"content":{"rendered":"<p class=\"\" data-start=\"70\" data-end=\"409\">La <strong data-start=\"73\" data-end=\"124\">Ducha empotrada termost\u00e1tica de la serie Eresma<\/strong> con acabado cromado es una opci\u00f3n elegante y funcional para cualquier ba\u00f1o. Su dise\u00f1o cuadrado y el soporte a pared brindan un estilo moderno, mientras que el sistema termost\u00e1tico permite un control preciso de la temperatura del agua para una experiencia de ducha m\u00e1s c\u00f3moda y segura.<\/p>\n<h5 class=\"\" data-start=\"411\" data-end=\"434\">Especificaciones:<\/h5>\n<ul data-start=\"436\" data-end=\"893\">\n<li class=\"\" data-start=\"436\" data-end=\"680\">\n<p class=\"\" data-start=\"438\" data-end=\"450\"><strong data-start=\"438\" data-end=\"450\">Incluye:<\/strong><\/p>\n<ul data-start=\"453\" data-end=\"680\">\n<li class=\"\" data-start=\"453\" data-end=\"554\">\n<p class=\"\" data-start=\"455\" data-end=\"554\">Rociador cuadrado disponible en tama\u00f1os 20&#215;20 cm, 25&#215;25 cm, 30&#215;30 cm y 40&#215;40 cm con soporte a pared<\/p>\n<\/li>\n<li class=\"\" data-start=\"557\" data-end=\"626\">\n<p class=\"\" data-start=\"559\" data-end=\"626\">Termost\u00e1tica de 2 v\u00edas (rociador efecto lluvia y alcachofa de mano)<\/p>\n<\/li>\n<li class=\"\" data-start=\"629\" data-end=\"646\">\n<p class=\"\" data-start=\"631\" data-end=\"646\">Flexo de 150 cm<\/p>\n<\/li>\n<li class=\"\" data-start=\"649\" data-end=\"680\">\n<p class=\"\" data-start=\"651\" data-end=\"680\">Alcachofa de mano con soporte<\/p>\n<\/li>\n<li data-start=\"649\" data-end=\"680\">Caja box empotrable<\/li>\n<\/ul>\n<\/li>\n<li class=\"\" data-start=\"681\" data-end=\"800\">\n<p class=\"\" data-start=\"683\" data-end=\"698\"><strong data-start=\"683\" data-end=\"698\">Materiales:<\/strong><\/p>\n<ul data-start=\"701\" data-end=\"800\">\n<li class=\"\" data-start=\"701\" data-end=\"731\">\n<p class=\"\" data-start=\"703\" data-end=\"731\">Rociador de acero inoxidable<\/p>\n<\/li>\n<li class=\"\" data-start=\"734\" data-end=\"754\">\n<p class=\"\" data-start=\"736\" data-end=\"754\">Monomando de lat\u00f3n<\/p>\n<\/li>\n<li class=\"\" data-start=\"757\" data-end=\"783\">\n<p class=\"\" data-start=\"759\" data-end=\"783\">Alcachofa de mano de PVC<\/p>\n<\/li>\n<li class=\"\" data-start=\"786\" data-end=\"800\">\n<p class=\"\" data-start=\"788\" data-end=\"800\">Flexo de acero inoxidable<\/p>\n<\/li>\n<\/ul>\n<\/li>\n<li class=\"\" data-start=\"801\" data-end=\"823\">\n<p class=\"\" data-start=\"803\" data-end=\"823\"><strong data-start=\"803\" data-end=\"815\">Acabado:<\/strong> Cromado<\/p>\n<\/li>\n<li class=\"\" data-start=\"824\" data-end=\"893\">\n<p class=\"\" data-start=\"826\" data-end=\"840\"><strong data-start=\"826\" data-end=\"840\">Funciones:<\/strong><\/p>\n<ul data-start=\"843\" data-end=\"893\">\n<li class=\"\" data-start=\"843\" data-end=\"871\">\n<p class=\"\" data-start=\"845\" data-end=\"871\">Efecto lluvia del rociador<\/p>\n<\/li>\n<li class=\"\" data-start=\"874\" data-end=\"893\">\n<p class=\"\" data-start=\"876\" data-end=\"893\">Alcachofa de mano<\/p>\n<\/li>\n<\/ul>\n<\/li>\n<\/ul>\n<p class=\"\" data-start=\"895\" data-end=\"1176\">Con esta ducha, podr\u00e1s disfrutar de la opci\u00f3n de un suave efecto lluvia a trav\u00e9s del rociador o utilizar la alcachofa de mano para una experiencia m\u00e1s personalizada. Adem\u00e1s, el termost\u00e1tico mantiene una temperatura constante, lo que mejora la seguridad y el confort durante el uso.<\/p>\n","protected":false},"excerpt":{"rendered":"<p>La Ducha empotrada termost\u00e1tica de la serie Eresma con acabado  [&#8230;]<\/p>\n","protected":false},"featured_media":14369,"template":"","meta":[],"product_brand":[],"product_cat":[57],"product_tag":[],"serie":[45],"manual-de-instalacion":[79],"color":[26],"class_list":{"0":"post-14364","1":"product","2":"type-product","3":"status-publish","4":"has-post-thumbnail","6":"product_cat-duchas-empotradas","7":"pa_tamano-rociador-20cm","8":"pa_tamano-rociador-25cm","9":"pa_tamano-rociador-30cm","10":"pa_tamano-rociador-40cm","11":"serie-eresma","12":"manual-de-instalacion-guia-instalacion-duchas-empotradas-termostaticas","13":"color-cromo","15":"first","16":"instock","17":"taxable","18":"shipping-taxable","19":"product-type-variable"},"_links":{"self":[{"href":"https:\/\/www.valaz.es\/fr\/wp-json\/wp\/v2\/product\/14364","targetHints":{"allow":["GET"]}}],"collection":[{"href":"https:\/\/www.valaz.es\/fr\/wp-json\/wp\/v2\/product"}],"about":[{"href":"https:\/\/www.valaz.es\/fr\/wp-json\/wp\/v2\/types\/product"}],"wp:featuredmedia":[{"embeddable":true,"href":"https:\/\/www.valaz.es\/fr\/wp-json\/wp\/v2\/media\/14369"}],"wp:attachment":[{"href":"https:\/\/www.valaz.es\/fr\/wp-json\/wp\/v2\/media?parent=14364"}],"wp:term":[{"taxonomy":"product_brand","embeddable":true,"href":"https:\/\/www.valaz.es\/fr\/wp-json\/wp\/v2\/product_brand?post=14364"},{"taxonomy":"product_cat","embeddable":true,"href":"https:\/\/www.valaz.es\/fr\/wp-json\/wp\/v2\/product_cat?post=14364"},{"taxonomy":"product_tag","embeddable":true,"href":"https:\/\/www.valaz.es\/fr\/wp-json\/wp\/v2\/product_tag?post=14364"},{"taxonomy":"serie","embeddable":true,"href":"https:\/\/www.valaz.es\/fr\/wp-json\/wp\/v2\/serie?post=14364"},{"taxonomy":"manual-de-instalacion","embeddable":true,"href":"https:\/\/www.valaz.es\/fr\/wp-json\/wp\/v2\/manual-de-instalacion?post=14364"},{"taxonomy":"color","embeddable":true,"href":"https:\/\/www.valaz.es\/fr\/wp-json\/wp\/v2\/color?post=14364"}],"curies":[{"name":"wp","href":"https:\/\/api.w.org\/{rel}","templated":true}]}}