{"id":14324,"date":"2024-11-29T12:52:43","date_gmt":"2024-11-29T11:52:43","guid":{"rendered":"https:\/\/www.valaz.es\/?post_type=product&#038;p=14324"},"modified":"2025-10-27T10:55:00","modified_gmt":"2025-10-27T09:55:00","slug":"ducha-empotrada-termostatica-pared-cuadrada-negro-mate-serie-eresma","status":"publish","type":"product","link":"https:\/\/www.valaz.es\/fr\/produit\/ducha-empotrada-termostatica-pared-cuadrada-negro-mate-serie-eresma\/","title":{"rendered":"Ducha empotrada termost\u00e1tica a pared cuadrada negro mate &#8211; Serie Eresma"},"content":{"rendered":"<p class=\"\" data-start=\"75\" data-end=\"343\">La <strong data-start=\"78\" data-end=\"127\">Ducha empotrada termost\u00e1tica a pared cuadrada<\/strong> de la serie <strong data-start=\"140\" data-end=\"150\">Eresma<\/strong> es una opci\u00f3n elegante y pr\u00e1ctica para tu ba\u00f1o. Con un dise\u00f1o moderno en <strong data-start=\"224\" data-end=\"238\">negro mate<\/strong>, esta ducha ofrece una experiencia de ducha completamente renovada, combinando est\u00e9tica y funcionalidad.<\/p>\n<h3 class=\"\" data-start=\"345\" data-end=\"357\">Incluye:<\/h3>\n<ul data-start=\"358\" data-end=\"574\">\n<li class=\"\" data-start=\"358\" data-end=\"442\">\n<p class=\"\" data-start=\"360\" data-end=\"442\"><strong data-start=\"360\" data-end=\"372\">Rociador<\/strong> disponible en tama\u00f1os 20&#215;20, 25&#215;25, 30&#215;30 y 40&#215;40 con soporte a pared<\/p>\n<\/li>\n<li class=\"\" data-start=\"443\" data-end=\"516\">\n<p class=\"\" data-start=\"445\" data-end=\"516\"><strong data-start=\"445\" data-end=\"471\">Termost\u00e1tica de 2 v\u00edas<\/strong> (rociador efecto lluvia y alcachofa de mano)<\/p>\n<\/li>\n<li class=\"\" data-start=\"517\" data-end=\"538\">\n<p class=\"\" data-start=\"519\" data-end=\"538\"><strong data-start=\"519\" data-end=\"538\">Flexo de 150 cm<\/strong><\/p>\n<\/li>\n<li class=\"\" data-start=\"539\" data-end=\"574\">\n<p class=\"\" data-start=\"541\" data-end=\"574\"><strong data-start=\"541\" data-end=\"574\">Alcachofa de mano con soporte<\/strong><\/p>\n<\/li>\n<li data-start=\"539\" data-end=\"574\"><strong>Caja box empotrable<\/strong><\/li>\n<\/ul>\n<h3 class=\"\" data-start=\"576\" data-end=\"591\">Materiales:<\/h3>\n<ul data-start=\"592\" data-end=\"714\">\n<li class=\"\" data-start=\"592\" data-end=\"626\">\n<p class=\"\" data-start=\"594\" data-end=\"626\"><strong data-start=\"594\" data-end=\"606\">Rociador<\/strong> de acero inoxidable<\/p>\n<\/li>\n<li class=\"\" data-start=\"627\" data-end=\"651\">\n<p class=\"\" data-start=\"629\" data-end=\"651\"><strong data-start=\"629\" data-end=\"642\">Monomando<\/strong> de lat\u00f3n<\/p>\n<\/li>\n<li class=\"\" data-start=\"652\" data-end=\"682\">\n<p class=\"\" data-start=\"654\" data-end=\"682\"><strong data-start=\"654\" data-end=\"675\">Alcachofa de mano<\/strong> de PVC<\/p>\n<\/li>\n<li class=\"\" data-start=\"683\" data-end=\"714\">\n<p class=\"\" data-start=\"685\" data-end=\"714\"><strong data-start=\"685\" data-end=\"694\">Flexo<\/strong> de PVC<\/p>\n<\/li>\n<\/ul>\n<h3 class=\"\" data-start=\"716\" data-end=\"728\">Acabado:<\/h3>\n<ul data-start=\"729\" data-end=\"745\">\n<li class=\"\" data-start=\"729\" data-end=\"745\">\n<p class=\"\" data-start=\"731\" data-end=\"745\"><strong data-start=\"731\" data-end=\"745\">Negro mate<\/strong><\/p>\n<\/li>\n<\/ul>\n<h3 class=\"\" data-start=\"747\" data-end=\"761\">Funciones:<\/h3>\n<ul data-start=\"762\" data-end=\"887\">\n<li class=\"\" data-start=\"762\" data-end=\"826\">\n<p class=\"\" data-start=\"764\" data-end=\"826\"><strong data-start=\"764\" data-end=\"781\">Efecto lluvia<\/strong> del rociador para una experiencia envolvente<\/p>\n<\/li>\n<li class=\"\" data-start=\"827\" data-end=\"887\">\n<p class=\"\" data-start=\"829\" data-end=\"887\"><strong data-start=\"829\" data-end=\"850\">Alcachofa de mano<\/strong> para mayor flexibilidad y comodidad.<\/p>\n<\/li>\n<\/ul>\n<p class=\"\" data-start=\"889\" data-end=\"1174\">Este modelo en <strong data-start=\"904\" data-end=\"918\">negro mate<\/strong> aporta un toque contempor\u00e1neo a cualquier ba\u00f1o, mientras que su <strong data-start=\"983\" data-end=\"999\">termost\u00e1tica<\/strong> asegura un control preciso de la temperatura, proporcionando una ducha c\u00f3moda y placentera. Ideal para quienes buscan una ducha de alto rendimiento con un dise\u00f1o sofisticado.<\/p>\n","protected":false},"excerpt":{"rendered":"<p>La Ducha empotrada termost\u00e1tica a pared cuadrada de la serie  [&#8230;]<\/p>\n","protected":false},"featured_media":14328,"template":"","meta":[],"product_brand":[],"product_cat":[57],"product_tag":[],"serie":[45],"manual-de-instalacion":[79],"color":[27],"class_list":{"0":"post-14324","1":"product","2":"type-product","3":"status-publish","4":"has-post-thumbnail","6":"product_cat-duchas-empotradas","7":"pa_tamano-rociador-20cm","8":"pa_tamano-rociador-25cm","9":"pa_tamano-rociador-30cm","10":"pa_tamano-rociador-40cm","11":"serie-eresma","12":"manual-de-instalacion-guia-instalacion-duchas-empotradas-termostaticas","13":"color-negro-mate","15":"first","16":"instock","17":"taxable","18":"shipping-taxable","19":"product-type-variable"},"_links":{"self":[{"href":"https:\/\/www.valaz.es\/fr\/wp-json\/wp\/v2\/product\/14324","targetHints":{"allow":["GET"]}}],"collection":[{"href":"https:\/\/www.valaz.es\/fr\/wp-json\/wp\/v2\/product"}],"about":[{"href":"https:\/\/www.valaz.es\/fr\/wp-json\/wp\/v2\/types\/product"}],"wp:featuredmedia":[{"embeddable":true,"href":"https:\/\/www.valaz.es\/fr\/wp-json\/wp\/v2\/media\/14328"}],"wp:attachment":[{"href":"https:\/\/www.valaz.es\/fr\/wp-json\/wp\/v2\/media?parent=14324"}],"wp:term":[{"taxonomy":"product_brand","embeddable":true,"href":"https:\/\/www.valaz.es\/fr\/wp-json\/wp\/v2\/product_brand?post=14324"},{"taxonomy":"product_cat","embeddable":true,"href":"https:\/\/www.valaz.es\/fr\/wp-json\/wp\/v2\/product_cat?post=14324"},{"taxonomy":"product_tag","embeddable":true,"href":"https:\/\/www.valaz.es\/fr\/wp-json\/wp\/v2\/product_tag?post=14324"},{"taxonomy":"serie","embeddable":true,"href":"https:\/\/www.valaz.es\/fr\/wp-json\/wp\/v2\/serie?post=14324"},{"taxonomy":"manual-de-instalacion","embeddable":true,"href":"https:\/\/www.valaz.es\/fr\/wp-json\/wp\/v2\/manual-de-instalacion?post=14324"},{"taxonomy":"color","embeddable":true,"href":"https:\/\/www.valaz.es\/fr\/wp-json\/wp\/v2\/color?post=14324"}],"curies":[{"name":"wp","href":"https:\/\/api.w.org\/{rel}","templated":true}]}}