{"id":14264,"date":"2024-11-29T12:53:13","date_gmt":"2024-11-29T11:53:13","guid":{"rendered":"https:\/\/www.valaz.es\/?post_type=product&#038;p=14264"},"modified":"2026-04-24T11:59:35","modified_gmt":"2026-04-24T09:59:35","slug":"ducha-empotrada-monomando-cuadrada-a-techo-oro-mate-con-proteccion-pvd-serie-mino","status":"publish","type":"product","link":"https:\/\/www.valaz.es\/fr\/produit\/ducha-empotrada-monomando-cuadrada-a-techo-oro-mate-con-proteccion-pvd-serie-mino\/","title":{"rendered":"Ducha empotrada monomando cuadrada a techo oro mate con protecci\u00f3n PVD &#8211; Serie Mi\u00f1o"},"content":{"rendered":"<p class=\"\" data-start=\"87\" data-end=\"410\">La <strong data-start=\"90\" data-end=\"136\">Ducha empotrada monomando cuadrada a techo<\/strong> de la serie Mi\u00f1o destaca por su dise\u00f1o elegante y funcionalidad. Su acabado en <strong data-start=\"216\" data-end=\"238\">oro mate cepillado<\/strong> con <strong data-start=\"243\" data-end=\"261\">protecci\u00f3n PVD<\/strong> asegura una excelente durabilidad y resistencia al desgaste, mientras que el dise\u00f1o cuadrado aporta un toque moderno y sofisticado a cualquier ba\u00f1o.<\/p>\n<h5 class=\"\" data-start=\"412\" data-end=\"435\">Especificaciones:<\/h5>\n<ul data-start=\"437\" data-end=\"926\">\n<li class=\"\" data-start=\"437\" data-end=\"639\">\n<p class=\"\" data-start=\"439\" data-end=\"451\"><strong data-start=\"439\" data-end=\"451\">Incluye:<\/strong><\/p>\n<ul data-start=\"454\" data-end=\"639\">\n<li class=\"\" data-start=\"454\" data-end=\"485\">\n<p class=\"\" data-start=\"456\" data-end=\"485\">Empotrado monomando de 2 v\u00edas<\/p>\n<\/li>\n<li class=\"\" data-start=\"488\" data-end=\"505\">\n<p class=\"\" data-start=\"490\" data-end=\"505\">Marco empotrado<\/p>\n<\/li>\n<li class=\"\" data-start=\"508\" data-end=\"543\">\n<p class=\"\" data-start=\"510\" data-end=\"543\">Rociador cuadrado de alta calidad<\/p>\n<\/li>\n<li class=\"\" data-start=\"546\" data-end=\"562\">\n<p class=\"\" data-start=\"548\" data-end=\"562\">Salida de agua<\/p>\n<\/li>\n<li class=\"\" data-start=\"565\" data-end=\"597\">\n<p class=\"\" data-start=\"567\" data-end=\"597\">Soporte para alcachofa de mano<\/p>\n<\/li>\n<li class=\"\" data-start=\"600\" data-end=\"617\">\n<p class=\"\" data-start=\"602\" data-end=\"617\">Flexo de 150 cm<\/p>\n<\/li>\n<li class=\"\" data-start=\"620\" data-end=\"639\">\n<p class=\"\" data-start=\"622\" data-end=\"639\">Alcachofa de mano<\/p>\n<\/li>\n<li data-start=\"620\" data-end=\"639\">Caja box empotrable<\/li>\n<\/ul>\n<\/li>\n<li class=\"\" data-start=\"640\" data-end=\"771\">\n<p class=\"\" data-start=\"642\" data-end=\"657\"><strong data-start=\"642\" data-end=\"657\">Materiales:<\/strong><\/p>\n<ul data-start=\"660\" data-end=\"771\">\n<li class=\"\" data-start=\"660\" data-end=\"692\">\n<p class=\"\" data-start=\"662\" data-end=\"692\">Cuerpo de la grifer\u00eda de lat\u00f3n<\/p>\n<\/li>\n<li class=\"\" data-start=\"695\" data-end=\"725\">\n<p class=\"\" data-start=\"697\" data-end=\"725\">Rociador de acero inoxidable<\/p>\n<\/li>\n<li class=\"\" data-start=\"728\" data-end=\"754\">\n<p class=\"\" data-start=\"730\" data-end=\"754\">Alcachofa de mano de PVC<\/p>\n<\/li>\n<li class=\"\" data-start=\"757\" data-end=\"771\">\n<p class=\"\" data-start=\"759\" data-end=\"771\">Flexo de PVC<\/p>\n<\/li>\n<\/ul>\n<\/li>\n<li class=\"\" data-start=\"772\" data-end=\"824\">\n<p class=\"\" data-start=\"774\" data-end=\"824\"><strong data-start=\"774\" data-end=\"786\">Acabado:<\/strong> Oro mate cepillado con protecci\u00f3n PVD<\/p>\n<\/li>\n<li class=\"\" data-start=\"825\" data-end=\"926\">\n<p class=\"\" data-start=\"827\" data-end=\"926\"><strong data-start=\"827\" data-end=\"841\">Funciones:<\/strong> La ducha ofrece dos funciones: el rociador con efecto lluvia y la alcachofa de mano.<\/p>\n<\/li>\n<\/ul>\n<p class=\"\" data-start=\"928\" data-end=\"1163\">El <strong data-start=\"931\" data-end=\"953\">oro mate cepillado<\/strong> le da un toque de lujo, mientras que la <strong data-start=\"994\" data-end=\"1012\">protecci\u00f3n PVD<\/strong> garantiza que el acabado se mantenga impecable durante m\u00e1s tiempo. Ideal para quienes buscan una opci\u00f3n elegante, resistente y funcional para su ba\u00f1o.<\/p>\n","protected":false},"excerpt":{"rendered":"<p>La Ducha empotrada monomando cuadrada a techo de la serie  [&#8230;]<\/p>\n","protected":false},"featured_media":21165,"template":"","meta":[],"product_brand":[],"product_cat":[57],"product_tag":[],"serie":[67],"manual-de-instalacion":[78],"color":[350],"class_list":{"0":"post-14264","1":"product","2":"type-product","3":"status-publish","4":"has-post-thumbnail","6":"product_cat-duchas-empotradas","7":"pa_tamano-rociador-20cm","8":"pa_tamano-rociador-25cm","9":"pa_tamano-rociador-30cm","10":"serie-mino","11":"manual-de-instalacion-guia-instalacion-duchas-empotradas-monomando","12":"color-oro-mate-cepillado","14":"first","15":"instock","16":"taxable","17":"shipping-taxable","18":"product-type-variable"},"_links":{"self":[{"href":"https:\/\/www.valaz.es\/fr\/wp-json\/wp\/v2\/product\/14264","targetHints":{"allow":["GET"]}}],"collection":[{"href":"https:\/\/www.valaz.es\/fr\/wp-json\/wp\/v2\/product"}],"about":[{"href":"https:\/\/www.valaz.es\/fr\/wp-json\/wp\/v2\/types\/product"}],"wp:featuredmedia":[{"embeddable":true,"href":"https:\/\/www.valaz.es\/fr\/wp-json\/wp\/v2\/media\/21165"}],"wp:attachment":[{"href":"https:\/\/www.valaz.es\/fr\/wp-json\/wp\/v2\/media?parent=14264"}],"wp:term":[{"taxonomy":"product_brand","embeddable":true,"href":"https:\/\/www.valaz.es\/fr\/wp-json\/wp\/v2\/product_brand?post=14264"},{"taxonomy":"product_cat","embeddable":true,"href":"https:\/\/www.valaz.es\/fr\/wp-json\/wp\/v2\/product_cat?post=14264"},{"taxonomy":"product_tag","embeddable":true,"href":"https:\/\/www.valaz.es\/fr\/wp-json\/wp\/v2\/product_tag?post=14264"},{"taxonomy":"serie","embeddable":true,"href":"https:\/\/www.valaz.es\/fr\/wp-json\/wp\/v2\/serie?post=14264"},{"taxonomy":"manual-de-instalacion","embeddable":true,"href":"https:\/\/www.valaz.es\/fr\/wp-json\/wp\/v2\/manual-de-instalacion?post=14264"},{"taxonomy":"color","embeddable":true,"href":"https:\/\/www.valaz.es\/fr\/wp-json\/wp\/v2\/color?post=14264"}],"curies":[{"name":"wp","href":"https:\/\/api.w.org\/{rel}","templated":true}]}}