{"id":13893,"date":"2025-02-27T15:59:25","date_gmt":"2025-02-27T14:59:25","guid":{"rendered":"https:\/\/www.valaz.es\/?post_type=product&#038;p=13893"},"modified":"2026-01-12T13:23:35","modified_gmt":"2026-01-12T12:23:35","slug":"percha-redonda-con-adhesivo-pegada-oro-mate-con-proteccion-pvd","status":"publish","type":"product","link":"https:\/\/www.valaz.es\/fr\/produit\/percha-redonda-con-adhesivo-pegada-oro-mate-con-proteccion-pvd\/","title":{"rendered":"Percha redonda con adhesivo pegada oro mate con protecci\u00f3n PVD"},"content":{"rendered":"<p class=\"\" data-start=\"48\" data-end=\"172\">Percha de dise\u00f1o minimalista con acabado oro mate con protecci\u00f3n PVD. Instalaci\u00f3n adhesiva sin taladro, ideal para superficies lisas.<\/p>\n<h5 class=\"\" data-start=\"174\" data-end=\"199\">Especificaciones:<\/h5>\n<ul data-start=\"200\" data-end=\"343\" data-is-last-node=\"\" data-is-only-node=\"\">\n<li class=\"\" data-start=\"200\" data-end=\"240\">\n<p class=\"\" data-start=\"202\" data-end=\"240\"><strong data-start=\"202\" data-end=\"215\">Material:<\/strong> Metal\/Acero inoxidable<\/p>\n<\/li>\n<li class=\"\" data-start=\"241\" data-end=\"264\">\n<p class=\"\" data-start=\"243\" data-end=\"264\"><strong data-start=\"243\" data-end=\"254\">Dise\u00f1o:<\/strong> Redondo<\/p>\n<\/li>\n<li class=\"\" data-start=\"265\" data-end=\"298\">\n<p class=\"\" data-start=\"267\" data-end=\"298\"><strong data-start=\"267\" data-end=\"279\">Acabado:<\/strong> Oro mate con protecci\u00f3n PVD<\/p>\n<\/li>\n<li class=\"\" data-start=\"299\" data-end=\"343\">\n<p class=\"\" data-start=\"301\" data-end=\"343\"><strong data-start=\"301\" data-end=\"317\">Instalaci\u00f3n:<\/strong> Adhesiva, sin perforaci\u00f3n<\/p>\n<\/li>\n<\/ul>\n","protected":false},"excerpt":{"rendered":"<p>Percha de dise\u00f1o minimalista con acabado oro mate con protecci\u00f3n  [&#8230;]<\/p>\n","protected":false},"featured_media":15427,"template":"","meta":[],"product_brand":[],"product_cat":[70],"product_tag":[],"serie":[],"manual-de-instalacion":[],"color":[34],"class_list":{"0":"post-13893","1":"product","2":"type-product","3":"status-publish","4":"has-post-thumbnail","6":"product_cat-accesorios","7":"color-dorado-cepillado","9":"first","10":"instock","11":"taxable","12":"shipping-taxable","13":"product-type-simple"},"_links":{"self":[{"href":"https:\/\/www.valaz.es\/fr\/wp-json\/wp\/v2\/product\/13893","targetHints":{"allow":["GET"]}}],"collection":[{"href":"https:\/\/www.valaz.es\/fr\/wp-json\/wp\/v2\/product"}],"about":[{"href":"https:\/\/www.valaz.es\/fr\/wp-json\/wp\/v2\/types\/product"}],"wp:featuredmedia":[{"embeddable":true,"href":"https:\/\/www.valaz.es\/fr\/wp-json\/wp\/v2\/media\/15427"}],"wp:attachment":[{"href":"https:\/\/www.valaz.es\/fr\/wp-json\/wp\/v2\/media?parent=13893"}],"wp:term":[{"taxonomy":"product_brand","embeddable":true,"href":"https:\/\/www.valaz.es\/fr\/wp-json\/wp\/v2\/product_brand?post=13893"},{"taxonomy":"product_cat","embeddable":true,"href":"https:\/\/www.valaz.es\/fr\/wp-json\/wp\/v2\/product_cat?post=13893"},{"taxonomy":"product_tag","embeddable":true,"href":"https:\/\/www.valaz.es\/fr\/wp-json\/wp\/v2\/product_tag?post=13893"},{"taxonomy":"serie","embeddable":true,"href":"https:\/\/www.valaz.es\/fr\/wp-json\/wp\/v2\/serie?post=13893"},{"taxonomy":"manual-de-instalacion","embeddable":true,"href":"https:\/\/www.valaz.es\/fr\/wp-json\/wp\/v2\/manual-de-instalacion?post=13893"},{"taxonomy":"color","embeddable":true,"href":"https:\/\/www.valaz.es\/fr\/wp-json\/wp\/v2\/color?post=13893"}],"curies":[{"name":"wp","href":"https:\/\/api.w.org\/{rel}","templated":true}]}}