{"id":13786,"date":"2024-10-01T11:20:13","date_gmt":"2024-10-01T09:20:13","guid":{"rendered":"https:\/\/www.valaz.es\/?post_type=product&#038;p=13786"},"modified":"2026-04-30T17:22:06","modified_gmt":"2026-04-30T15:22:06","slug":"valvula-click-clack-para-lavabo-o-bide-redondo-oro-mate","status":"publish","type":"product","link":"https:\/\/www.valaz.es\/fr\/produit\/valvula-click-clack-para-lavabo-o-bide-redondo-oro-mate\/","title":{"rendered":"Valvula click clack para lavabo o bide redondo oro mate"},"content":{"rendered":"<p class=\"\" data-start=\"425\" data-end=\"702\">Esta v\u00e1lvula click clack en acabado oro mate es la soluci\u00f3n perfecta para complementar lavabos o bid\u00e9s, ya sea con o sin rebosadero. Su dise\u00f1o redondo y funcional asegura un cierre estanco y duradero, con una est\u00e9tica cuidada y elegante que encaja en ba\u00f1os modernos o cl\u00e1sicos.<\/p>\n<p class=\"\" data-start=\"704\" data-end=\"1067\">Su mecanismo de apertura y cierre con sistema de pulsaci\u00f3n est\u00e1 garantizado para 20.000 usos, ofreciendo fiabilidad en el d\u00eda a d\u00eda. Fabricada en lat\u00f3n, destaca por su resistencia a la humedad y al desgaste, asegurando una larga vida \u00fatil. La rosca est\u00e1ndar de 1 1\/4 permite una instalaci\u00f3n sencilla y compatible con la mayor\u00eda de los lavabos y bid\u00e9s del mercado.<\/p>\n<p class=\"\" data-start=\"1069\" data-end=\"1090\"><strong data-start=\"1069\" data-end=\"1089\">Especificaciones<\/strong>:<\/p>\n<ul data-start=\"1091\" data-end=\"1341\">\n<li class=\"\" data-start=\"1091\" data-end=\"1139\">\n<p class=\"\" data-start=\"1093\" data-end=\"1139\">Tipo: V\u00e1lvula click clack para lavabo o bid\u00e9<\/p>\n<\/li>\n<li class=\"\" data-start=\"1140\" data-end=\"1158\">\n<p class=\"\" data-start=\"1142\" data-end=\"1158\">Forma: Redonda<\/p>\n<\/li>\n<li class=\"\" data-start=\"1159\" data-end=\"1180\">\n<p class=\"\" data-start=\"1161\" data-end=\"1180\">Acabado: Oro mate<\/p>\n<\/li>\n<li class=\"\" data-start=\"1181\" data-end=\"1200\">\n<p class=\"\" data-start=\"1183\" data-end=\"1200\">Material: Lat\u00f3n<\/p>\n<\/li>\n<li class=\"\" data-start=\"1201\" data-end=\"1226\">\n<p class=\"\" data-start=\"1203\" data-end=\"1226\">Rosca inferior: 1 1\/4<\/p>\n<\/li>\n<li class=\"\" data-start=\"1227\" data-end=\"1293\">\n<p class=\"\" data-start=\"1229\" data-end=\"1293\">Compatibilidad: Apta para lavabos y bid\u00e9s con o sin rebosadero<\/p>\n<\/li>\n<li class=\"\" data-start=\"1294\" data-end=\"1341\">\n<p class=\"\" data-start=\"1296\" data-end=\"1341\">Durabilidad: Hasta 20.000 usos garantizados<\/p>\n<\/li>\n<\/ul>\n","protected":false},"excerpt":{"rendered":"<p>Esta v\u00e1lvula click clack en acabado oro mate es la  [&#8230;]<\/p>\n","protected":false},"featured_media":13787,"template":"","meta":[],"product_brand":[],"product_cat":[70],"product_tag":[],"serie":[],"manual-de-instalacion":[],"color":[350],"class_list":{"0":"post-13786","1":"product","2":"type-product","3":"status-publish","4":"has-post-thumbnail","6":"product_cat-accesorios","7":"color-oro-mate-cepillado","9":"first","10":"instock","11":"taxable","12":"shipping-taxable","13":"product-type-simple"},"_links":{"self":[{"href":"https:\/\/www.valaz.es\/fr\/wp-json\/wp\/v2\/product\/13786","targetHints":{"allow":["GET"]}}],"collection":[{"href":"https:\/\/www.valaz.es\/fr\/wp-json\/wp\/v2\/product"}],"about":[{"href":"https:\/\/www.valaz.es\/fr\/wp-json\/wp\/v2\/types\/product"}],"wp:featuredmedia":[{"embeddable":true,"href":"https:\/\/www.valaz.es\/fr\/wp-json\/wp\/v2\/media\/13787"}],"wp:attachment":[{"href":"https:\/\/www.valaz.es\/fr\/wp-json\/wp\/v2\/media?parent=13786"}],"wp:term":[{"taxonomy":"product_brand","embeddable":true,"href":"https:\/\/www.valaz.es\/fr\/wp-json\/wp\/v2\/product_brand?post=13786"},{"taxonomy":"product_cat","embeddable":true,"href":"https:\/\/www.valaz.es\/fr\/wp-json\/wp\/v2\/product_cat?post=13786"},{"taxonomy":"product_tag","embeddable":true,"href":"https:\/\/www.valaz.es\/fr\/wp-json\/wp\/v2\/product_tag?post=13786"},{"taxonomy":"serie","embeddable":true,"href":"https:\/\/www.valaz.es\/fr\/wp-json\/wp\/v2\/serie?post=13786"},{"taxonomy":"manual-de-instalacion","embeddable":true,"href":"https:\/\/www.valaz.es\/fr\/wp-json\/wp\/v2\/manual-de-instalacion?post=13786"},{"taxonomy":"color","embeddable":true,"href":"https:\/\/www.valaz.es\/fr\/wp-json\/wp\/v2\/color?post=13786"}],"curies":[{"name":"wp","href":"https:\/\/api.w.org\/{rel}","templated":true}]}}