{"id":13767,"date":"2024-09-27T12:20:45","date_gmt":"2024-09-27T10:20:45","guid":{"rendered":"https:\/\/www.valaz.es\/?post_type=product&#038;p=13767"},"modified":"2026-03-03T20:54:52","modified_gmt":"2026-03-03T19:54:52","slug":"griferia-de-banera-retro-dorado-viejo-bimando-vintage-serie-adaja","status":"publish","type":"product","link":"https:\/\/www.valaz.es\/fr\/produit\/griferia-de-banera-retro-dorado-viejo-bimando-vintage-serie-adaja\/","title":{"rendered":"Grifer\u00eda de ba\u00f1era retro dorado viejo bimando vintage &#8211; Serie Adaja"},"content":{"rendered":"<article class=\"w-full text-token-text-primary\" dir=\"auto\" data-testid=\"conversation-turn-348\" data-scroll-anchor=\"true\">\n<div class=\"text-base my-auto mx-auto py-5 px-6\">\n<div class=\"mx-auto flex flex-1 text-base gap-4 md:gap-5 lg:gap-6 md:max-w-3xl lg:max-w-[40rem] xl:max-w-[48rem] group\/turn-messages focus-visible:outline-none\" tabindex=\"-1\">\n<div class=\"group\/conversation-turn relative flex w-full min-w-0 flex-col agent-turn @xs\/thread:px-0 @sm\/thread:px-1.5 @md\/thread:px-4\">\n<div class=\"relative flex-col gap-1 md:gap-3\">\n<div class=\"flex max-w-full flex-col flex-grow\">\n<div class=\"min-h-8 text-message relative flex w-full flex-col items-end gap-2 whitespace-normal break-words text-start [.text-message+&amp;]:mt-5\" dir=\"auto\" data-message-author-role=\"assistant\" data-message-id=\"b1fb9473-e020-4374-b886-ab817eaee10d\" data-message-model-slug=\"gpt-4o-mini\">\n<div class=\"flex w-full flex-col gap-1 empty:hidden first:pt-[3px]\">\n<div class=\"markdown prose w-full break-words dark:prose-invert light\">\n<p class=\"\" data-start=\"71\" data-end=\"341\">Grifer\u00eda de ba\u00f1era estilo retro en acabado dorado viejo, ideal para dar un toque vintage a tu ba\u00f1o. Su dise\u00f1o bimando y materiales de alta calidad hacen que sea tanto funcional como decorativo, destacando en cualquier ba\u00f1o cl\u00e1sico o de estilo antiguo.<\/p>\n<p class=\"\" data-start=\"343\" data-end=\"365\"><strong data-start=\"343\" data-end=\"362\">Caracter\u00edsticas<\/strong>:<\/p>\n<ul data-start=\"366\" data-end=\"801\">\n<li class=\"\" data-start=\"366\" data-end=\"446\">\n<p class=\"\" data-start=\"368\" data-end=\"446\"><strong data-start=\"368\" data-end=\"385\">Tipo de grifo<\/strong>: Bimando, con controles separados para agua fr\u00eda y caliente.<\/p>\n<\/li>\n<li class=\"\" data-start=\"447\" data-end=\"631\">\n<p class=\"\" data-start=\"449\" data-end=\"466\"><strong data-start=\"449\" data-end=\"463\">Materiales<\/strong>:<\/p>\n<ul data-start=\"469\" data-end=\"631\">\n<li class=\"\" data-start=\"469\" data-end=\"545\">\n<p class=\"\" data-start=\"471\" data-end=\"545\">Cuerpo y alcachofa de mano de lat\u00f3n, asegurando durabilidad y resistencia.<\/p>\n<\/li>\n<li class=\"\" data-start=\"548\" data-end=\"631\">\n<p class=\"\" data-start=\"550\" data-end=\"631\">Flexo de acero inoxidable, proporcionando flexibilidad y resistencia al desgaste.<\/p>\n<\/li>\n<\/ul>\n<\/li>\n<li class=\"\" data-start=\"632\" data-end=\"712\">\n<p class=\"\" data-start=\"634\" data-end=\"712\"><strong data-start=\"634\" data-end=\"645\">Acabado<\/strong>: Dorado viejo, estilo retro, para un aspecto elegante y atemporal.<\/p>\n<\/li>\n<li class=\"\" data-start=\"713\" data-end=\"798\">\n<p class=\"\" data-start=\"715\" data-end=\"798\"><strong data-start=\"715\" data-end=\"725\">Dise\u00f1o<\/strong>: Vintage, con l\u00edneas cl\u00e1sicas que aportan un toque nost\u00e1lgico a tu ba\u00f1o.<\/p>\n<\/li>\n<li class=\"\" data-start=\"713\" data-end=\"798\">\n<p class=\"\" data-start=\"715\" data-end=\"798\"><strong data-start=\"649\" data-end=\"665\">Instalaci\u00f3n:<\/strong> De pared, con separaci\u00f3n est\u00e1ndar de 15 cm entre tomas<\/p>\n<\/li>\n<\/ul>\n<p class=\"\" data-start=\"802\" data-end=\"883\">Ideal para quienes buscan una pieza funcional con un toque cl\u00e1sico y sofisticado.<\/p>\n<\/div>\n<\/div>\n<\/div>\n<\/div>\n<\/div>\n<\/div>\n<\/div>\n<\/div>\n<\/article>\n","protected":false},"excerpt":{"rendered":"<p>Grifer\u00eda de ba\u00f1era estilo retro en acabado dorado viejo, ideal  [&#8230;]<\/p>\n","protected":false},"featured_media":13768,"template":"","meta":[],"product_brand":[],"product_cat":[338],"product_tag":[],"serie":[43],"manual-de-instalacion":[],"color":[29],"class_list":{"0":"post-13767","1":"product","2":"type-product","3":"status-publish","4":"has-post-thumbnail","6":"product_cat-grifos-de-ducha-banera","7":"serie-adaja","8":"color-dorado-envejecido","10":"first","11":"instock","12":"taxable","13":"shipping-taxable","14":"product-type-simple"},"_links":{"self":[{"href":"https:\/\/www.valaz.es\/fr\/wp-json\/wp\/v2\/product\/13767","targetHints":{"allow":["GET"]}}],"collection":[{"href":"https:\/\/www.valaz.es\/fr\/wp-json\/wp\/v2\/product"}],"about":[{"href":"https:\/\/www.valaz.es\/fr\/wp-json\/wp\/v2\/types\/product"}],"wp:featuredmedia":[{"embeddable":true,"href":"https:\/\/www.valaz.es\/fr\/wp-json\/wp\/v2\/media\/13768"}],"wp:attachment":[{"href":"https:\/\/www.valaz.es\/fr\/wp-json\/wp\/v2\/media?parent=13767"}],"wp:term":[{"taxonomy":"product_brand","embeddable":true,"href":"https:\/\/www.valaz.es\/fr\/wp-json\/wp\/v2\/product_brand?post=13767"},{"taxonomy":"product_cat","embeddable":true,"href":"https:\/\/www.valaz.es\/fr\/wp-json\/wp\/v2\/product_cat?post=13767"},{"taxonomy":"product_tag","embeddable":true,"href":"https:\/\/www.valaz.es\/fr\/wp-json\/wp\/v2\/product_tag?post=13767"},{"taxonomy":"serie","embeddable":true,"href":"https:\/\/www.valaz.es\/fr\/wp-json\/wp\/v2\/serie?post=13767"},{"taxonomy":"manual-de-instalacion","embeddable":true,"href":"https:\/\/www.valaz.es\/fr\/wp-json\/wp\/v2\/manual-de-instalacion?post=13767"},{"taxonomy":"color","embeddable":true,"href":"https:\/\/www.valaz.es\/fr\/wp-json\/wp\/v2\/color?post=13767"}],"curies":[{"name":"wp","href":"https:\/\/api.w.org\/{rel}","templated":true}]}}