{"id":13685,"date":"2024-09-25T13:25:55","date_gmt":"2024-09-25T11:25:55","guid":{"rendered":"https:\/\/www.valaz.es\/?post_type=product&#038;p=13685"},"modified":"2026-01-21T17:05:10","modified_gmt":"2026-01-21T16:05:10","slug":"cano-redondo-empotrado-21-cm-oro-mate-con-proteccion-pvd-para-lavabo","status":"publish","type":"product","link":"https:\/\/www.valaz.es\/fr\/produit\/cano-redondo-empotrado-21-cm-oro-mate-con-proteccion-pvd-para-lavabo\/","title":{"rendered":"Ca\u00f1o redondo empotrado 21 cm oro mate con protecci\u00f3n PVD para lavabo"},"content":{"rendered":"<p class=\"\" data-start=\"76\" data-end=\"210\">Ca\u00f1o redondo empotrado de 21 cm con acabado oro mate y protecci\u00f3n PVD, ideal para lavabos con grifer\u00eda empotrada.<\/p>\n<p class=\"\" data-start=\"212\" data-end=\"235\"><strong data-start=\"212\" data-end=\"232\">Especificaciones<\/strong>:<\/p>\n<ul data-start=\"236\" data-end=\"439\" data-is-last-node=\"\" data-is-only-node=\"\">\n<li class=\"\" data-start=\"236\" data-end=\"259\">\n<p class=\"\" data-start=\"238\" data-end=\"259\"><strong data-start=\"238\" data-end=\"250\">Material<\/strong>: Lat\u00f3n<\/p>\n<\/li>\n<li class=\"\" data-start=\"260\" data-end=\"304\">\n<p class=\"\" data-start=\"262\" data-end=\"304\"><strong data-start=\"262\" data-end=\"273\">Acabado<\/strong>: Oro mate con protecci\u00f3n PVD<\/p>\n<\/li>\n<li class=\"\" data-start=\"305\" data-end=\"335\">\n<p class=\"\" data-start=\"307\" data-end=\"335\"><strong data-start=\"307\" data-end=\"317\">Tama\u00f1o<\/strong>: 21 cm de largo<\/p>\n<\/li>\n<li class=\"\" data-start=\"336\" data-end=\"366\">\n<p class=\"\" data-start=\"338\" data-end=\"366\"><strong data-start=\"338\" data-end=\"353\">Instalaci\u00f3n<\/strong>: Empotrado<\/p>\n<\/li>\n<li class=\"\" data-start=\"367\" data-end=\"421\">\n<p class=\"\" data-start=\"369\" data-end=\"421\"><strong data-start=\"369\" data-end=\"387\">Compatibilidad<\/strong>: Grifer\u00eda empotrada para lavabo<\/p>\n<\/li>\n<li class=\"\" data-start=\"422\" data-end=\"439\">\n<p class=\"\" data-start=\"424\" data-end=\"439\"><strong data-start=\"424\" data-end=\"433\">Rosca<\/strong>: 1\/2&#8243;<\/p>\n<\/li>\n<\/ul>\n","protected":false},"excerpt":{"rendered":"<p>Ca\u00f1o redondo empotrado de 21 cm con acabado oro mate  [&#8230;]<\/p>\n","protected":false},"featured_media":20616,"template":"","meta":[],"product_brand":[],"product_cat":[388],"product_tag":[],"serie":[],"manual-de-instalacion":[],"color":[350],"class_list":{"0":"post-13685","1":"product","2":"type-product","3":"status-publish","4":"has-post-thumbnail","6":"product_cat-accesorios-2","7":"color-oro-mate-cepillado","9":"first","10":"instock","11":"taxable","12":"shipping-taxable","13":"product-type-simple"},"_links":{"self":[{"href":"https:\/\/www.valaz.es\/fr\/wp-json\/wp\/v2\/product\/13685","targetHints":{"allow":["GET"]}}],"collection":[{"href":"https:\/\/www.valaz.es\/fr\/wp-json\/wp\/v2\/product"}],"about":[{"href":"https:\/\/www.valaz.es\/fr\/wp-json\/wp\/v2\/types\/product"}],"wp:featuredmedia":[{"embeddable":true,"href":"https:\/\/www.valaz.es\/fr\/wp-json\/wp\/v2\/media\/20616"}],"wp:attachment":[{"href":"https:\/\/www.valaz.es\/fr\/wp-json\/wp\/v2\/media?parent=13685"}],"wp:term":[{"taxonomy":"product_brand","embeddable":true,"href":"https:\/\/www.valaz.es\/fr\/wp-json\/wp\/v2\/product_brand?post=13685"},{"taxonomy":"product_cat","embeddable":true,"href":"https:\/\/www.valaz.es\/fr\/wp-json\/wp\/v2\/product_cat?post=13685"},{"taxonomy":"product_tag","embeddable":true,"href":"https:\/\/www.valaz.es\/fr\/wp-json\/wp\/v2\/product_tag?post=13685"},{"taxonomy":"serie","embeddable":true,"href":"https:\/\/www.valaz.es\/fr\/wp-json\/wp\/v2\/serie?post=13685"},{"taxonomy":"manual-de-instalacion","embeddable":true,"href":"https:\/\/www.valaz.es\/fr\/wp-json\/wp\/v2\/manual-de-instalacion?post=13685"},{"taxonomy":"color","embeddable":true,"href":"https:\/\/www.valaz.es\/fr\/wp-json\/wp\/v2\/color?post=13685"}],"curies":[{"name":"wp","href":"https:\/\/api.w.org\/{rel}","templated":true}]}}