{"id":13684,"date":"2024-09-25T13:26:17","date_gmt":"2024-09-25T11:26:17","guid":{"rendered":"https:\/\/www.valaz.es\/?post_type=product&#038;p=13684"},"modified":"2026-04-15T13:55:47","modified_gmt":"2026-04-15T11:55:47","slug":"cano-redondo-empotrado-21-cm-negro-mate-para-lavabo","status":"publish","type":"product","link":"https:\/\/www.valaz.es\/fr\/produit\/cano-redondo-empotrado-21-cm-negro-mate-para-lavabo\/","title":{"rendered":"Ca\u00f1o redondo empotrado 21 cm negro mate para lavabo"},"content":{"rendered":"<p class=\"\" data-start=\"59\" data-end=\"181\">Ca\u00f1o redondo empotrado de 21 cm con acabado negro mate, dise\u00f1ado para lavabos con grifer\u00eda empotrada.<\/p>\n<p class=\"\" data-start=\"183\" data-end=\"206\"><strong data-start=\"183\" data-end=\"203\">Especificaciones<\/strong>:<\/p>\n<ul data-start=\"207\" data-end=\"393\" data-is-last-node=\"\" data-is-only-node=\"\">\n<li class=\"\" data-start=\"207\" data-end=\"230\">\n<p class=\"\" data-start=\"209\" data-end=\"230\"><strong data-start=\"209\" data-end=\"221\">Material<\/strong>: Lat\u00f3n<\/p>\n<\/li>\n<li class=\"\" data-start=\"231\" data-end=\"258\">\n<p class=\"\" data-start=\"233\" data-end=\"258\"><strong data-start=\"233\" data-end=\"244\">Acabado<\/strong>: Negro mate<\/p>\n<\/li>\n<li class=\"\" data-start=\"259\" data-end=\"289\">\n<p class=\"\" data-start=\"261\" data-end=\"289\"><strong data-start=\"261\" data-end=\"271\">Tama\u00f1o<\/strong>: 21 cm de largo<\/p>\n<\/li>\n<li class=\"\" data-start=\"290\" data-end=\"320\">\n<p class=\"\" data-start=\"292\" data-end=\"320\"><strong data-start=\"292\" data-end=\"307\">Instalaci\u00f3n<\/strong>: Empotrado<\/p>\n<\/li>\n<li class=\"\" data-start=\"321\" data-end=\"375\">\n<p class=\"\" data-start=\"323\" data-end=\"375\"><strong data-start=\"323\" data-end=\"341\">Compatibilidad<\/strong>: Grifer\u00eda empotrada para lavabo<\/p>\n<\/li>\n<li class=\"\" data-start=\"376\" data-end=\"393\">\n<p class=\"\" data-start=\"378\" data-end=\"393\"><strong data-start=\"378\" data-end=\"387\">Rosca<\/strong>: 1\/2&#8243;<\/p>\n<\/li>\n<\/ul>\n","protected":false},"excerpt":{"rendered":"<p>Ca\u00f1o redondo empotrado de 21 cm con acabado negro mate,  [&#8230;]<\/p>\n","protected":false},"featured_media":20612,"template":"","meta":[],"product_brand":[],"product_cat":[388],"product_tag":[],"serie":[],"manual-de-instalacion":[],"color":[27],"class_list":{"0":"post-13684","1":"product","2":"type-product","3":"status-publish","4":"has-post-thumbnail","6":"product_cat-accesorios-2","7":"color-negro-mate","9":"first","10":"instock","11":"taxable","12":"shipping-taxable","13":"product-type-simple"},"_links":{"self":[{"href":"https:\/\/www.valaz.es\/fr\/wp-json\/wp\/v2\/product\/13684","targetHints":{"allow":["GET"]}}],"collection":[{"href":"https:\/\/www.valaz.es\/fr\/wp-json\/wp\/v2\/product"}],"about":[{"href":"https:\/\/www.valaz.es\/fr\/wp-json\/wp\/v2\/types\/product"}],"wp:featuredmedia":[{"embeddable":true,"href":"https:\/\/www.valaz.es\/fr\/wp-json\/wp\/v2\/media\/20612"}],"wp:attachment":[{"href":"https:\/\/www.valaz.es\/fr\/wp-json\/wp\/v2\/media?parent=13684"}],"wp:term":[{"taxonomy":"product_brand","embeddable":true,"href":"https:\/\/www.valaz.es\/fr\/wp-json\/wp\/v2\/product_brand?post=13684"},{"taxonomy":"product_cat","embeddable":true,"href":"https:\/\/www.valaz.es\/fr\/wp-json\/wp\/v2\/product_cat?post=13684"},{"taxonomy":"product_tag","embeddable":true,"href":"https:\/\/www.valaz.es\/fr\/wp-json\/wp\/v2\/product_tag?post=13684"},{"taxonomy":"serie","embeddable":true,"href":"https:\/\/www.valaz.es\/fr\/wp-json\/wp\/v2\/serie?post=13684"},{"taxonomy":"manual-de-instalacion","embeddable":true,"href":"https:\/\/www.valaz.es\/fr\/wp-json\/wp\/v2\/manual-de-instalacion?post=13684"},{"taxonomy":"color","embeddable":true,"href":"https:\/\/www.valaz.es\/fr\/wp-json\/wp\/v2\/color?post=13684"}],"curies":[{"name":"wp","href":"https:\/\/api.w.org\/{rel}","templated":true}]}}