{"id":13681,"date":"2024-09-25T13:26:46","date_gmt":"2024-09-25T11:26:46","guid":{"rendered":"https:\/\/www.valaz.es\/?post_type=product&#038;p=13681"},"modified":"2026-02-17T09:43:10","modified_gmt":"2026-02-17T08:43:10","slug":"cano-redondo-empotrado-15-cm-oro-mate-con-proteccion-pvd-para-lavabo","status":"publish","type":"product","link":"https:\/\/www.valaz.es\/fr\/produit\/cano-redondo-empotrado-15-cm-oro-mate-con-proteccion-pvd-para-lavabo\/","title":{"rendered":"Ca\u00f1o redondo empotrado 15 cm oro mate con protecci\u00f3n PVD para lavabo"},"content":{"rendered":"<p class=\"\" data-start=\"76\" data-end=\"213\">Ca\u00f1o redondo empotrado de 15 cm con acabado en oro mate y protecci\u00f3n PVD, ideal para lavabos con grifer\u00eda empotrada.<\/p>\n<p class=\"\" data-start=\"215\" data-end=\"238\"><strong data-start=\"215\" data-end=\"235\">Especificaciones<\/strong>:<\/p>\n<ul data-start=\"239\" data-end=\"442\" data-is-last-node=\"\" data-is-only-node=\"\">\n<li class=\"\" data-start=\"239\" data-end=\"281\">\n<p class=\"\" data-start=\"241\" data-end=\"281\"><strong data-start=\"241\" data-end=\"253\">Material<\/strong>: Lat\u00f3n con protecci\u00f3n PVD<\/p>\n<\/li>\n<li class=\"\" data-start=\"282\" data-end=\"307\">\n<p class=\"\" data-start=\"284\" data-end=\"307\"><strong data-start=\"284\" data-end=\"295\">Acabado<\/strong>: Oro mate<\/p>\n<\/li>\n<li class=\"\" data-start=\"308\" data-end=\"338\">\n<p class=\"\" data-start=\"310\" data-end=\"338\"><strong data-start=\"310\" data-end=\"320\">Tama\u00f1o<\/strong>: 15 cm de largo<\/p>\n<\/li>\n<li class=\"\" data-start=\"339\" data-end=\"369\">\n<p class=\"\" data-start=\"341\" data-end=\"369\"><strong data-start=\"341\" data-end=\"356\">Instalaci\u00f3n<\/strong>: Empotrado<\/p>\n<\/li>\n<li class=\"\" data-start=\"370\" data-end=\"424\">\n<p class=\"\" data-start=\"372\" data-end=\"424\"><strong data-start=\"372\" data-end=\"390\">Compatibilidad<\/strong>: Grifer\u00eda empotrada para lavabo<\/p>\n<\/li>\n<li class=\"\" data-start=\"425\" data-end=\"442\">\n<p class=\"\" data-start=\"427\" data-end=\"442\"><strong data-start=\"427\" data-end=\"436\">Rosca<\/strong>: 1\/2&#8243;<\/p>\n<\/li>\n<\/ul>\n","protected":false},"excerpt":{"rendered":"<p>Ca\u00f1o redondo empotrado de 15 cm con acabado en oro  [&#8230;]<\/p>\n","protected":false},"featured_media":20616,"template":"","meta":[],"product_brand":[],"product_cat":[388],"product_tag":[],"serie":[347],"manual-de-instalacion":[],"color":[350],"class_list":{"0":"post-13681","1":"product","2":"type-product","3":"status-publish","4":"has-post-thumbnail","6":"product_cat-accesorios-2","7":"serie-deva","8":"color-oro-mate-cepillado","10":"first","11":"instock","12":"taxable","13":"shipping-taxable","14":"product-type-simple"},"_links":{"self":[{"href":"https:\/\/www.valaz.es\/fr\/wp-json\/wp\/v2\/product\/13681","targetHints":{"allow":["GET"]}}],"collection":[{"href":"https:\/\/www.valaz.es\/fr\/wp-json\/wp\/v2\/product"}],"about":[{"href":"https:\/\/www.valaz.es\/fr\/wp-json\/wp\/v2\/types\/product"}],"wp:featuredmedia":[{"embeddable":true,"href":"https:\/\/www.valaz.es\/fr\/wp-json\/wp\/v2\/media\/20616"}],"wp:attachment":[{"href":"https:\/\/www.valaz.es\/fr\/wp-json\/wp\/v2\/media?parent=13681"}],"wp:term":[{"taxonomy":"product_brand","embeddable":true,"href":"https:\/\/www.valaz.es\/fr\/wp-json\/wp\/v2\/product_brand?post=13681"},{"taxonomy":"product_cat","embeddable":true,"href":"https:\/\/www.valaz.es\/fr\/wp-json\/wp\/v2\/product_cat?post=13681"},{"taxonomy":"product_tag","embeddable":true,"href":"https:\/\/www.valaz.es\/fr\/wp-json\/wp\/v2\/product_tag?post=13681"},{"taxonomy":"serie","embeddable":true,"href":"https:\/\/www.valaz.es\/fr\/wp-json\/wp\/v2\/serie?post=13681"},{"taxonomy":"manual-de-instalacion","embeddable":true,"href":"https:\/\/www.valaz.es\/fr\/wp-json\/wp\/v2\/manual-de-instalacion?post=13681"},{"taxonomy":"color","embeddable":true,"href":"https:\/\/www.valaz.es\/fr\/wp-json\/wp\/v2\/color?post=13681"}],"curies":[{"name":"wp","href":"https:\/\/api.w.org\/{rel}","templated":true}]}}