{"id":13526,"date":"2024-09-25T13:28:12","date_gmt":"2024-09-25T11:28:12","guid":{"rendered":"https:\/\/www.valaz.es\/?post_type=product&#038;p=13526"},"modified":"2025-08-11T16:54:30","modified_gmt":"2025-08-11T14:54:30","slug":"soporte-alcachofa-de-mano-cuadrado-negro-mate-2","status":"publish","type":"product","link":"https:\/\/www.valaz.es\/fr\/produit\/soporte-alcachofa-de-mano-cuadrado-negro-mate-2\/","title":{"rendered":"Soporte alcachofa de mano cuadrado negro mate"},"content":{"rendered":"<p class=\"\" data-start=\"64\" data-end=\"195\">Soporte de dise\u00f1o cuadrado en negro mate con funci\u00f3n para un ajuste \u00f3ptimo de la alcachofa de mano.<\/p>\n<p class=\"\" data-start=\"197\" data-end=\"219\"><strong data-start=\"197\" data-end=\"216\">Caracter\u00edsticas<\/strong>:<\/p>\n<ul data-start=\"220\" data-end=\"449\" data-is-last-node=\"\" data-is-only-node=\"\">\n<li class=\"\" data-start=\"220\" data-end=\"244\">\n<p class=\"\" data-start=\"222\" data-end=\"244\"><strong data-start=\"222\" data-end=\"234\">Material<\/strong>: Lat\u00f3n.<\/p>\n<\/li>\n<li class=\"\" data-start=\"245\" data-end=\"265\">\n<p class=\"\" data-start=\"247\" data-end=\"265\"><strong data-start=\"247\" data-end=\"256\">Rosca<\/strong>: 1\/2&#8243;.<\/p>\n<\/li>\n<li class=\"\" data-start=\"266\" data-end=\"294\">\n<p class=\"\" data-start=\"268\" data-end=\"294\"><strong data-start=\"268\" data-end=\"279\">Acabado<\/strong>: Negro mate.<\/p>\n<\/li>\n<li class=\"\" data-start=\"345\" data-end=\"383\">\n<p class=\"\" data-start=\"347\" data-end=\"383\"><strong data-start=\"347\" data-end=\"362\">Instalaci\u00f3n<\/strong>: Fijaci\u00f3n a pared.<\/p>\n<\/li>\n<li class=\"\" data-start=\"384\" data-end=\"449\">\n<p class=\"\" data-start=\"386\" data-end=\"449\"><strong data-start=\"386\" data-end=\"404\">Compatibilidad<\/strong>: Compatible con alcachofas de mano est\u00e1ndar.<\/p>\n<\/li>\n<\/ul>\n","protected":false},"excerpt":{"rendered":"<p>Soporte de dise\u00f1o cuadrado en negro mate con funci\u00f3n para  [&#8230;]<\/p>\n","protected":false},"featured_media":15690,"template":"","meta":[],"product_brand":[],"product_cat":[388],"product_tag":[],"serie":[],"manual-de-instalacion":[],"color":[27],"class_list":{"0":"post-13526","1":"product","2":"type-product","3":"status-publish","4":"has-post-thumbnail","6":"product_cat-accesorios-2","7":"color-negro-mate","9":"first","10":"instock","11":"taxable","12":"shipping-taxable","13":"product-type-simple"},"_links":{"self":[{"href":"https:\/\/www.valaz.es\/fr\/wp-json\/wp\/v2\/product\/13526","targetHints":{"allow":["GET"]}}],"collection":[{"href":"https:\/\/www.valaz.es\/fr\/wp-json\/wp\/v2\/product"}],"about":[{"href":"https:\/\/www.valaz.es\/fr\/wp-json\/wp\/v2\/types\/product"}],"wp:featuredmedia":[{"embeddable":true,"href":"https:\/\/www.valaz.es\/fr\/wp-json\/wp\/v2\/media\/15690"}],"wp:attachment":[{"href":"https:\/\/www.valaz.es\/fr\/wp-json\/wp\/v2\/media?parent=13526"}],"wp:term":[{"taxonomy":"product_brand","embeddable":true,"href":"https:\/\/www.valaz.es\/fr\/wp-json\/wp\/v2\/product_brand?post=13526"},{"taxonomy":"product_cat","embeddable":true,"href":"https:\/\/www.valaz.es\/fr\/wp-json\/wp\/v2\/product_cat?post=13526"},{"taxonomy":"product_tag","embeddable":true,"href":"https:\/\/www.valaz.es\/fr\/wp-json\/wp\/v2\/product_tag?post=13526"},{"taxonomy":"serie","embeddable":true,"href":"https:\/\/www.valaz.es\/fr\/wp-json\/wp\/v2\/serie?post=13526"},{"taxonomy":"manual-de-instalacion","embeddable":true,"href":"https:\/\/www.valaz.es\/fr\/wp-json\/wp\/v2\/manual-de-instalacion?post=13526"},{"taxonomy":"color","embeddable":true,"href":"https:\/\/www.valaz.es\/fr\/wp-json\/wp\/v2\/color?post=13526"}],"curies":[{"name":"wp","href":"https:\/\/api.w.org\/{rel}","templated":true}]}}