{"id":13517,"date":"2024-09-25T13:28:09","date_gmt":"2024-09-25T11:28:09","guid":{"rendered":"https:\/\/www.valaz.es\/?post_type=product&#038;p=13517"},"modified":"2026-01-14T23:23:08","modified_gmt":"2026-01-14T22:23:08","slug":"soporte-alcachofa-de-mano-cuadrado-inclinable-cromado","status":"publish","type":"product","link":"https:\/\/www.valaz.es\/fr\/produit\/soporte-alcachofa-de-mano-cuadrado-inclinable-cromado\/","title":{"rendered":"Soporte alcachofa de mano cuadrado inclinable cromado"},"content":{"rendered":"<p data-start=\"244\" data-end=\"520\">Renueva tu ba\u00f1o con este soporte de alcachofa de mano cuadrado e inclinable, dise\u00f1ado para ofrecer comodidad y un toque moderno gracias a su acabado cromado brillante. Fabricado en lat\u00f3n de alta calidad, garantiza durabilidad, resistencia al \u00f3xido y un mantenimiento sencillo.<\/p>\n<p data-start=\"522\" data-end=\"718\">Con rosca universal de 1\/2&#8243; y fijaci\u00f3n a pared, su instalaci\u00f3n es r\u00e1pida y segura. El cabezal inclinable permite orientar el chorro de agua seg\u00fan tus preferencias, mejorando la experiencia de uso.<\/p>\n<p data-start=\"720\" data-end=\"763\">Compatible con alcachofas de mano est\u00e1ndar.<\/p>\n<p class=\"\" data-start=\"176\" data-end=\"198\"><strong data-start=\"176\" data-end=\"196\">Caracter\u00edsticas:<\/strong><\/p>\n<ul data-start=\"199\" data-end=\"423\" data-is-last-node=\"\" data-is-only-node=\"\">\n<li class=\"\" data-start=\"199\" data-end=\"223\">\n<p class=\"\" data-start=\"201\" data-end=\"223\"><strong data-start=\"201\" data-end=\"214\">Material:<\/strong> Lat\u00f3n.<\/p>\n<\/li>\n<li class=\"\" data-start=\"224\" data-end=\"244\">\n<p class=\"\" data-start=\"226\" data-end=\"244\"><strong data-start=\"226\" data-end=\"236\">Rosca:<\/strong> 1\/2&#8243;.<\/p>\n<\/li>\n<li class=\"\" data-start=\"245\" data-end=\"270\">\n<p class=\"\" data-start=\"247\" data-end=\"270\"><strong data-start=\"247\" data-end=\"259\">Acabado:<\/strong> Cromado.<\/p>\n<\/li>\n<li class=\"\" data-start=\"319\" data-end=\"357\">\n<p class=\"\" data-start=\"321\" data-end=\"357\"><strong data-start=\"321\" data-end=\"337\">Instalaci\u00f3n:<\/strong> Fijaci\u00f3n a pared.<\/p>\n<\/li>\n<li class=\"\" data-start=\"358\" data-end=\"423\">\n<p class=\"\" data-start=\"360\" data-end=\"423\"><strong data-start=\"360\" data-end=\"379\">Compatibilidad:<\/strong> Compatible con alcachofas de mano est\u00e1ndar.<\/p>\n<\/li>\n<\/ul>\n","protected":false},"excerpt":{"rendered":"<p>Renueva tu ba\u00f1o con este soporte de alcachofa de mano  [&#8230;]<\/p>\n","protected":false},"featured_media":15719,"template":"","meta":[],"product_brand":[],"product_cat":[388],"product_tag":[],"serie":[],"manual-de-instalacion":[],"color":[26],"class_list":{"0":"post-13517","1":"product","2":"type-product","3":"status-publish","4":"has-post-thumbnail","6":"product_cat-accesorios-2","7":"color-cromo","9":"first","10":"instock","11":"taxable","12":"shipping-taxable","13":"product-type-simple"},"_links":{"self":[{"href":"https:\/\/www.valaz.es\/fr\/wp-json\/wp\/v2\/product\/13517","targetHints":{"allow":["GET"]}}],"collection":[{"href":"https:\/\/www.valaz.es\/fr\/wp-json\/wp\/v2\/product"}],"about":[{"href":"https:\/\/www.valaz.es\/fr\/wp-json\/wp\/v2\/types\/product"}],"wp:featuredmedia":[{"embeddable":true,"href":"https:\/\/www.valaz.es\/fr\/wp-json\/wp\/v2\/media\/15719"}],"wp:attachment":[{"href":"https:\/\/www.valaz.es\/fr\/wp-json\/wp\/v2\/media?parent=13517"}],"wp:term":[{"taxonomy":"product_brand","embeddable":true,"href":"https:\/\/www.valaz.es\/fr\/wp-json\/wp\/v2\/product_brand?post=13517"},{"taxonomy":"product_cat","embeddable":true,"href":"https:\/\/www.valaz.es\/fr\/wp-json\/wp\/v2\/product_cat?post=13517"},{"taxonomy":"product_tag","embeddable":true,"href":"https:\/\/www.valaz.es\/fr\/wp-json\/wp\/v2\/product_tag?post=13517"},{"taxonomy":"serie","embeddable":true,"href":"https:\/\/www.valaz.es\/fr\/wp-json\/wp\/v2\/serie?post=13517"},{"taxonomy":"manual-de-instalacion","embeddable":true,"href":"https:\/\/www.valaz.es\/fr\/wp-json\/wp\/v2\/manual-de-instalacion?post=13517"},{"taxonomy":"color","embeddable":true,"href":"https:\/\/www.valaz.es\/fr\/wp-json\/wp\/v2\/color?post=13517"}],"curies":[{"name":"wp","href":"https:\/\/api.w.org\/{rel}","templated":true}]}}