{"id":13499,"date":"2024-09-25T13:27:42","date_gmt":"2024-09-25T11:27:42","guid":{"rendered":"https:\/\/www.valaz.es\/?post_type=product&#038;p=13499"},"modified":"2026-05-06T14:37:23","modified_gmt":"2026-05-06T12:37:23","slug":"soporte-alcachofa-de-mano-redondo-negro-mate","status":"publish","type":"product","link":"https:\/\/www.valaz.es\/fr\/produit\/soporte-alcachofa-de-mano-redondo-negro-mate\/","title":{"rendered":"Soporte alcachofa de mano redondo negro mate"},"content":{"rendered":"<p class=\"\" data-start=\"134\" data-end=\"368\">Soporte robusto y elegante para alcachofa de mano, con acabado negro mate que aporta un estilo moderno a tu ba\u00f1o. Ideal para su instalaci\u00f3n en duchas o ba\u00f1eras, asegurando la sujeci\u00f3n firme y segura de la alcachofa.<\/p>\n<p class=\"\" data-start=\"370\" data-end=\"391\"><strong data-start=\"370\" data-end=\"390\">Especificaciones<\/strong>:<\/p>\n<ul data-start=\"392\" data-end=\"640\">\n<li class=\"\" data-start=\"392\" data-end=\"429\">\n<p class=\"\" data-start=\"394\" data-end=\"429\"><strong data-start=\"394\" data-end=\"406\">Material<\/strong>: Lat\u00f3n de alta calidad<\/p>\n<\/li>\n<li class=\"\" data-start=\"430\" data-end=\"455\">\n<p class=\"\" data-start=\"432\" data-end=\"455\"><strong data-start=\"432\" data-end=\"443\">Acabado<\/strong>: Negro mate<\/p>\n<\/li>\n<li class=\"\" data-start=\"456\" data-end=\"472\">\n<p class=\"\" data-start=\"458\" data-end=\"472\"><strong data-start=\"458\" data-end=\"467\">Rosca<\/strong>: 1\/2<\/p>\n<\/li>\n<li class=\"\" data-start=\"473\" data-end=\"503\">\n<p class=\"\" data-start=\"475\" data-end=\"503\"><strong data-start=\"475\" data-end=\"494\">Tipo de soporte<\/strong>: Redondo<\/p>\n<\/li>\n<li class=\"\" data-start=\"504\" data-end=\"582\">\n<p class=\"\" data-start=\"506\" data-end=\"582\"><strong data-start=\"506\" data-end=\"524\">Compatibilidad<\/strong>: Compatible con la mayor\u00eda de alcachofas de mano est\u00e1ndar<\/p>\n<\/li>\n<li class=\"\" data-start=\"583\" data-end=\"640\">\n<p class=\"\" data-start=\"585\" data-end=\"640\"><strong data-start=\"585\" data-end=\"600\">Instalaci\u00f3n<\/strong>: F\u00e1cil de instalar con anclaje en pared<\/p>\n<\/li>\n<\/ul>\n","protected":false},"excerpt":{"rendered":"<p>Soporte robusto y elegante para alcachofa de mano, con acabado  [&#8230;]<\/p>\n","protected":false},"featured_media":15739,"template":"","meta":[],"product_brand":[],"product_cat":[388],"product_tag":[],"serie":[],"manual-de-instalacion":[],"color":[27],"class_list":{"0":"post-13499","1":"product","2":"type-product","3":"status-publish","4":"has-post-thumbnail","6":"product_cat-accesorios-2","7":"color-negro-mate","9":"first","10":"instock","11":"taxable","12":"shipping-taxable","13":"product-type-simple"},"_links":{"self":[{"href":"https:\/\/www.valaz.es\/fr\/wp-json\/wp\/v2\/product\/13499","targetHints":{"allow":["GET"]}}],"collection":[{"href":"https:\/\/www.valaz.es\/fr\/wp-json\/wp\/v2\/product"}],"about":[{"href":"https:\/\/www.valaz.es\/fr\/wp-json\/wp\/v2\/types\/product"}],"wp:featuredmedia":[{"embeddable":true,"href":"https:\/\/www.valaz.es\/fr\/wp-json\/wp\/v2\/media\/15739"}],"wp:attachment":[{"href":"https:\/\/www.valaz.es\/fr\/wp-json\/wp\/v2\/media?parent=13499"}],"wp:term":[{"taxonomy":"product_brand","embeddable":true,"href":"https:\/\/www.valaz.es\/fr\/wp-json\/wp\/v2\/product_brand?post=13499"},{"taxonomy":"product_cat","embeddable":true,"href":"https:\/\/www.valaz.es\/fr\/wp-json\/wp\/v2\/product_cat?post=13499"},{"taxonomy":"product_tag","embeddable":true,"href":"https:\/\/www.valaz.es\/fr\/wp-json\/wp\/v2\/product_tag?post=13499"},{"taxonomy":"serie","embeddable":true,"href":"https:\/\/www.valaz.es\/fr\/wp-json\/wp\/v2\/serie?post=13499"},{"taxonomy":"manual-de-instalacion","embeddable":true,"href":"https:\/\/www.valaz.es\/fr\/wp-json\/wp\/v2\/manual-de-instalacion?post=13499"},{"taxonomy":"color","embeddable":true,"href":"https:\/\/www.valaz.es\/fr\/wp-json\/wp\/v2\/color?post=13499"}],"curies":[{"name":"wp","href":"https:\/\/api.w.org\/{rel}","templated":true}]}}