{"id":13300,"date":"2024-09-17T15:56:56","date_gmt":"2024-09-17T13:56:56","guid":{"rendered":"https:\/\/www.valaz.es\/?post_type=product&#038;p=13300"},"modified":"2025-10-04T20:54:52","modified_gmt":"2025-10-04T18:54:52","slug":"grifo-de-bidet-empotrado-cuadrado-dorado-cepillado-serie-tajo","status":"publish","type":"product","link":"https:\/\/www.valaz.es\/fr\/produit\/grifo-de-bidet-empotrado-cuadrado-dorado-cepillado-serie-tajo\/","title":{"rendered":"Grifo para bidet empotrado cuadrado dorado cepillado \u2013 Serie Tajo"},"content":{"rendered":"<p class=\"\" data-start=\"159\" data-end=\"300\">Grifo de bidet empotrado de 2 v\u00edas (agua fr\u00eda y caliente), ideal para un ba\u00f1o de estilo moderno y elegante con un acabado dorado cepillado.<\/p>\n<p class=\"\" data-start=\"302\" data-end=\"325\"><strong data-start=\"302\" data-end=\"323\">Especificaciones:<\/strong><\/p>\n<ul data-start=\"326\" data-end=\"560\">\n<li class=\"\" data-start=\"326\" data-end=\"385\">\n<p class=\"\" data-start=\"328\" data-end=\"385\"><strong data-start=\"328\" data-end=\"337\">Tipo:<\/strong> Grifo empotrado 2 v\u00edas (agua fr\u00eda y caliente)<\/p>\n<\/li>\n<li class=\"\" data-start=\"386\" data-end=\"408\">\n<p class=\"\" data-start=\"388\" data-end=\"408\"><strong data-start=\"388\" data-end=\"401\">Conexi\u00f3n:<\/strong> G1\/2<\/p>\n<\/li>\n<li class=\"\" data-start=\"409\" data-end=\"500\">\n<p class=\"\" data-start=\"411\" data-end=\"500\"><strong data-start=\"411\" data-end=\"426\">Materiales:<\/strong> Cartucho cer\u00e1mico, cuerpo de lat\u00f3n, flexo de PVC de 120 cm<\/p>\n<\/li>\n<li class=\"\" data-start=\"501\" data-end=\"529\">\n<p class=\"\" data-start=\"503\" data-end=\"529\"><strong data-start=\"503\" data-end=\"515\">Presi\u00f3n:<\/strong> 0.1-1.0 MPa<\/p>\n<\/li>\n<li class=\"\" data-start=\"530\" data-end=\"560\">\n<p class=\"\" data-start=\"532\" data-end=\"560\"><strong data-start=\"532\" data-end=\"548\">Instalaci\u00f3n:<\/strong> Empotrado<\/p>\n<\/li>\n<li data-start=\"530\" data-end=\"560\"><strong>Incluye:<\/strong> cuerpo empotrable<\/li>\n<\/ul>\n","protected":false},"excerpt":{"rendered":"<p>Grifo de bidet empotrado de 2 v\u00edas (agua fr\u00eda y  [&#8230;]<\/p>\n","protected":false},"featured_media":13301,"template":"","meta":[],"product_brand":[],"product_cat":[54,59],"product_tag":[],"serie":[23],"manual-de-instalacion":[88],"color":[34],"class_list":{"0":"post-13300","1":"product","2":"type-product","3":"status-publish","4":"has-post-thumbnail","6":"product_cat-grifos-de-bidet","7":"product_cat-grifos-de-bidet-empotrados","8":"serie-tajo","9":"manual-de-instalacion-guia-instalacion-bide-empotrado","10":"color-dorado-cepillado","12":"first","13":"instock","14":"taxable","15":"shipping-taxable","16":"product-type-simple"},"_links":{"self":[{"href":"https:\/\/www.valaz.es\/fr\/wp-json\/wp\/v2\/product\/13300","targetHints":{"allow":["GET"]}}],"collection":[{"href":"https:\/\/www.valaz.es\/fr\/wp-json\/wp\/v2\/product"}],"about":[{"href":"https:\/\/www.valaz.es\/fr\/wp-json\/wp\/v2\/types\/product"}],"wp:featuredmedia":[{"embeddable":true,"href":"https:\/\/www.valaz.es\/fr\/wp-json\/wp\/v2\/media\/13301"}],"wp:attachment":[{"href":"https:\/\/www.valaz.es\/fr\/wp-json\/wp\/v2\/media?parent=13300"}],"wp:term":[{"taxonomy":"product_brand","embeddable":true,"href":"https:\/\/www.valaz.es\/fr\/wp-json\/wp\/v2\/product_brand?post=13300"},{"taxonomy":"product_cat","embeddable":true,"href":"https:\/\/www.valaz.es\/fr\/wp-json\/wp\/v2\/product_cat?post=13300"},{"taxonomy":"product_tag","embeddable":true,"href":"https:\/\/www.valaz.es\/fr\/wp-json\/wp\/v2\/product_tag?post=13300"},{"taxonomy":"serie","embeddable":true,"href":"https:\/\/www.valaz.es\/fr\/wp-json\/wp\/v2\/serie?post=13300"},{"taxonomy":"manual-de-instalacion","embeddable":true,"href":"https:\/\/www.valaz.es\/fr\/wp-json\/wp\/v2\/manual-de-instalacion?post=13300"},{"taxonomy":"color","embeddable":true,"href":"https:\/\/www.valaz.es\/fr\/wp-json\/wp\/v2\/color?post=13300"}],"curies":[{"name":"wp","href":"https:\/\/api.w.org\/{rel}","templated":true}]}}