{"id":13082,"date":"2024-09-06T14:16:26","date_gmt":"2024-09-06T12:16:26","guid":{"rendered":"https:\/\/www.valaz.es\/?post_type=product&#038;p=13082"},"modified":"2026-01-13T11:34:49","modified_gmt":"2026-01-13T10:34:49","slug":"cano-redondo-de-21cm-negro-mate-con-rosca-1-2","status":"publish","type":"product","link":"https:\/\/www.valaz.es\/fr\/produit\/cano-redondo-de-21cm-negro-mate-con-rosca-1-2\/","title":{"rendered":"Ca\u00f1o redondo de 21CM negro mate con rosca 1\/2"},"content":{"rendered":"<p class=\"\" data-start=\"52\" data-end=\"354\">Este ca\u00f1o redondo de 21 cm con acabado negro mate combina funcionalidad y dise\u00f1o moderno. Con una conexi\u00f3n de rosca 1\/2, se adapta f\u00e1cilmente a sistemas de grifer\u00eda est\u00e1ndar. Su acabado negro mate proporciona un toque elegante y contempor\u00e1neo, ideal para ba\u00f1os de estilo minimalista.<\/p>\n<p class=\"\" data-start=\"356\" data-end=\"379\"><strong data-start=\"356\" data-end=\"377\">Especificaciones:<\/strong><\/p>\n<ul data-start=\"380\" data-end=\"557\">\n<li class=\"\" data-start=\"380\" data-end=\"407\">\n<p class=\"\" data-start=\"382\" data-end=\"407\"><strong data-start=\"382\" data-end=\"391\">Tipo:<\/strong> Ca\u00f1o redondo.<\/p>\n<\/li>\n<li class=\"\" data-start=\"408\" data-end=\"442\">\n<p class=\"\" data-start=\"410\" data-end=\"442\"><strong data-start=\"410\" data-end=\"421\">Medida:<\/strong> 21 cm de longitud.<\/p>\n<\/li>\n<li class=\"\" data-start=\"443\" data-end=\"471\">\n<p class=\"\" data-start=\"445\" data-end=\"471\"><strong data-start=\"445\" data-end=\"457\">Acabado:<\/strong> Negro mate.<\/p>\n<\/li>\n<li class=\"\" data-start=\"472\" data-end=\"500\">\n<p class=\"\" data-start=\"474\" data-end=\"500\"><strong data-start=\"474\" data-end=\"487\">Conexi\u00f3n:<\/strong> Rosca 1\/2.<\/p>\n<\/li>\n<li class=\"\" data-start=\"501\" data-end=\"557\">\n<p class=\"\" data-start=\"503\" data-end=\"557\"><strong data-start=\"503\" data-end=\"516\">Material:<\/strong> Lat\u00f3n (confirmar si es otro material).<\/p>\n<\/li>\n<\/ul>\n","protected":false},"excerpt":{"rendered":"<p>Este ca\u00f1o redondo de 21 cm con acabado negro mate  [&#8230;]<\/p>\n","protected":false},"featured_media":20325,"template":"","meta":[],"product_brand":[],"product_cat":[70],"product_tag":[],"serie":[],"manual-de-instalacion":[],"color":[27],"class_list":{"0":"post-13082","1":"product","2":"type-product","3":"status-publish","4":"has-post-thumbnail","6":"product_cat-accesorios","7":"color-negro-mate","9":"first","10":"instock","11":"taxable","12":"shipping-taxable","13":"product-type-simple"},"_links":{"self":[{"href":"https:\/\/www.valaz.es\/fr\/wp-json\/wp\/v2\/product\/13082","targetHints":{"allow":["GET"]}}],"collection":[{"href":"https:\/\/www.valaz.es\/fr\/wp-json\/wp\/v2\/product"}],"about":[{"href":"https:\/\/www.valaz.es\/fr\/wp-json\/wp\/v2\/types\/product"}],"wp:featuredmedia":[{"embeddable":true,"href":"https:\/\/www.valaz.es\/fr\/wp-json\/wp\/v2\/media\/20325"}],"wp:attachment":[{"href":"https:\/\/www.valaz.es\/fr\/wp-json\/wp\/v2\/media?parent=13082"}],"wp:term":[{"taxonomy":"product_brand","embeddable":true,"href":"https:\/\/www.valaz.es\/fr\/wp-json\/wp\/v2\/product_brand?post=13082"},{"taxonomy":"product_cat","embeddable":true,"href":"https:\/\/www.valaz.es\/fr\/wp-json\/wp\/v2\/product_cat?post=13082"},{"taxonomy":"product_tag","embeddable":true,"href":"https:\/\/www.valaz.es\/fr\/wp-json\/wp\/v2\/product_tag?post=13082"},{"taxonomy":"serie","embeddable":true,"href":"https:\/\/www.valaz.es\/fr\/wp-json\/wp\/v2\/serie?post=13082"},{"taxonomy":"manual-de-instalacion","embeddable":true,"href":"https:\/\/www.valaz.es\/fr\/wp-json\/wp\/v2\/manual-de-instalacion?post=13082"},{"taxonomy":"color","embeddable":true,"href":"https:\/\/www.valaz.es\/fr\/wp-json\/wp\/v2\/color?post=13082"}],"curies":[{"name":"wp","href":"https:\/\/api.w.org\/{rel}","templated":true}]}}