{"id":13081,"date":"2024-09-06T14:14:30","date_gmt":"2024-09-06T12:14:30","guid":{"rendered":"https:\/\/www.valaz.es\/?post_type=product&#038;p=13081"},"modified":"2025-12-09T16:05:05","modified_gmt":"2025-12-09T15:05:05","slug":"cano-redondo-de-15cm-negro-mate-con-rosca-1-2","status":"publish","type":"product","link":"https:\/\/www.valaz.es\/fr\/produit\/cano-redondo-de-15cm-negro-mate-con-rosca-1-2\/","title":{"rendered":"Ca\u00f1o redondo de 15cm negro mate con rosca 1\/2"},"content":{"rendered":"<p class=\"\" data-start=\"52\" data-end=\"349\">Este ca\u00f1o redondo de 15 cm con acabado negro mate ofrece un dise\u00f1o compacto y elegante para tu grifer\u00eda. Con una conexi\u00f3n de rosca 1\/2, es ideal para adaptarse a una variedad de sistemas de grifer\u00eda, brindando un toque moderno y sofisticado a cualquier espacio de ba\u00f1o.<\/p>\n<p class=\"\" data-start=\"351\" data-end=\"374\"><strong data-start=\"351\" data-end=\"372\">Especificaciones:<\/strong><\/p>\n<ul data-start=\"375\" data-end=\"552\">\n<li class=\"\" data-start=\"375\" data-end=\"402\">\n<p class=\"\" data-start=\"377\" data-end=\"402\"><strong data-start=\"377\" data-end=\"386\">Tipo:<\/strong> Ca\u00f1o redondo.<\/p>\n<\/li>\n<li class=\"\" data-start=\"403\" data-end=\"437\">\n<p class=\"\" data-start=\"405\" data-end=\"437\"><strong data-start=\"405\" data-end=\"416\">Medida:<\/strong> 15 cm de longitud.<\/p>\n<\/li>\n<li class=\"\" data-start=\"438\" data-end=\"466\">\n<p class=\"\" data-start=\"440\" data-end=\"466\"><strong data-start=\"440\" data-end=\"452\">Acabado:<\/strong> Negro mate.<\/p>\n<\/li>\n<li class=\"\" data-start=\"467\" data-end=\"495\">\n<p class=\"\" data-start=\"469\" data-end=\"495\"><strong data-start=\"469\" data-end=\"482\">Conexi\u00f3n:<\/strong> Rosca 1\/2.<\/p>\n<\/li>\n<li class=\"\" data-start=\"496\" data-end=\"552\">\n<p class=\"\" data-start=\"498\" data-end=\"552\"><strong data-start=\"498\" data-end=\"511\">Material:<\/strong> Lat\u00f3n (confirmar si es otro material).<\/p>\n<\/li>\n<\/ul>\n<p class=\"\" data-start=\"554\" data-end=\"637\">Este ca\u00f1o es perfecto para quienes buscan funcionalidad y estilo en una sola pieza.<\/p>\n","protected":false},"excerpt":{"rendered":"<p>Este ca\u00f1o redondo de 15 cm con acabado negro mate  [&#8230;]<\/p>\n","protected":false},"featured_media":15799,"template":"","meta":[],"product_brand":[],"product_cat":[70],"product_tag":[],"serie":[],"manual-de-instalacion":[],"color":[27],"class_list":{"0":"post-13081","1":"product","2":"type-product","3":"status-publish","4":"has-post-thumbnail","6":"product_cat-accesorios","7":"color-negro-mate","9":"first","10":"instock","11":"taxable","12":"shipping-taxable","13":"product-type-simple"},"_links":{"self":[{"href":"https:\/\/www.valaz.es\/fr\/wp-json\/wp\/v2\/product\/13081","targetHints":{"allow":["GET"]}}],"collection":[{"href":"https:\/\/www.valaz.es\/fr\/wp-json\/wp\/v2\/product"}],"about":[{"href":"https:\/\/www.valaz.es\/fr\/wp-json\/wp\/v2\/types\/product"}],"wp:featuredmedia":[{"embeddable":true,"href":"https:\/\/www.valaz.es\/fr\/wp-json\/wp\/v2\/media\/15799"}],"wp:attachment":[{"href":"https:\/\/www.valaz.es\/fr\/wp-json\/wp\/v2\/media?parent=13081"}],"wp:term":[{"taxonomy":"product_brand","embeddable":true,"href":"https:\/\/www.valaz.es\/fr\/wp-json\/wp\/v2\/product_brand?post=13081"},{"taxonomy":"product_cat","embeddable":true,"href":"https:\/\/www.valaz.es\/fr\/wp-json\/wp\/v2\/product_cat?post=13081"},{"taxonomy":"product_tag","embeddable":true,"href":"https:\/\/www.valaz.es\/fr\/wp-json\/wp\/v2\/product_tag?post=13081"},{"taxonomy":"serie","embeddable":true,"href":"https:\/\/www.valaz.es\/fr\/wp-json\/wp\/v2\/serie?post=13081"},{"taxonomy":"manual-de-instalacion","embeddable":true,"href":"https:\/\/www.valaz.es\/fr\/wp-json\/wp\/v2\/manual-de-instalacion?post=13081"},{"taxonomy":"color","embeddable":true,"href":"https:\/\/www.valaz.es\/fr\/wp-json\/wp\/v2\/color?post=13081"}],"curies":[{"name":"wp","href":"https:\/\/api.w.org\/{rel}","templated":true}]}}