{"id":13017,"date":"2024-09-06T12:15:51","date_gmt":"2024-09-06T10:15:51","guid":{"rendered":"https:\/\/www.valaz.es\/?post_type=product&#038;p=13017"},"modified":"2026-02-23T14:23:15","modified_gmt":"2026-02-23T13:23:15","slug":"ducha-empotrada-termostatica-techo-redonda-oro-mate-con-proteccion-pvd-serie-jucar","status":"publish","type":"product","link":"https:\/\/www.valaz.es\/fr\/produit\/ducha-empotrada-termostatica-techo-redonda-oro-mate-con-proteccion-pvd-serie-jucar\/","title":{"rendered":"Ducha empotrada termost\u00e1tica techo redonda oro mate con protecci\u00f3n PVD &#8211; Serie Jucar"},"content":{"rendered":"<p class=\"\" data-start=\"90\" data-end=\"574\">La ducha empotrada termost\u00e1tica de techo redonda en acabado oro mate con protecci\u00f3n PVD ofrece una experiencia de ba\u00f1o c\u00f3moda y elegante. Con un dise\u00f1o de alta gama, esta ducha combina funcionalidad con un toque de lujo, gracias a su acabado resistente y duradero. El rociador de efecto lluvia y la alcachofa de mano proporcionan un ba\u00f1o relajante y vers\u00e1til, mientras que el control termost\u00e1tico permite ajustar la temperatura de manera precisa para mayor confort.<\/p>\n<p class=\"\" data-start=\"576\" data-end=\"599\"><strong data-start=\"576\" data-end=\"597\">Especificaciones:<\/strong><\/p>\n<ul data-start=\"600\" data-end=\"1088\">\n<li class=\"\" data-start=\"600\" data-end=\"652\">\n<p class=\"\" data-start=\"602\" data-end=\"652\"><strong data-start=\"602\" data-end=\"611\">Tipo:<\/strong> Ducha empotrada termost\u00e1tica de techo.<\/p>\n<\/li>\n<li class=\"\" data-start=\"653\" data-end=\"698\">\n<p class=\"\" data-start=\"655\" data-end=\"698\"><strong data-start=\"655\" data-end=\"667\">Acabado:<\/strong> Oro mate con protecci\u00f3n PVD.<\/p>\n<\/li>\n<li class=\"\" data-start=\"699\" data-end=\"858\">\n<p class=\"\" data-start=\"701\" data-end=\"718\"><strong data-start=\"701\" data-end=\"716\">Materiales:<\/strong><\/p>\n<ul data-start=\"721\" data-end=\"858\">\n<li class=\"\" data-start=\"721\" data-end=\"754\">\n<p class=\"\" data-start=\"723\" data-end=\"754\">Rociador de acero inoxidable.<\/p>\n<\/li>\n<li class=\"\" data-start=\"757\" data-end=\"783\">\n<p class=\"\" data-start=\"759\" data-end=\"783\">Termost\u00e1tica de lat\u00f3n.<\/p>\n<\/li>\n<li class=\"\" data-start=\"786\" data-end=\"826\">\n<p class=\"\" data-start=\"788\" data-end=\"826\">Flexo de PVC de 150 cm.<\/p>\n<\/li>\n<li class=\"\" data-start=\"829\" data-end=\"858\">\n<p class=\"\" data-start=\"831\" data-end=\"858\">Alcachofa de mano de PVC.<\/p>\n<\/li>\n<\/ul>\n<\/li>\n<li class=\"\" data-start=\"859\" data-end=\"932\">\n<p class=\"\" data-start=\"861\" data-end=\"877\"><strong data-start=\"861\" data-end=\"875\">Funciones:<\/strong><\/p>\n<ul data-start=\"880\" data-end=\"932\">\n<li class=\"\" data-start=\"880\" data-end=\"907\">\n<p class=\"\" data-start=\"882\" data-end=\"907\">Rociador efecto lluvia.<\/p>\n<\/li>\n<li class=\"\" data-start=\"910\" data-end=\"932\">\n<p class=\"\" data-start=\"912\" data-end=\"932\">Alcachofa de mano.<\/p>\n<\/li>\n<\/ul>\n<\/li>\n<li class=\"\" data-start=\"933\" data-end=\"976\">\n<p class=\"\" data-start=\"935\" data-end=\"976\"><strong data-start=\"935\" data-end=\"951\">Instalaci\u00f3n:<\/strong> Empotrada en el techo.<\/p>\n<\/li>\n<li class=\"\" data-start=\"977\" data-end=\"1031\">\n<p class=\"\" data-start=\"979\" data-end=\"1031\"><strong data-start=\"979\" data-end=\"999\">Tama\u00f1o rociador:<\/strong> Disponible en 20, 25 y 30 cm.<\/p>\n<\/li>\n<li class=\"\" data-start=\"1032\" data-end=\"1088\">\n<p class=\"\" data-start=\"1034\" data-end=\"1088\"><strong data-start=\"1034\" data-end=\"1047\">Conexi\u00f3n:<\/strong> 2 v\u00edas (rociador y alcachofa de mano).<\/p>\n<\/li>\n<\/ul>\n<p class=\"\" data-start=\"1090\" data-end=\"1111\"><strong data-start=\"1090\" data-end=\"1109\">Lo que incluye:<\/strong><\/p>\n<ul data-start=\"1112\" data-end=\"1264\">\n<li class=\"\" data-start=\"1112\" data-end=\"1142\">\n<p class=\"\" data-start=\"1114\" data-end=\"1142\">Rociador (20, 25 o 30 cm).<\/p>\n<\/li>\n<li class=\"\" data-start=\"1143\" data-end=\"1163\">\n<p class=\"\" data-start=\"1145\" data-end=\"1163\">Soporte a techo.<\/p>\n<\/li>\n<li class=\"\" data-start=\"1164\" data-end=\"1208\">\n<p class=\"\" data-start=\"1166\" data-end=\"1208\">Termost\u00e1tica con control de temperatura.<\/p>\n<\/li>\n<li class=\"\" data-start=\"1209\" data-end=\"1229\">\n<p class=\"\" data-start=\"1211\" data-end=\"1229\">Flexo de 150 cm.<\/p>\n<\/li>\n<li class=\"\" data-start=\"1230\" data-end=\"1264\">\n<p class=\"\" data-start=\"1232\" data-end=\"1264\">Alcachofa de mano con soporte.<\/p>\n<\/li>\n<li data-start=\"1230\" data-end=\"1264\">Caja box empotrable<\/li>\n<\/ul>\n<p class=\"\" data-start=\"1266\" data-end=\"1383\">Una opci\u00f3n perfecta para quienes desean un sistema de ducha de alta calidad con un dise\u00f1o moderno y acabado duradero.<\/p>\n","protected":false},"excerpt":{"rendered":"<p>La ducha empotrada termost\u00e1tica de techo redonda en acabado oro  [&#8230;]<\/p>\n","protected":false},"featured_media":13232,"template":"","meta":[],"product_brand":[],"product_cat":[57],"product_tag":[],"serie":[56],"manual-de-instalacion":[79],"color":[350],"class_list":{"0":"post-13017","1":"product","2":"type-product","3":"status-publish","4":"has-post-thumbnail","6":"product_cat-duchas-empotradas","7":"pa_tamano-rociador-20cm","8":"pa_tamano-rociador-25cm","9":"pa_tamano-rociador-30cm","10":"serie-jucar","11":"manual-de-instalacion-guia-instalacion-duchas-empotradas-termostaticas","12":"color-oro-mate-cepillado","14":"first","15":"instock","16":"taxable","17":"shipping-taxable","18":"product-type-variable"},"_links":{"self":[{"href":"https:\/\/www.valaz.es\/fr\/wp-json\/wp\/v2\/product\/13017","targetHints":{"allow":["GET"]}}],"collection":[{"href":"https:\/\/www.valaz.es\/fr\/wp-json\/wp\/v2\/product"}],"about":[{"href":"https:\/\/www.valaz.es\/fr\/wp-json\/wp\/v2\/types\/product"}],"wp:featuredmedia":[{"embeddable":true,"href":"https:\/\/www.valaz.es\/fr\/wp-json\/wp\/v2\/media\/13232"}],"wp:attachment":[{"href":"https:\/\/www.valaz.es\/fr\/wp-json\/wp\/v2\/media?parent=13017"}],"wp:term":[{"taxonomy":"product_brand","embeddable":true,"href":"https:\/\/www.valaz.es\/fr\/wp-json\/wp\/v2\/product_brand?post=13017"},{"taxonomy":"product_cat","embeddable":true,"href":"https:\/\/www.valaz.es\/fr\/wp-json\/wp\/v2\/product_cat?post=13017"},{"taxonomy":"product_tag","embeddable":true,"href":"https:\/\/www.valaz.es\/fr\/wp-json\/wp\/v2\/product_tag?post=13017"},{"taxonomy":"serie","embeddable":true,"href":"https:\/\/www.valaz.es\/fr\/wp-json\/wp\/v2\/serie?post=13017"},{"taxonomy":"manual-de-instalacion","embeddable":true,"href":"https:\/\/www.valaz.es\/fr\/wp-json\/wp\/v2\/manual-de-instalacion?post=13017"},{"taxonomy":"color","embeddable":true,"href":"https:\/\/www.valaz.es\/fr\/wp-json\/wp\/v2\/color?post=13017"}],"curies":[{"name":"wp","href":"https:\/\/api.w.org\/{rel}","templated":true}]}}