{"id":12894,"date":"2024-09-17T15:35:20","date_gmt":"2024-09-17T13:35:20","guid":{"rendered":"https:\/\/www.valaz.es\/?post_type=product&#038;p=12894"},"modified":"2025-09-05T20:54:32","modified_gmt":"2025-09-05T18:54:32","slug":"ducha-empotrada-monomando-redonda-acabado-maneta-luxury-cromado-a-pared-serie-ofin","status":"publish","type":"product","link":"https:\/\/www.valaz.es\/fr\/produit\/ducha-empotrada-monomando-redonda-acabado-maneta-luxury-cromado-a-pared-serie-ofin\/","title":{"rendered":"Ducha empotrada monomando redonda acabado maneta luxury cromado a pared &#8211; Serie Ofin"},"content":{"rendered":"<p class=\"\" data-start=\"90\" data-end=\"437\">Ducha empotrada monomando con un acabado cromado, ideal para darle a tu ba\u00f1o un toque moderno y elegante. El sistema cuenta con un rociador de efecto lluvia y una alcachofa de mano, ofreciendo dos opciones de ducha para adaptarse a tus necesidades. Su dise\u00f1o compacto y funcional garantiza una instalaci\u00f3n f\u00e1cil y un uso c\u00f3modo.<\/p>\n<p class=\"\" data-start=\"439\" data-end=\"462\"><strong data-start=\"439\" data-end=\"460\">Especificaciones:<\/strong><\/p>\n<ul data-start=\"463\" data-end=\"794\">\n<li class=\"\" data-start=\"463\" data-end=\"549\">\n<p class=\"\" data-start=\"465\" data-end=\"549\"><strong data-start=\"465\" data-end=\"483\">Tipo de grifo:<\/strong> Monomando, 2 v\u00edas (rociador efecto lluvia y alcachofa de mano).<\/p>\n<\/li>\n<li class=\"\" data-start=\"550\" data-end=\"696\">\n<p class=\"\" data-start=\"552\" data-end=\"569\"><strong data-start=\"552\" data-end=\"567\">Materiales:<\/strong><\/p>\n<ul data-start=\"572\" data-end=\"696\">\n<li class=\"\" data-start=\"572\" data-end=\"605\">\n<p class=\"\" data-start=\"574\" data-end=\"605\">Rociador de acero inoxidable.<\/p>\n<\/li>\n<li class=\"\" data-start=\"608\" data-end=\"631\">\n<p class=\"\" data-start=\"610\" data-end=\"631\">Monomando de lat\u00f3n.<\/p>\n<\/li>\n<li class=\"\" data-start=\"634\" data-end=\"663\">\n<p class=\"\" data-start=\"636\" data-end=\"663\">Alcachofa de mano de PVC.<\/p>\n<\/li>\n<li class=\"\" data-start=\"666\" data-end=\"696\">\n<p class=\"\" data-start=\"668\" data-end=\"696\">Flexo de acero inoxidable.<\/p>\n<\/li>\n<\/ul>\n<\/li>\n<li class=\"\" data-start=\"697\" data-end=\"722\">\n<p class=\"\" data-start=\"699\" data-end=\"722\"><strong data-start=\"699\" data-end=\"711\">Acabado:<\/strong> Cromado.<\/p>\n<\/li>\n<li class=\"\" data-start=\"723\" data-end=\"794\">\n<p class=\"\" data-start=\"725\" data-end=\"741\"><strong data-start=\"725\" data-end=\"739\">Funciones:<\/strong><\/p>\n<ul data-start=\"744\" data-end=\"794\">\n<li class=\"\" data-start=\"744\" data-end=\"771\">\n<p class=\"\" data-start=\"746\" data-end=\"771\">Rociador efecto lluvia.<\/p>\n<\/li>\n<li class=\"\" data-start=\"774\" data-end=\"794\">\n<p class=\"\" data-start=\"776\" data-end=\"794\">Alcachofa de mano.<\/p>\n<\/li>\n<\/ul>\n<\/li>\n<\/ul>\n<p class=\"\" data-start=\"796\" data-end=\"810\"><strong data-start=\"796\" data-end=\"808\">Incluye:<\/strong><\/p>\n<ul data-start=\"811\" data-end=\"994\">\n<li class=\"\" data-start=\"811\" data-end=\"884\">\n<p class=\"\" data-start=\"813\" data-end=\"884\">Rociador (disponible en tama\u00f1os de 20, 25 y 30 cm) con soporte a pared.<\/p>\n<\/li>\n<li class=\"\" data-start=\"885\" data-end=\"940\">\n<p class=\"\" data-start=\"887\" data-end=\"940\">Monomando de 2 v\u00edas (rociador y alcachofa de mano).<\/p>\n<\/li>\n<li class=\"\" data-start=\"941\" data-end=\"961\">\n<p class=\"\" data-start=\"943\" data-end=\"961\">Flexo de 150 cm.<\/p>\n<\/li>\n<li class=\"\" data-start=\"962\" data-end=\"994\">\n<p class=\"\" data-start=\"964\" data-end=\"994\">Alcachofa de mano con soporte.<\/p>\n<\/li>\n<li data-start=\"962\" data-end=\"994\">Caja box empotrable<\/li>\n<\/ul>\n<p class=\"\" data-start=\"996\" data-end=\"1123\">Una opci\u00f3n vers\u00e1til y de f\u00e1cil mantenimiento para quienes desean mejorar la experiencia de su ba\u00f1o con un dise\u00f1o contempor\u00e1neo.<\/p>\n","protected":false},"excerpt":{"rendered":"<p>Ducha empotrada monomando con un acabado cromado, ideal para darle  [&#8230;]<\/p>\n","protected":false},"featured_media":13204,"template":"","meta":[],"product_brand":[],"product_cat":[57],"product_tag":[],"serie":[401],"manual-de-instalacion":[78],"color":[26],"class_list":{"0":"post-12894","1":"product","2":"type-product","3":"status-publish","4":"has-post-thumbnail","6":"product_cat-duchas-empotradas","7":"pa_tamano-rociador-20cm","8":"pa_tamano-rociador-25cm","9":"pa_tamano-rociador-30cm","10":"serie-ofin","11":"manual-de-instalacion-guia-instalacion-duchas-empotradas-monomando","12":"color-cromo","14":"first","15":"instock","16":"taxable","17":"shipping-taxable","18":"product-type-variable"},"_links":{"self":[{"href":"https:\/\/www.valaz.es\/fr\/wp-json\/wp\/v2\/product\/12894","targetHints":{"allow":["GET"]}}],"collection":[{"href":"https:\/\/www.valaz.es\/fr\/wp-json\/wp\/v2\/product"}],"about":[{"href":"https:\/\/www.valaz.es\/fr\/wp-json\/wp\/v2\/types\/product"}],"wp:featuredmedia":[{"embeddable":true,"href":"https:\/\/www.valaz.es\/fr\/wp-json\/wp\/v2\/media\/13204"}],"wp:attachment":[{"href":"https:\/\/www.valaz.es\/fr\/wp-json\/wp\/v2\/media?parent=12894"}],"wp:term":[{"taxonomy":"product_brand","embeddable":true,"href":"https:\/\/www.valaz.es\/fr\/wp-json\/wp\/v2\/product_brand?post=12894"},{"taxonomy":"product_cat","embeddable":true,"href":"https:\/\/www.valaz.es\/fr\/wp-json\/wp\/v2\/product_cat?post=12894"},{"taxonomy":"product_tag","embeddable":true,"href":"https:\/\/www.valaz.es\/fr\/wp-json\/wp\/v2\/product_tag?post=12894"},{"taxonomy":"serie","embeddable":true,"href":"https:\/\/www.valaz.es\/fr\/wp-json\/wp\/v2\/serie?post=12894"},{"taxonomy":"manual-de-instalacion","embeddable":true,"href":"https:\/\/www.valaz.es\/fr\/wp-json\/wp\/v2\/manual-de-instalacion?post=12894"},{"taxonomy":"color","embeddable":true,"href":"https:\/\/www.valaz.es\/fr\/wp-json\/wp\/v2\/color?post=12894"}],"curies":[{"name":"wp","href":"https:\/\/api.w.org\/{rel}","templated":true}]}}