{"id":12851,"date":"2024-09-17T15:37:16","date_gmt":"2024-09-17T13:37:16","guid":{"rendered":"https:\/\/www.valaz.es\/?post_type=product&#038;p=12851"},"modified":"2026-04-27T11:27:45","modified_gmt":"2026-04-27T09:27:45","slug":"grifo-de-bidet-empotrado-redondo-negro-mate-acabado-maneta-luxury-serie-torina","status":"publish","type":"product","link":"https:\/\/www.valaz.es\/fr\/produit\/grifo-de-bidet-empotrado-redondo-negro-mate-acabado-maneta-luxury-serie-torina\/","title":{"rendered":"Grifo de bidet empotrado redondo negro mate acabado maneta luxury &#8211; Serie Torina"},"content":{"rendered":"<p class=\"\" data-start=\"155\" data-end=\"585\">El <strong data-start=\"158\" data-end=\"242\">Grifo de bidet empotrado redondo negro mate acabado maneta luxury &#8211; Serie Torina<\/strong> es una pieza funcional y elegante para tu ba\u00f1o. Su dise\u00f1o redondo y acabado en negro mate, combinado con la maneta luxury, ofrece una est\u00e9tica moderna y sofisticada. Equipado con un cartucho cer\u00e1mico para un control preciso del agua, y un flexo de acero inoxidable de 150 cm, es la opci\u00f3n ideal para un bidet que combine durabilidad y estilo.<\/p>\n<h3 class=\"\" data-start=\"587\" data-end=\"614\"><strong data-start=\"591\" data-end=\"612\">Especificaciones:<\/strong><\/h3>\n<ul data-start=\"615\" data-end=\"941\">\n<li class=\"\" data-start=\"615\" data-end=\"722\">\n<p class=\"\" data-start=\"617\" data-end=\"634\"><strong data-start=\"617\" data-end=\"632\">Materiales:<\/strong><\/p>\n<ul data-start=\"637\" data-end=\"722\">\n<li class=\"\" data-start=\"637\" data-end=\"656\">\n<p class=\"\" data-start=\"639\" data-end=\"656\">Cuerpo de lat\u00f3n<\/p>\n<\/li>\n<li class=\"\" data-start=\"659\" data-end=\"680\">\n<p class=\"\" data-start=\"661\" data-end=\"680\">Cartucho cer\u00e1mico<\/p>\n<\/li>\n<li class=\"\" data-start=\"683\" data-end=\"722\">\n<p class=\"\" data-start=\"685\" data-end=\"722\">Flexo de PVC de 150 cm<\/p>\n<\/li>\n<\/ul>\n<\/li>\n<li class=\"\" data-start=\"724\" data-end=\"752\">\n<p class=\"\" data-start=\"726\" data-end=\"741\"><strong data-start=\"726\" data-end=\"739\">Conexi\u00f3n:<\/strong><\/p>\n<ul data-start=\"744\" data-end=\"752\">\n<li class=\"\" data-start=\"744\" data-end=\"752\">\n<p class=\"\" data-start=\"746\" data-end=\"752\">G1\/2<\/p>\n<\/li>\n<\/ul>\n<\/li>\n<li class=\"\" data-start=\"754\" data-end=\"790\">\n<p class=\"\" data-start=\"756\" data-end=\"770\"><strong data-start=\"756\" data-end=\"768\">Presi\u00f3n:<\/strong><\/p>\n<ul data-start=\"773\" data-end=\"790\">\n<li class=\"\" data-start=\"773\" data-end=\"790\">\n<p class=\"\" data-start=\"775\" data-end=\"790\">0.1 &#8211; 1.0 MPa<\/p>\n<\/li>\n<\/ul>\n<\/li>\n<li class=\"\" data-start=\"792\" data-end=\"843\">\n<p class=\"\" data-start=\"794\" data-end=\"808\"><strong data-start=\"794\" data-end=\"806\">Acabado:<\/strong><\/p>\n<ul data-start=\"884\" data-end=\"941\">\n<li class=\"\" data-start=\"811\" data-end=\"843\">\n<p class=\"\" data-start=\"813\" data-end=\"843\">Negro mate con maneta luxury<\/p>\n<\/li>\n<\/ul>\n<\/li>\n<li><strong>Incluye:<\/strong> cuerpo empotrable<\/li>\n<\/ul>\n","protected":false},"excerpt":{"rendered":"<p>El Grifo de bidet empotrado redondo negro mate acabado maneta  [&#8230;]<\/p>\n","protected":false},"featured_media":12937,"template":"","meta":[],"product_brand":[],"product_cat":[54,59],"product_tag":[],"serie":[397],"manual-de-instalacion":[88],"color":[27],"class_list":{"0":"post-12851","1":"product","2":"type-product","3":"status-publish","4":"has-post-thumbnail","6":"product_cat-grifos-de-bidet","7":"product_cat-grifos-de-bidet-empotrados","8":"serie-torina","9":"manual-de-instalacion-guia-instalacion-bide-empotrado","10":"color-negro-mate","12":"first","13":"instock","14":"taxable","15":"shipping-taxable","16":"product-type-simple"},"_links":{"self":[{"href":"https:\/\/www.valaz.es\/fr\/wp-json\/wp\/v2\/product\/12851","targetHints":{"allow":["GET"]}}],"collection":[{"href":"https:\/\/www.valaz.es\/fr\/wp-json\/wp\/v2\/product"}],"about":[{"href":"https:\/\/www.valaz.es\/fr\/wp-json\/wp\/v2\/types\/product"}],"wp:featuredmedia":[{"embeddable":true,"href":"https:\/\/www.valaz.es\/fr\/wp-json\/wp\/v2\/media\/12937"}],"wp:attachment":[{"href":"https:\/\/www.valaz.es\/fr\/wp-json\/wp\/v2\/media?parent=12851"}],"wp:term":[{"taxonomy":"product_brand","embeddable":true,"href":"https:\/\/www.valaz.es\/fr\/wp-json\/wp\/v2\/product_brand?post=12851"},{"taxonomy":"product_cat","embeddable":true,"href":"https:\/\/www.valaz.es\/fr\/wp-json\/wp\/v2\/product_cat?post=12851"},{"taxonomy":"product_tag","embeddable":true,"href":"https:\/\/www.valaz.es\/fr\/wp-json\/wp\/v2\/product_tag?post=12851"},{"taxonomy":"serie","embeddable":true,"href":"https:\/\/www.valaz.es\/fr\/wp-json\/wp\/v2\/serie?post=12851"},{"taxonomy":"manual-de-instalacion","embeddable":true,"href":"https:\/\/www.valaz.es\/fr\/wp-json\/wp\/v2\/manual-de-instalacion?post=12851"},{"taxonomy":"color","embeddable":true,"href":"https:\/\/www.valaz.es\/fr\/wp-json\/wp\/v2\/color?post=12851"}],"curies":[{"name":"wp","href":"https:\/\/api.w.org\/{rel}","templated":true}]}}