{"id":12657,"date":"2024-08-27T10:13:10","date_gmt":"2024-08-27T08:13:10","guid":{"rendered":"https:\/\/www.valaz.es\/?post_type=product&#038;p=12657"},"modified":"2026-04-07T10:22:26","modified_gmt":"2026-04-07T08:22:26","slug":"grifo-de-banera-monomando-empotrada-oro-mate-con-proteccion-pvd-serie-jucar","status":"publish","type":"product","link":"https:\/\/www.valaz.es\/fr\/produit\/grifo-de-banera-monomando-empotrada-oro-mate-con-proteccion-pvd-serie-jucar\/","title":{"rendered":"Grifo de ba\u00f1era monomando empotrada oro mate con protecci\u00f3n PVD &#8211; Serie Jucar"},"content":{"rendered":"<p class=\"\" data-start=\"226\" data-end=\"580\">El grifo de ba\u00f1era monomando empotrado de la serie Jucar combina funcionalidad y elegancia con su acabado en oro mate y protecci\u00f3n PVD. Su dise\u00f1o ofrece dos v\u00edas de salida: alcachofa de mano y ca\u00f1o grifo. Ideal para quienes buscan una soluci\u00f3n estilizada y eficiente para su ba\u00f1era, asegurando comodidad y durabilidad en el uso diario.<\/p>\n<p class=\"\" data-start=\"582\" data-end=\"605\"><strong data-start=\"582\" data-end=\"603\">Especificaciones:<\/strong><\/p>\n<ul data-start=\"606\" data-end=\"970\">\n<li class=\"\" data-start=\"606\" data-end=\"701\">\n<p class=\"\" data-start=\"608\" data-end=\"701\"><strong data-start=\"608\" data-end=\"617\">Tipo:<\/strong> Grifo monomando de ba\u00f1era empotrado, 2 v\u00edas (alcachofa de mano, ca\u00f1o grifo 21 cm)<\/p>\n<\/li>\n<li class=\"\" data-start=\"702\" data-end=\"856\">\n<p class=\"\" data-start=\"704\" data-end=\"721\"><strong data-start=\"704\" data-end=\"719\">Materiales:<\/strong><\/p>\n<ul data-start=\"724\" data-end=\"856\">\n<li class=\"\" data-start=\"724\" data-end=\"746\">\n<p class=\"\" data-start=\"726\" data-end=\"746\">Monomando de lat\u00f3n<\/p>\n<\/li>\n<li class=\"\" data-start=\"749\" data-end=\"777\">\n<p class=\"\" data-start=\"751\" data-end=\"777\">Alcachofa de mano de PVC<\/p>\n<\/li>\n<li class=\"\" data-start=\"780\" data-end=\"819\">\n<p class=\"\" data-start=\"782\" data-end=\"819\">Flexo de PVC de 150 cm<\/p>\n<\/li>\n<li class=\"\" data-start=\"822\" data-end=\"856\">\n<p class=\"\" data-start=\"824\" data-end=\"856\">Ca\u00f1o de lat\u00f3n dorado cepillado<\/p>\n<\/li>\n<\/ul>\n<\/li>\n<li class=\"\" data-start=\"857\" data-end=\"901\">\n<p class=\"\" data-start=\"859\" data-end=\"901\"><strong data-start=\"859\" data-end=\"871\">Acabado:<\/strong> Oro mate con protecci\u00f3n PVD<\/p>\n<\/li>\n<li class=\"\" data-start=\"902\" data-end=\"970\">\n<p class=\"\" data-start=\"904\" data-end=\"970\"><strong data-start=\"904\" data-end=\"918\">Funciones:<\/strong> Salida de agua por alcachofa de mano y ca\u00f1o grifo<\/p>\n<\/li>\n<li data-start=\"902\" data-end=\"970\"><strong>Incluye:<\/strong> Caja box empotrable<\/li>\n<\/ul>\n","protected":false},"excerpt":{"rendered":"<p>El grifo de ba\u00f1era monomando empotrado de la serie Jucar  [&#8230;]<\/p>\n","protected":false},"featured_media":13351,"template":"","meta":[],"product_brand":[],"product_cat":[60,61],"product_tag":[],"serie":[56],"manual-de-instalacion":[78],"color":[350],"class_list":{"0":"post-12657","1":"product","2":"type-product","3":"status-publish","4":"has-post-thumbnail","6":"product_cat-griferia-de-banera","7":"product_cat-griferia-de-banera-empotrada","8":"serie-jucar","9":"manual-de-instalacion-guia-instalacion-duchas-empotradas-monomando","10":"color-oro-mate-cepillado","12":"first","13":"instock","14":"taxable","15":"shipping-taxable","16":"product-type-simple"},"_links":{"self":[{"href":"https:\/\/www.valaz.es\/fr\/wp-json\/wp\/v2\/product\/12657","targetHints":{"allow":["GET"]}}],"collection":[{"href":"https:\/\/www.valaz.es\/fr\/wp-json\/wp\/v2\/product"}],"about":[{"href":"https:\/\/www.valaz.es\/fr\/wp-json\/wp\/v2\/types\/product"}],"wp:featuredmedia":[{"embeddable":true,"href":"https:\/\/www.valaz.es\/fr\/wp-json\/wp\/v2\/media\/13351"}],"wp:attachment":[{"href":"https:\/\/www.valaz.es\/fr\/wp-json\/wp\/v2\/media?parent=12657"}],"wp:term":[{"taxonomy":"product_brand","embeddable":true,"href":"https:\/\/www.valaz.es\/fr\/wp-json\/wp\/v2\/product_brand?post=12657"},{"taxonomy":"product_cat","embeddable":true,"href":"https:\/\/www.valaz.es\/fr\/wp-json\/wp\/v2\/product_cat?post=12657"},{"taxonomy":"product_tag","embeddable":true,"href":"https:\/\/www.valaz.es\/fr\/wp-json\/wp\/v2\/product_tag?post=12657"},{"taxonomy":"serie","embeddable":true,"href":"https:\/\/www.valaz.es\/fr\/wp-json\/wp\/v2\/serie?post=12657"},{"taxonomy":"manual-de-instalacion","embeddable":true,"href":"https:\/\/www.valaz.es\/fr\/wp-json\/wp\/v2\/manual-de-instalacion?post=12657"},{"taxonomy":"color","embeddable":true,"href":"https:\/\/www.valaz.es\/fr\/wp-json\/wp\/v2\/color?post=12657"}],"curies":[{"name":"wp","href":"https:\/\/api.w.org\/{rel}","templated":true}]}}