{"id":12645,"date":"2024-08-27T09:46:26","date_gmt":"2024-08-27T07:46:26","guid":{"rendered":"https:\/\/www.valaz.es\/?post_type=product&#038;p=12645"},"modified":"2025-10-14T15:54:22","modified_gmt":"2025-10-14T13:54:22","slug":"ducha-empotrada-monomando-a-techo-redonda-oro-mate-con-proteccion-pvd-serie-jucar","status":"publish","type":"product","link":"https:\/\/www.valaz.es\/fr\/produit\/ducha-empotrada-monomando-a-techo-redonda-oro-mate-con-proteccion-pvd-serie-jucar\/","title":{"rendered":"Ducha empotrada monomando a techo redonda oro mate con protecci\u00f3n PVD &#8211; Serie Jucar"},"content":{"rendered":"<p class=\"\" data-start=\"238\" data-end=\"644\">La ducha empotrada monomando a techo de la serie Jucar es una opci\u00f3n de lujo para tu ba\u00f1o. Con un dise\u00f1o moderno y elegante en oro mate, ofrece un acabado sofisticado con protecci\u00f3n PVD. Esta ducha incluye un rociador de efecto lluvia, un monomando de 2 v\u00edas para alternar entre el rociador y la alcachofa de mano, y un flexo de 150 cm, brindando una experiencia de ducha \u00fanica y c\u00f3moda.<\/p>\n<p class=\"\" data-start=\"646\" data-end=\"669\"><strong data-start=\"646\" data-end=\"667\">Especificaciones:<\/strong><\/p>\n<ul data-start=\"670\" data-end=\"1103\">\n<li class=\"\" data-start=\"670\" data-end=\"770\">\n<p class=\"\" data-start=\"672\" data-end=\"770\"><strong data-start=\"672\" data-end=\"681\">Tipo:<\/strong> Ducha empotrada monomando a techo, 2 v\u00edas (rociador efecto lluvia y alcachofa de mano)<\/p>\n<\/li>\n<li class=\"\" data-start=\"771\" data-end=\"900\">\n<p class=\"\" data-start=\"773\" data-end=\"790\"><strong data-start=\"773\" data-end=\"788\">Materiales:<\/strong><\/p>\n<ul data-start=\"793\" data-end=\"900\">\n<li class=\"\" data-start=\"793\" data-end=\"825\">\n<p class=\"\" data-start=\"795\" data-end=\"825\">Rociador de acero inoxidable<\/p>\n<\/li>\n<li class=\"\" data-start=\"828\" data-end=\"850\">\n<p class=\"\" data-start=\"830\" data-end=\"850\">Monomando de lat\u00f3n<\/p>\n<\/li>\n<li class=\"\" data-start=\"853\" data-end=\"881\">\n<p class=\"\" data-start=\"855\" data-end=\"881\">Alcachofa de mano de PVC<\/p>\n<\/li>\n<li class=\"\" data-start=\"884\" data-end=\"900\">\n<p class=\"\" data-start=\"886\" data-end=\"900\">Flexo de PVC<\/p>\n<\/li>\n<\/ul>\n<\/li>\n<li class=\"\" data-start=\"901\" data-end=\"945\">\n<p class=\"\" data-start=\"903\" data-end=\"945\"><strong data-start=\"903\" data-end=\"915\">Acabado:<\/strong> Oro mate con protecci\u00f3n PVD<\/p>\n<\/li>\n<li class=\"\" data-start=\"946\" data-end=\"1040\">\n<p class=\"\" data-start=\"948\" data-end=\"964\"><strong data-start=\"948\" data-end=\"962\">Funciones:<\/strong><\/p>\n<ul data-start=\"967\" data-end=\"1040\">\n<li class=\"\" data-start=\"967\" data-end=\"997\">\n<p class=\"\" data-start=\"969\" data-end=\"997\">Efecto lluvia del rociador<\/p>\n<\/li>\n<li class=\"\" data-start=\"1000\" data-end=\"1040\">\n<p class=\"\" data-start=\"1002\" data-end=\"1040\">Salida de agua por alcachofa de mano<\/p>\n<\/li>\n<\/ul>\n<\/li>\n<li class=\"\" data-start=\"1041\" data-end=\"1103\">\n<p class=\"\" data-start=\"1043\" data-end=\"1103\"><strong data-start=\"1043\" data-end=\"1080\">Tama\u00f1os del rociador disponibles:<\/strong> 20 cm, 25 cm y 30 cm<\/p>\n<\/li>\n<li data-start=\"1041\" data-end=\"1103\"><strong>Incluye:<\/strong> Caja box empotrable<\/li>\n<\/ul>\n","protected":false},"excerpt":{"rendered":"<p>La ducha empotrada monomando a techo de la serie Jucar  [&#8230;]<\/p>\n","protected":false},"featured_media":13355,"template":"","meta":[],"product_brand":[],"product_cat":[57,47],"product_tag":[],"serie":[56],"manual-de-instalacion":[78],"color":[350],"class_list":{"0":"post-12645","1":"product","2":"type-product","3":"status-publish","4":"has-post-thumbnail","6":"product_cat-duchas-empotradas","7":"product_cat-duchas","8":"pa_tamano-rociador-20cm","9":"pa_tamano-rociador-25cm","10":"pa_tamano-rociador-30cm","11":"serie-jucar","12":"manual-de-instalacion-guia-instalacion-duchas-empotradas-monomando","13":"color-oro-mate-cepillado","15":"first","16":"instock","17":"taxable","18":"shipping-taxable","19":"product-type-variable"},"_links":{"self":[{"href":"https:\/\/www.valaz.es\/fr\/wp-json\/wp\/v2\/product\/12645","targetHints":{"allow":["GET"]}}],"collection":[{"href":"https:\/\/www.valaz.es\/fr\/wp-json\/wp\/v2\/product"}],"about":[{"href":"https:\/\/www.valaz.es\/fr\/wp-json\/wp\/v2\/types\/product"}],"wp:featuredmedia":[{"embeddable":true,"href":"https:\/\/www.valaz.es\/fr\/wp-json\/wp\/v2\/media\/13355"}],"wp:attachment":[{"href":"https:\/\/www.valaz.es\/fr\/wp-json\/wp\/v2\/media?parent=12645"}],"wp:term":[{"taxonomy":"product_brand","embeddable":true,"href":"https:\/\/www.valaz.es\/fr\/wp-json\/wp\/v2\/product_brand?post=12645"},{"taxonomy":"product_cat","embeddable":true,"href":"https:\/\/www.valaz.es\/fr\/wp-json\/wp\/v2\/product_cat?post=12645"},{"taxonomy":"product_tag","embeddable":true,"href":"https:\/\/www.valaz.es\/fr\/wp-json\/wp\/v2\/product_tag?post=12645"},{"taxonomy":"serie","embeddable":true,"href":"https:\/\/www.valaz.es\/fr\/wp-json\/wp\/v2\/serie?post=12645"},{"taxonomy":"manual-de-instalacion","embeddable":true,"href":"https:\/\/www.valaz.es\/fr\/wp-json\/wp\/v2\/manual-de-instalacion?post=12645"},{"taxonomy":"color","embeddable":true,"href":"https:\/\/www.valaz.es\/fr\/wp-json\/wp\/v2\/color?post=12645"}],"curies":[{"name":"wp","href":"https:\/\/api.w.org\/{rel}","templated":true}]}}