{"id":12620,"date":"2024-08-23T12:43:04","date_gmt":"2024-08-23T10:43:04","guid":{"rendered":"https:\/\/www.valaz.es\/?post_type=product&#038;p=12620"},"modified":"2026-03-23T07:19:01","modified_gmt":"2026-03-23T06:19:01","slug":"ducha-empotrada-redonda-a-pared-en-oro-mate-con-proteccion-pvd-serie-jucar","status":"publish","type":"product","link":"https:\/\/www.valaz.es\/fr\/produit\/ducha-empotrada-redonda-a-pared-en-oro-mate-con-proteccion-pvd-serie-jucar\/","title":{"rendered":"Ducha empotrada redonda a pared en oro mate con protecci\u00f3n PVD &#8211; Serie Jucar"},"content":{"rendered":"<p class=\"\" data-start=\"224\" data-end=\"659\">La ducha empotrada redonda a pared de la serie Jucar en oro mate con protecci\u00f3n PVD ofrece un dise\u00f1o moderno y elegante para tu ba\u00f1o. Con un rociador de efecto lluvia, un monomando de 2 v\u00edas para alternar entre el rociador y la alcachofa de mano, y un flexo de 150 cm, garantiza una experiencia de ducha lujosa y funcional. El acabado oro mate con protecci\u00f3n PVD asegura durabilidad y resistencia al paso del tiempo.<\/p>\n<p class=\"\" data-start=\"661\" data-end=\"684\"><strong data-start=\"661\" data-end=\"682\">Especificaciones:<\/strong><\/p>\n<ul data-start=\"685\" data-end=\"1131\">\n<li class=\"\" data-start=\"685\" data-end=\"785\">\n<p class=\"\" data-start=\"687\" data-end=\"785\"><strong data-start=\"687\" data-end=\"696\">Tipo:<\/strong> Ducha empotrada monomando a pared, 2 v\u00edas (rociador efecto lluvia y alcachofa de mano)<\/p>\n<\/li>\n<li class=\"\" data-start=\"786\" data-end=\"928\">\n<p class=\"\" data-start=\"788\" data-end=\"805\"><strong data-start=\"788\" data-end=\"803\">Materiales:<\/strong><\/p>\n<ul data-start=\"808\" data-end=\"928\">\n<li class=\"\" data-start=\"808\" data-end=\"840\">\n<p class=\"\" data-start=\"810\" data-end=\"840\">Rociador de acero inoxidable<\/p>\n<\/li>\n<li class=\"\" data-start=\"843\" data-end=\"865\">\n<p class=\"\" data-start=\"845\" data-end=\"865\">Monomando de lat\u00f3n<\/p>\n<\/li>\n<li class=\"\" data-start=\"868\" data-end=\"896\">\n<p class=\"\" data-start=\"870\" data-end=\"896\">Alcachofa de mano de PVC<\/p>\n<\/li>\n<li class=\"\" data-start=\"899\" data-end=\"928\">\n<p class=\"\" data-start=\"901\" data-end=\"928\">Flexo de acero inoxidable<\/p>\n<\/li>\n<\/ul>\n<\/li>\n<li class=\"\" data-start=\"929\" data-end=\"973\">\n<p class=\"\" data-start=\"931\" data-end=\"973\"><strong data-start=\"931\" data-end=\"943\">Acabado:<\/strong> Oro mate con protecci\u00f3n PVD<\/p>\n<\/li>\n<li class=\"\" data-start=\"974\" data-end=\"1068\">\n<p class=\"\" data-start=\"976\" data-end=\"992\"><strong data-start=\"976\" data-end=\"990\">Funciones:<\/strong><\/p>\n<ul data-start=\"995\" data-end=\"1068\">\n<li class=\"\" data-start=\"995\" data-end=\"1025\">\n<p class=\"\" data-start=\"997\" data-end=\"1025\">Efecto lluvia del rociador<\/p>\n<\/li>\n<li class=\"\" data-start=\"1028\" data-end=\"1068\">\n<p class=\"\" data-start=\"1030\" data-end=\"1068\">Salida de agua por alcachofa de mano<\/p>\n<\/li>\n<\/ul>\n<\/li>\n<li class=\"\" data-start=\"1069\" data-end=\"1131\">\n<p class=\"\" data-start=\"1071\" data-end=\"1131\"><strong data-start=\"1071\" data-end=\"1108\">Tama\u00f1os del rociador disponibles:<\/strong> 20 cm, 25 cm y 30 cm<\/p>\n<\/li>\n<\/ul>\n","protected":false},"excerpt":{"rendered":"<p>La ducha empotrada redonda a pared de la serie Jucar  [&#8230;]<\/p>\n","protected":false},"featured_media":13359,"template":"","meta":[],"product_brand":[],"product_cat":[57,47],"product_tag":[],"serie":[56],"manual-de-instalacion":[78],"color":[350],"class_list":{"0":"post-12620","1":"product","2":"type-product","3":"status-publish","4":"has-post-thumbnail","6":"product_cat-duchas-empotradas","7":"product_cat-duchas","8":"pa_tamano-rociador-20cm","9":"pa_tamano-rociador-25cm","10":"pa_tamano-rociador-30cm","11":"serie-jucar","12":"manual-de-instalacion-guia-instalacion-duchas-empotradas-monomando","13":"color-oro-mate-cepillado","15":"first","16":"instock","17":"taxable","18":"shipping-taxable","19":"product-type-variable"},"_links":{"self":[{"href":"https:\/\/www.valaz.es\/fr\/wp-json\/wp\/v2\/product\/12620","targetHints":{"allow":["GET"]}}],"collection":[{"href":"https:\/\/www.valaz.es\/fr\/wp-json\/wp\/v2\/product"}],"about":[{"href":"https:\/\/www.valaz.es\/fr\/wp-json\/wp\/v2\/types\/product"}],"wp:featuredmedia":[{"embeddable":true,"href":"https:\/\/www.valaz.es\/fr\/wp-json\/wp\/v2\/media\/13359"}],"wp:attachment":[{"href":"https:\/\/www.valaz.es\/fr\/wp-json\/wp\/v2\/media?parent=12620"}],"wp:term":[{"taxonomy":"product_brand","embeddable":true,"href":"https:\/\/www.valaz.es\/fr\/wp-json\/wp\/v2\/product_brand?post=12620"},{"taxonomy":"product_cat","embeddable":true,"href":"https:\/\/www.valaz.es\/fr\/wp-json\/wp\/v2\/product_cat?post=12620"},{"taxonomy":"product_tag","embeddable":true,"href":"https:\/\/www.valaz.es\/fr\/wp-json\/wp\/v2\/product_tag?post=12620"},{"taxonomy":"serie","embeddable":true,"href":"https:\/\/www.valaz.es\/fr\/wp-json\/wp\/v2\/serie?post=12620"},{"taxonomy":"manual-de-instalacion","embeddable":true,"href":"https:\/\/www.valaz.es\/fr\/wp-json\/wp\/v2\/manual-de-instalacion?post=12620"},{"taxonomy":"color","embeddable":true,"href":"https:\/\/www.valaz.es\/fr\/wp-json\/wp\/v2\/color?post=12620"}],"curies":[{"name":"wp","href":"https:\/\/api.w.org\/{rel}","templated":true}]}}