{"id":12596,"date":"2024-08-23T11:53:52","date_gmt":"2024-08-23T09:53:52","guid":{"rendered":"https:\/\/www.valaz.es\/?post_type=product&#038;p=12596"},"modified":"2026-03-26T16:23:09","modified_gmt":"2026-03-26T15:23:09","slug":"ducha-empotrada-monomando-1-via-redonda-a-pared-oro-mate-con-proteccion-pvd-serie-guadiana","status":"publish","type":"product","link":"https:\/\/www.valaz.es\/fr\/produit\/ducha-empotrada-monomando-1-via-redonda-a-pared-oro-mate-con-proteccion-pvd-serie-guadiana\/","title":{"rendered":"Ducha empotrada monomando 1 v\u00eda redonda a pared oro mate con protecci\u00f3n PVD &#8211; Serie Guadiana"},"content":{"rendered":"<p class=\"\" data-start=\"256\" data-end=\"719\">La ducha empotrada monomando de 1 v\u00eda redonda a pared de la serie Guadiana en acabado oro mate con protecci\u00f3n PVD es la opci\u00f3n perfecta para quienes buscan una ducha elegante y de alta calidad. Su dise\u00f1o minimalista, junto con la funcionalidad del monomando de 1 salida, ofrece comodidad y un control preciso del agua. El rociador est\u00e1 disponible en tama\u00f1os de 20, 25 y 30 cm, permitiendo elegir el tama\u00f1o que mejor se adapte a tus necesidades.<\/p>\n<p class=\"\" data-start=\"721\" data-end=\"744\"><strong data-start=\"721\" data-end=\"742\">Especificaciones:<\/strong><\/p>\n<ul data-start=\"745\" data-end=\"1029\">\n<li class=\"\" data-start=\"745\" data-end=\"790\">\n<p class=\"\" data-start=\"747\" data-end=\"790\"><strong data-start=\"747\" data-end=\"756\">Tipo:<\/strong> Ducha empotrada monomando 1 v\u00eda<\/p>\n<\/li>\n<li class=\"\" data-start=\"791\" data-end=\"835\">\n<p class=\"\" data-start=\"793\" data-end=\"835\"><strong data-start=\"793\" data-end=\"805\">Acabado:<\/strong> Oro mate con protecci\u00f3n PVD<\/p>\n<\/li>\n<li class=\"\" data-start=\"836\" data-end=\"890\">\n<p class=\"\" data-start=\"838\" data-end=\"890\"><strong data-start=\"838\" data-end=\"851\">Rociador:<\/strong> Disponible en tama\u00f1os 20, 25 y 30 cm<\/p>\n<\/li>\n<li class=\"\" data-start=\"891\" data-end=\"923\">\n<p class=\"\" data-start=\"893\" data-end=\"923\"><strong data-start=\"893\" data-end=\"904\">Salida:<\/strong> 1 salida de agua<\/p>\n<\/li>\n<li class=\"\" data-start=\"924\" data-end=\"949\">\n<p class=\"\" data-start=\"926\" data-end=\"949\"><strong data-start=\"926\" data-end=\"939\">Conexi\u00f3n:<\/strong> A pared<\/p>\n<\/li>\n<li class=\"\" data-start=\"950\" data-end=\"1029\">\n<p class=\"\" data-start=\"952\" data-end=\"969\"><strong data-start=\"952\" data-end=\"967\">Materiales:<\/strong><\/p>\n<ul data-start=\"972\" data-end=\"1029\">\n<li class=\"\" data-start=\"972\" data-end=\"1004\">\n<p class=\"\" data-start=\"974\" data-end=\"1004\">Rociador de acero inoxidable<\/p>\n<\/li>\n<li class=\"\" data-start=\"1007\" data-end=\"1029\">\n<p class=\"\" data-start=\"1009\" data-end=\"1029\">Monomando de lat\u00f3n<\/p>\n<\/li>\n<\/ul>\n<\/li>\n<li><strong>Incluye:<\/strong> Cuerpo empotrable<\/li>\n<\/ul>\n","protected":false},"excerpt":{"rendered":"<p>Serie Guadiana con l\u00edneas curvas y redondas, destacada por su sencillez y elegancia, una de nuestras series m\u00e1s minimalista y moderna. Disponemos de ducha empotrada tanto a pared como a techo, grifo de lavabo empotrado, grifo de bid\u00e9 empotrado. Es una de las series m\u00e1s completas en cuanto a productos con la mejor relaci\u00f3n calidad precio y unos acabados en cromado, dorado cepillado, negro mate, acero cepillado, Gun metal, dorado envejecido, blanco.<\/p>\n<p>La garant\u00eda de todos nuestros productos es de 3 a\u00f1os, para funcionamiento, duraci\u00f3n del esmaltado y anticorrosi\u00f3n.<\/p>\n<p>Recomendamos para un correcto mantenimiento de la grifer\u00eda y evitar el deterioro por el uso. Secar las gotas de agua con un pa\u00f1o suave despu\u00e9s del uso, evitando que se posen en la superficie y deterioran el acabado, no utilizar esponjas que puedan rayar la grifer\u00eda, utilizar limpiadores como vinagre limpieza, agua caliente y jab\u00f3n con pH neutro.<\/p>\n<p>Nuestro departamento\u00a0t\u00e9cnico\u00a0dispone de\u00a0gu\u00edas\u00a0de todos los\u00a0modelos\u00a0empotrados\u00a0que vendemos,\u00a0si tiene alguna duda con la\u00a0instalaci\u00f3n\u00a0contacte con nosotros mediante\u00a0tel\u00e9fono,\u00a0WhatsApp\u00a0o email dentro del horario laboral indicado en la web.<br \/>\nRecuerden que una vez instalado el cuerpo\u00a0empotrado\u00a0de la\u00a0grifer\u00eda\u00a0revisar de su correcto funcionamiento de paso de agua, comprobaci\u00f3n de cartuchos y corte de agua, si detecta alguna\u00a0anomal\u00eda\u00a0informe a nuestro\u00a0departamento\u00a0para darle una\u00a0soluci\u00f3n, no\u00a0contin\u00fae\u00a0con la\u00a0instalaci\u00f3n\u00a0de cerramiento de la pared.<\/p>\n","protected":false},"featured_media":20111,"template":"","meta":[],"product_brand":[],"product_cat":[57,47],"product_tag":[],"serie":[63],"manual-de-instalacion":[],"color":[350],"class_list":{"0":"post-12596","1":"product","2":"type-product","3":"status-publish","4":"has-post-thumbnail","6":"product_cat-duchas-empotradas","7":"product_cat-duchas","8":"pa_tamano-rociador-20cm","9":"pa_tamano-rociador-25cm","10":"pa_tamano-rociador-30cm","11":"serie-guadiana","12":"color-oro-mate-cepillado","14":"first","15":"instock","16":"taxable","17":"shipping-taxable","18":"product-type-variable"},"_links":{"self":[{"href":"https:\/\/www.valaz.es\/fr\/wp-json\/wp\/v2\/product\/12596","targetHints":{"allow":["GET"]}}],"collection":[{"href":"https:\/\/www.valaz.es\/fr\/wp-json\/wp\/v2\/product"}],"about":[{"href":"https:\/\/www.valaz.es\/fr\/wp-json\/wp\/v2\/types\/product"}],"wp:featuredmedia":[{"embeddable":true,"href":"https:\/\/www.valaz.es\/fr\/wp-json\/wp\/v2\/media\/20111"}],"wp:attachment":[{"href":"https:\/\/www.valaz.es\/fr\/wp-json\/wp\/v2\/media?parent=12596"}],"wp:term":[{"taxonomy":"product_brand","embeddable":true,"href":"https:\/\/www.valaz.es\/fr\/wp-json\/wp\/v2\/product_brand?post=12596"},{"taxonomy":"product_cat","embeddable":true,"href":"https:\/\/www.valaz.es\/fr\/wp-json\/wp\/v2\/product_cat?post=12596"},{"taxonomy":"product_tag","embeddable":true,"href":"https:\/\/www.valaz.es\/fr\/wp-json\/wp\/v2\/product_tag?post=12596"},{"taxonomy":"serie","embeddable":true,"href":"https:\/\/www.valaz.es\/fr\/wp-json\/wp\/v2\/serie?post=12596"},{"taxonomy":"manual-de-instalacion","embeddable":true,"href":"https:\/\/www.valaz.es\/fr\/wp-json\/wp\/v2\/manual-de-instalacion?post=12596"},{"taxonomy":"color","embeddable":true,"href":"https:\/\/www.valaz.es\/fr\/wp-json\/wp\/v2\/color?post=12596"}],"curies":[{"name":"wp","href":"https:\/\/api.w.org\/{rel}","templated":true}]}}