{"id":12587,"date":"2024-08-23T11:36:32","date_gmt":"2024-08-23T09:36:32","guid":{"rendered":"https:\/\/www.valaz.es\/?post_type=product&#038;p=12587"},"modified":"2026-04-16T15:28:24","modified_gmt":"2026-04-16T13:28:24","slug":"grifo-de-lavabo-redondo-oro-mate-con-proteccion-pvd-con-cano-21cm-serie-jucar","status":"publish","type":"product","link":"https:\/\/www.valaz.es\/fr\/produit\/grifo-de-lavabo-redondo-oro-mate-con-proteccion-pvd-con-cano-21cm-serie-jucar\/","title":{"rendered":"Grifo de lavabo redondo oro mate con protecci\u00f3n PVD con ca\u00f1o 21CM &#8211; Serie Jucar"},"content":{"rendered":"<p class=\"\" data-start=\"230\" data-end=\"733\">El grifo de lavabo redondo de la serie Jucar en acabado oro mate con protecci\u00f3n PVD combina elegancia y funcionalidad. Dise\u00f1ado para ofrecer un flujo de agua preciso y c\u00f3modo, este grifo es ideal para quienes buscan un acabado sofisticado y duradero. Con un ca\u00f1o de 21 cm y un cuerpo de lat\u00f3n de alta calidad, este grifo mezclador es perfecto para cualquier lavabo, garantizando una experiencia de uso c\u00f3moda y de calidad. Su caja empotrada facilita una instalaci\u00f3n limpia y ordenada.<\/p>\n<p class=\"\" data-start=\"735\" data-end=\"758\"><strong data-start=\"735\" data-end=\"756\">Especificaciones:<\/strong><\/p>\n<ul data-start=\"759\" data-end=\"1019\">\n<li class=\"\" data-start=\"759\" data-end=\"806\">\n<p class=\"\" data-start=\"761\" data-end=\"806\"><strong data-start=\"761\" data-end=\"770\">Tipo:<\/strong> Grifo de lavabo redondo monomando<\/p>\n<\/li>\n<li class=\"\" data-start=\"807\" data-end=\"851\">\n<p class=\"\" data-start=\"809\" data-end=\"851\"><strong data-start=\"809\" data-end=\"821\">Acabado:<\/strong> Oro mate con protecci\u00f3n PVD<\/p>\n<\/li>\n<li class=\"\" data-start=\"852\" data-end=\"871\">\n<p class=\"\" data-start=\"854\" data-end=\"871\"><strong data-start=\"854\" data-end=\"863\">Ca\u00f1o:<\/strong> 21 cm<\/p>\n<\/li>\n<li class=\"\" data-start=\"872\" data-end=\"923\">\n<p class=\"\" data-start=\"874\" data-end=\"923\"><strong data-start=\"874\" data-end=\"887\">Conexi\u00f3n:<\/strong> Mezclador de agua fr\u00eda y caliente<\/p>\n<\/li>\n<li class=\"\" data-start=\"924\" data-end=\"989\">\n<p class=\"\" data-start=\"926\" data-end=\"943\"><strong data-start=\"926\" data-end=\"941\">Materiales:<\/strong><\/p>\n<ul data-start=\"946\" data-end=\"989\">\n<li class=\"\" data-start=\"946\" data-end=\"965\">\n<p class=\"\" data-start=\"948\" data-end=\"965\">Cuerpo de lat\u00f3n<\/p>\n<\/li>\n<li class=\"\" data-start=\"968\" data-end=\"989\">\n<p class=\"\" data-start=\"970\" data-end=\"989\">Cartucho cer\u00e1mico<\/p>\n<\/li>\n<\/ul>\n<\/li>\n<li class=\"\" data-start=\"990\" data-end=\"1019\">\n<p class=\"\" data-start=\"992\" data-end=\"1019\"><strong data-start=\"992\" data-end=\"1004\">Incluye:<\/strong> Caja empotrada<\/p>\n<\/li>\n<\/ul>\n","protected":false},"excerpt":{"rendered":"<p>El grifo de lavabo redondo de la serie Jucar en  [&#8230;]<\/p>\n","protected":false},"featured_media":480,"template":"","meta":[],"product_brand":[],"product_cat":[48,58],"product_tag":[],"serie":[56],"manual-de-instalacion":[80],"color":[350],"class_list":{"0":"post-12587","1":"product","2":"type-product","3":"status-publish","4":"has-post-thumbnail","6":"product_cat-grifos-de-lavabo","7":"product_cat-grifos-de-lavabo-empotrados","8":"serie-jucar","9":"manual-de-instalacion-guia-instalacion-grifo-lavabo-empotrado-con-caja","10":"color-oro-mate-cepillado","12":"first","13":"instock","14":"taxable","15":"shipping-taxable","16":"product-type-simple"},"_links":{"self":[{"href":"https:\/\/www.valaz.es\/fr\/wp-json\/wp\/v2\/product\/12587","targetHints":{"allow":["GET"]}}],"collection":[{"href":"https:\/\/www.valaz.es\/fr\/wp-json\/wp\/v2\/product"}],"about":[{"href":"https:\/\/www.valaz.es\/fr\/wp-json\/wp\/v2\/types\/product"}],"wp:featuredmedia":[{"embeddable":true,"href":"https:\/\/www.valaz.es\/fr\/wp-json\/wp\/v2\/media\/480"}],"wp:attachment":[{"href":"https:\/\/www.valaz.es\/fr\/wp-json\/wp\/v2\/media?parent=12587"}],"wp:term":[{"taxonomy":"product_brand","embeddable":true,"href":"https:\/\/www.valaz.es\/fr\/wp-json\/wp\/v2\/product_brand?post=12587"},{"taxonomy":"product_cat","embeddable":true,"href":"https:\/\/www.valaz.es\/fr\/wp-json\/wp\/v2\/product_cat?post=12587"},{"taxonomy":"product_tag","embeddable":true,"href":"https:\/\/www.valaz.es\/fr\/wp-json\/wp\/v2\/product_tag?post=12587"},{"taxonomy":"serie","embeddable":true,"href":"https:\/\/www.valaz.es\/fr\/wp-json\/wp\/v2\/serie?post=12587"},{"taxonomy":"manual-de-instalacion","embeddable":true,"href":"https:\/\/www.valaz.es\/fr\/wp-json\/wp\/v2\/manual-de-instalacion?post=12587"},{"taxonomy":"color","embeddable":true,"href":"https:\/\/www.valaz.es\/fr\/wp-json\/wp\/v2\/color?post=12587"}],"curies":[{"name":"wp","href":"https:\/\/api.w.org\/{rel}","templated":true}]}}