{"id":11895,"date":"2024-06-28T12:37:32","date_gmt":"2024-06-28T10:37:32","guid":{"rendered":"https:\/\/www.valaz.es\/?post_type=product&#038;p=11895"},"modified":"2025-09-02T17:18:06","modified_gmt":"2025-09-02T15:18:06","slug":"grifo-de-bide-monomando-cano-recto-acabado-maneta-luxury-oro-mate-con-proteccion-pvd-serie-casares","status":"publish","type":"product","link":"https:\/\/www.valaz.es\/fr\/produit\/grifo-de-bide-monomando-cano-recto-acabado-maneta-luxury-oro-mate-con-proteccion-pvd-serie-casares\/","title":{"rendered":"Grifo de bid\u00e9 monomando ca\u00f1o recto acabado maneta luxury oro mate con protecci\u00f3n PVD &#8211; Serie Casares"},"content":{"rendered":"<p class=\"\" data-start=\"106\" data-end=\"370\">El <strong data-start=\"128\" data-end=\"155\">grifo de bid\u00e9 monomando<\/strong> de la <strong data-start=\"162\" data-end=\"179\">Serie Casares<\/strong> en <strong data-start=\"183\" data-end=\"203\">acabado oro mate<\/strong> con <strong data-start=\"208\" data-end=\"226\">protecci\u00f3n PVD<\/strong> ofrece un dise\u00f1o moderno y elegante. Su <strong data-start=\"267\" data-end=\"281\" data-is-only-node=\"\">ca\u00f1o recto<\/strong> y <strong data-start=\"284\" data-end=\"301\">maneta luxury<\/strong> proporcionan un control preciso y una experiencia c\u00f3moda en el ba\u00f1o.<\/p>\n<p class=\"\" data-start=\"372\" data-end=\"395\"><strong data-start=\"372\" data-end=\"393\">Especificaciones:<\/strong><\/p>\n<ul data-start=\"396\" data-end=\"640\">\n<li class=\"\" data-start=\"396\" data-end=\"458\">\n<p class=\"\" data-start=\"398\" data-end=\"458\"><strong data-start=\"398\" data-end=\"411\">Material:<\/strong> Cuerpo de grifer\u00eda en <strong data-start=\"434\" data-end=\"456\">oro mate cepillado<\/strong><\/p>\n<\/li>\n<li class=\"\" data-start=\"459\" data-end=\"507\">\n<p class=\"\" data-start=\"461\" data-end=\"507\"><strong data-start=\"461\" data-end=\"474\">Cartucho:<\/strong> Cartucho cer\u00e1mico de <strong data-start=\"496\" data-end=\"505\">35 mm<\/strong><\/p>\n<\/li>\n<li class=\"\" data-start=\"508\" data-end=\"555\">\n<p class=\"\" data-start=\"510\" data-end=\"555\"><strong data-start=\"510\" data-end=\"523\">Conexi\u00f3n:<\/strong> Latiguillos <strong data-start=\"536\" data-end=\"543\">3\/8<\/strong> incluidos<\/p>\n<\/li>\n<li class=\"\" data-start=\"556\" data-end=\"640\">\n<p class=\"\" data-start=\"558\" data-end=\"640\"><strong data-start=\"558\" data-end=\"569\">Dise\u00f1o:<\/strong> Ca\u00f1o recto con maneta luxury para un flujo de agua c\u00f3modo y controlado<\/p>\n<\/li>\n<\/ul>\n","protected":false},"excerpt":{"rendered":"<p>El grifo de bid\u00e9 monomando de la Serie Casares en  [&#8230;]<\/p>\n","protected":false},"featured_media":12113,"template":"","meta":[],"product_brand":[],"product_cat":[54],"product_tag":[],"serie":[398],"manual-de-instalacion":[83],"color":[350],"class_list":{"0":"post-11895","1":"product","2":"type-product","3":"status-publish","4":"has-post-thumbnail","6":"product_cat-grifos-de-bidet","7":"serie-casares","8":"manual-de-instalacion-guia-instalacion-grifo-superficie","9":"color-oro-mate-cepillado","11":"first","12":"instock","13":"taxable","14":"shipping-taxable","15":"product-type-simple"},"_links":{"self":[{"href":"https:\/\/www.valaz.es\/fr\/wp-json\/wp\/v2\/product\/11895","targetHints":{"allow":["GET"]}}],"collection":[{"href":"https:\/\/www.valaz.es\/fr\/wp-json\/wp\/v2\/product"}],"about":[{"href":"https:\/\/www.valaz.es\/fr\/wp-json\/wp\/v2\/types\/product"}],"wp:featuredmedia":[{"embeddable":true,"href":"https:\/\/www.valaz.es\/fr\/wp-json\/wp\/v2\/media\/12113"}],"wp:attachment":[{"href":"https:\/\/www.valaz.es\/fr\/wp-json\/wp\/v2\/media?parent=11895"}],"wp:term":[{"taxonomy":"product_brand","embeddable":true,"href":"https:\/\/www.valaz.es\/fr\/wp-json\/wp\/v2\/product_brand?post=11895"},{"taxonomy":"product_cat","embeddable":true,"href":"https:\/\/www.valaz.es\/fr\/wp-json\/wp\/v2\/product_cat?post=11895"},{"taxonomy":"product_tag","embeddable":true,"href":"https:\/\/www.valaz.es\/fr\/wp-json\/wp\/v2\/product_tag?post=11895"},{"taxonomy":"serie","embeddable":true,"href":"https:\/\/www.valaz.es\/fr\/wp-json\/wp\/v2\/serie?post=11895"},{"taxonomy":"manual-de-instalacion","embeddable":true,"href":"https:\/\/www.valaz.es\/fr\/wp-json\/wp\/v2\/manual-de-instalacion?post=11895"},{"taxonomy":"color","embeddable":true,"href":"https:\/\/www.valaz.es\/fr\/wp-json\/wp\/v2\/color?post=11895"}],"curies":[{"name":"wp","href":"https:\/\/api.w.org\/{rel}","templated":true}]}}