{"id":11892,"date":"2024-12-16T15:45:41","date_gmt":"2024-12-16T14:45:41","guid":{"rendered":"https:\/\/www.valaz.es\/?post_type=product&#038;p=11892"},"modified":"2026-03-23T11:58:24","modified_gmt":"2026-03-23T10:58:24","slug":"grifo-de-banera-exenta-redondo-oro-mate-cepillado-con-proteccion-pvd-serie-ebro","status":"publish","type":"product","link":"https:\/\/www.valaz.es\/fr\/produit\/grifo-de-banera-exenta-redondo-oro-mate-cepillado-con-proteccion-pvd-serie-ebro\/","title":{"rendered":"Grifo de ba\u00f1era exenta redondo oro mate cepillado con protecci\u00f3n PVD &#8211; Serie Ebro"},"content":{"rendered":"<p class=\"\" data-start=\"87\" data-end=\"233\">Grifo de ba\u00f1era de pie con dise\u00f1o redondo y cascada en acabado oro mate cepillado. Ideal para ba\u00f1eras exentas, con un estilo moderno y elegante.<\/p>\n<h5 class=\"\" data-start=\"235\" data-end=\"260\">Especificaciones:<\/h5>\n<ul data-start=\"261\" data-end=\"470\" data-is-last-node=\"\" data-is-only-node=\"\">\n<li class=\"\" data-start=\"261\" data-end=\"305\">\n<p class=\"\" data-start=\"263\" data-end=\"305\"><strong data-start=\"263\" data-end=\"297\">Material del cuerpo del grifo:<\/strong> Lat\u00f3n<\/p>\n<\/li>\n<li class=\"\" data-start=\"306\" data-end=\"332\">\n<p class=\"\" data-start=\"308\" data-end=\"332\"><strong data-start=\"308\" data-end=\"321\">Cartucho:<\/strong> Cer\u00e1mico<\/p>\n<\/li>\n<li class=\"\" data-start=\"333\" data-end=\"394\">\n<p class=\"\" data-start=\"335\" data-end=\"394\"><strong data-start=\"335\" data-end=\"348\">Conexi\u00f3n:<\/strong> Agua caliente y fr\u00eda, con conector de 1\/2&#8221;<\/p>\n<\/li>\n<li class=\"\" data-start=\"395\" data-end=\"417\">\n<p class=\"\" data-start=\"397\" data-end=\"417\"><strong data-start=\"397\" data-end=\"408\">Altura:<\/strong> 101 cm<\/p>\n<\/li>\n<li class=\"\" data-start=\"418\" data-end=\"470\">\n<p class=\"\" data-start=\"420\" data-end=\"470\"><strong data-start=\"420\" data-end=\"432\">Acabado:<\/strong> Oro mate cepillado con protecci\u00f3n PVD<\/p>\n<\/li>\n<\/ul>\n","protected":false},"excerpt":{"rendered":"<p>Grifo de ba\u00f1era de pie con dise\u00f1o redondo y cascada  [&#8230;]<\/p>\n","protected":false},"featured_media":14697,"template":"","meta":[],"product_brand":[],"product_cat":[49],"product_tag":[],"serie":[24],"manual-de-instalacion":[84],"color":[350],"class_list":{"0":"post-11892","1":"product","2":"type-product","3":"status-publish","4":"has-post-thumbnail","6":"product_cat-grifos-de-banera-exenta","7":"serie-ebro","8":"manual-de-instalacion-guia-instalacion-grifo-exenta","9":"color-oro-mate-cepillado","11":"first","12":"outofstock","13":"taxable","14":"shipping-taxable","15":"product-type-simple"},"_links":{"self":[{"href":"https:\/\/www.valaz.es\/fr\/wp-json\/wp\/v2\/product\/11892","targetHints":{"allow":["GET"]}}],"collection":[{"href":"https:\/\/www.valaz.es\/fr\/wp-json\/wp\/v2\/product"}],"about":[{"href":"https:\/\/www.valaz.es\/fr\/wp-json\/wp\/v2\/types\/product"}],"wp:featuredmedia":[{"embeddable":true,"href":"https:\/\/www.valaz.es\/fr\/wp-json\/wp\/v2\/media\/14697"}],"wp:attachment":[{"href":"https:\/\/www.valaz.es\/fr\/wp-json\/wp\/v2\/media?parent=11892"}],"wp:term":[{"taxonomy":"product_brand","embeddable":true,"href":"https:\/\/www.valaz.es\/fr\/wp-json\/wp\/v2\/product_brand?post=11892"},{"taxonomy":"product_cat","embeddable":true,"href":"https:\/\/www.valaz.es\/fr\/wp-json\/wp\/v2\/product_cat?post=11892"},{"taxonomy":"product_tag","embeddable":true,"href":"https:\/\/www.valaz.es\/fr\/wp-json\/wp\/v2\/product_tag?post=11892"},{"taxonomy":"serie","embeddable":true,"href":"https:\/\/www.valaz.es\/fr\/wp-json\/wp\/v2\/serie?post=11892"},{"taxonomy":"manual-de-instalacion","embeddable":true,"href":"https:\/\/www.valaz.es\/fr\/wp-json\/wp\/v2\/manual-de-instalacion?post=11892"},{"taxonomy":"color","embeddable":true,"href":"https:\/\/www.valaz.es\/fr\/wp-json\/wp\/v2\/color?post=11892"}],"curies":[{"name":"wp","href":"https:\/\/api.w.org\/{rel}","templated":true}]}}